{"id":151033,"date":"2021-01-15T11:58:55","date_gmt":"2021-01-15T11:58:55","guid":{"rendered":"https:\/\/codengine3.ch\/?product=import-placeholder-for-202522"},"modified":"2021-01-15T12:36:59","modified_gmt":"2021-01-15T12:36:59","slug":"l-affaire-du-k2","status":"publish","type":"product","link":"https:\/\/pizbube.ch\/en\/shop\/l-affaire-du-k2\/","title":{"rendered":"L&#8216; affaire du K2"},"content":{"rendered":"<p>Dans &#8218;K2, histoire d&#8217;un cas&#8216;, il apporte les preuves irr\u00e9futables que la<br \/>\nv\u00e9rit\u00e9 a toujours \u00e9t\u00e9 de son c\u00f4t\u00e9 et que d&#8217;une mani\u00e8re ou d&#8217;une autre,<br \/>\ncertains l\u00e0-haut, \u00e0 plus de 8 000 m\u00e8tres, l&#8217;ont laiss\u00e9 dans un pi\u00e8ge, pr\u00eats \u00e0<br \/>\noublier la vie du jeune homme de 24 ans qu&#8217;il \u00e9tait.  <\/p>","protected":false},"excerpt":{"rendered":"<p>Dans &#8218;K2, histoire d&#8217;un cas&#8216;, il apporte les preuves irr\u00e9futables que la v\u00e9rit\u00e9 a toujours \u00e9t\u00e9 de son c\u00f4t\u00e9 et que d&#8217;une mani\u00e8re ou d&#8217;une autre, certains l\u00e0-haut, \u00e0 plus de 8 000 m\u00e8tres, l&#8217;ont laiss\u00e9 dans un pi\u00e8ge, pr\u00eats \u00e0 oublier la vie du jeune homme de 24 ans qu&#8217;il \u00e9tait.<\/p>","protected":false},"featured_media":29922,"template":"","meta":[],"product_brand":[],"product_cat":[21542],"product_tag":[],"class_list":{"0":"post-151033","1":"product","2":"type-product","3":"status-publish","4":"has-post-thumbnail","6":"product_cat-sachbuecher-dokumentationen","7":"pa_autor-bonatti","8":"pa_erscheinungsjahr-22242","9":"pa_region-italien","10":"pa_sprache-fr","12":"first","13":"outofstock","14":"taxable","15":"shipping-taxable","16":"purchasable","17":"product-type-simple"},"_links":{"self":[{"href":"https:\/\/pizbube.ch\/en\/wp-json\/wp\/v2\/product\/151033","targetHints":{"allow":["GET"]}}],"collection":[{"href":"https:\/\/pizbube.ch\/en\/wp-json\/wp\/v2\/product"}],"about":[{"href":"https:\/\/pizbube.ch\/en\/wp-json\/wp\/v2\/types\/product"}],"wp:featuredmedia":[{"embeddable":true,"href":"https:\/\/pizbube.ch\/en\/wp-json\/wp\/v2\/media\/29922"}],"wp:attachment":[{"href":"https:\/\/pizbube.ch\/en\/wp-json\/wp\/v2\/media?parent=151033"}],"wp:term":[{"taxonomy":"product_brand","embeddable":true,"href":"https:\/\/pizbube.ch\/en\/wp-json\/wp\/v2\/product_brand?post=151033"},{"taxonomy":"product_cat","embeddable":true,"href":"https:\/\/pizbube.ch\/en\/wp-json\/wp\/v2\/product_cat?post=151033"},{"taxonomy":"product_tag","embeddable":true,"href":"https:\/\/pizbube.ch\/en\/wp-json\/wp\/v2\/product_tag?post=151033"}],"curies":[{"name":"wp","href":"https:\/\/api.w.org\/{rel}","templated":true}]}}