{"id":151037,"date":"2021-01-15T11:59:00","date_gmt":"2021-01-15T11:59:00","guid":{"rendered":"https:\/\/codengine3.ch\/?product=import-placeholder-for-205102"},"modified":"2021-01-15T14:38:41","modified_gmt":"2021-01-15T14:38:41","slug":"freeriding","status":"publish","type":"product","link":"https:\/\/pizbube.ch\/en\/shop\/freeriding\/","title":{"rendered":"Freeriding"},"content":{"rendered":"<p>Auf dem Weg zum Tiefschneegl\u00fcck<br \/>\nFreeriding geh\u00f6rt zu den K\u00f6nigsdisziplinen des Bergsports. Das vorliegende<br \/>\nBuch beschreibt reich bebildert und ausf\u00fchrlich z. B. moderne Fahrtechniken<br \/>\nf\u00fcr unterschiedliche Schneearten, die notwendige Ausr\u00fcstung, das<br \/>\nRisikomanagement f\u00fcr Einsteiger und Profis und die Versch\u00fcttetensuche in allen<br \/>\nVariationen mit den am Markt befindlichen Ger\u00e4ten. Selbstverst\u00e4ndlich dient es<br \/>\nauch als Nachschlagewerk f\u00fcr alle technischen und inhaltlichen Fragen rund um<br \/>\ndas Thema Freeriden.<br \/>\n192 Seiten, ca. 160 Abbildungen, Format 16,5 x 23,5 cm, Broschur mit<br \/>\nFadenheftung  <\/p>","protected":false},"excerpt":{"rendered":"<p>Auf dem Weg zum Tiefschneegl\u00fcck Freeriding geh\u00f6rt zu den K\u00f6nigsdisziplinen des Bergsports. Das vorliegende Buch beschreibt reich bebildert und ausf\u00fchrlich z. B. moderne Fahrtechniken f\u00fcr unterschiedliche Schneearten, die notwendige Ausr\u00fcstung, das Risikomanagement f\u00fcr Einsteiger und Profis und die Versch\u00fcttetensuche in allen Variationen mit den am Markt befindlichen Ger\u00e4ten. Selbstverst\u00e4ndlich dient es auch als Nachschlagewerk f\u00fcr [&#8230;]\n","protected":false},"featured_media":33712,"template":"","meta":[],"product_brand":[],"product_cat":[21538],"product_tag":[],"class_list":{"0":"post-151037","1":"product","2":"type-product","3":"status-publish","4":"has-post-thumbnail","6":"product_cat-lehrbuecher","7":"pa_autor-geyer-pohl-schellhammer-sojer","8":"pa_erscheinungsjahr-21842","9":"pa_region-alpin-winter","10":"pa_sprache-de","12":"first","13":"instock","14":"taxable","15":"shipping-taxable","16":"purchasable","17":"product-type-simple"},"_links":{"self":[{"href":"https:\/\/pizbube.ch\/en\/wp-json\/wp\/v2\/product\/151037","targetHints":{"allow":["GET"]}}],"collection":[{"href":"https:\/\/pizbube.ch\/en\/wp-json\/wp\/v2\/product"}],"about":[{"href":"https:\/\/pizbube.ch\/en\/wp-json\/wp\/v2\/types\/product"}],"wp:featuredmedia":[{"embeddable":true,"href":"https:\/\/pizbube.ch\/en\/wp-json\/wp\/v2\/media\/33712"}],"wp:attachment":[{"href":"https:\/\/pizbube.ch\/en\/wp-json\/wp\/v2\/media?parent=151037"}],"wp:term":[{"taxonomy":"product_brand","embeddable":true,"href":"https:\/\/pizbube.ch\/en\/wp-json\/wp\/v2\/product_brand?post=151037"},{"taxonomy":"product_cat","embeddable":true,"href":"https:\/\/pizbube.ch\/en\/wp-json\/wp\/v2\/product_cat?post=151037"},{"taxonomy":"product_tag","embeddable":true,"href":"https:\/\/pizbube.ch\/en\/wp-json\/wp\/v2\/product_tag?post=151037"}],"curies":[{"name":"wp","href":"https:\/\/api.w.org\/{rel}","templated":true}]}}