{"id":151039,"date":"2021-01-15T11:59:00","date_gmt":"2021-01-15T11:59:00","guid":{"rendered":"https:\/\/codengine3.ch\/?product=import-placeholder-for-208236"},"modified":"2021-01-15T17:51:46","modified_gmt":"2021-01-15T17:51:46","slug":"powderguide-free-ski-wissen-fuer-die-berge","status":"publish","type":"product","link":"https:\/\/pizbube.ch\/en\/shop\/powderguide-free-ski-wissen-fuer-die-berge\/","title":{"rendered":"Powderguide Free Ski &#8211; Wissen f\u00fcr die Berge"},"content":{"rendered":"<p>Ich erinnere mich immer noch an all die Fragen, die ich hatte, als ich anfing<br \/>\nVollzeit-Skifahrer zu sein. Mit meinem Wissen von heute ist dies das Buch, das<br \/>\nich mir gew\u00fcnscht h\u00e4tte, damals zu haben. So Jimmy Od\u00e9n, der Autor dieses<br \/>\nau\u00dfergew\u00f6hnlichen Buches. Das Ergebnis seiner jahrzehntelangen Skiing-all-<br \/>\nyear-Erfahrung als Skiprofi in den Westalpen und seiner Kompetenz als<br \/>\nstaatlich gepr\u00fcfter Bergf\u00fchrer ist ein umfassendes, sehr pers\u00f6nliches und<br \/>\naufw\u00e4ndig gestaltetes Freeride-Lehrbuch, das bald als Geheimtipp in der<br \/>\nFreeride-Szene galt. Einziges Manko: dass es bislang nicht auf Deutsch<br \/>\nverf\u00fcgbar war. Dem wird nun abgeholfen!  <\/p>\n<p>\u00dcbersetzt von der Meteorologin, Ski- und Snowboardlehrerin und Powderguide-<br \/>\nAutorin Lea Hartl und herausgegeben von den Machern des erfolgreichen<br \/>\nPowderGuide-Projekts entstand diese fundierte, den neuesten Erkenntnissen und<br \/>\nEntwicklungen angepasste und inhaltlich erweiterte deutsche Erstausgabe.<br \/>\nDas Ergebnis kann sich sehen lassen: Es ist das einzige umfassende Lehrbuch<br \/>\nauf aktuellem Wissensstand, das alle Themenbereiche, die Freerider und<br \/>\nSkibergsteiger heute wissen m\u00fcssen, kompetent abdeckt. Durch die zahllosen,<br \/>\nau\u00dfergew\u00f6hnlichen Fotos, die den Reiz, aber auch die Gefahren der winterlichen<br \/>\nBergwelt wiedergeben, ist das Coffee Table taugliche Buch zugleich ein<br \/>\noptischer Genuss.<br \/>\n416 Seiten; m. 92 Fotos u. 406 Skizzen<\/p>","protected":false},"excerpt":{"rendered":"<p>Ich erinnere mich immer noch an all die Fragen, die ich hatte, als ich anfing Vollzeit-Skifahrer zu sein. Mit meinem Wissen von heute ist dies das Buch, das ich mir gew\u00fcnscht h\u00e4tte, damals zu haben. So Jimmy Od\u00e9n, der Autor dieses au\u00dfergew\u00f6hnlichen Buches. Das Ergebnis seiner jahrzehntelangen Skiing-all- year-Erfahrung als Skiprofi in den Westalpen und [&#8230;]\n","protected":false},"featured_media":39712,"template":"","meta":[],"product_brand":[],"product_cat":[21538],"product_tag":[],"class_list":{"0":"post-151039","1":"product","2":"type-product","3":"status-publish","4":"has-post-thumbnail","6":"product_cat-lehrbuecher","7":"pa_autor-oden","8":"pa_erscheinungsjahr-21550","9":"pa_region-alpin-winter","10":"pa_sprache-de","12":"first","13":"instock","14":"taxable","15":"shipping-taxable","16":"purchasable","17":"product-type-simple"},"_links":{"self":[{"href":"https:\/\/pizbube.ch\/en\/wp-json\/wp\/v2\/product\/151039","targetHints":{"allow":["GET"]}}],"collection":[{"href":"https:\/\/pizbube.ch\/en\/wp-json\/wp\/v2\/product"}],"about":[{"href":"https:\/\/pizbube.ch\/en\/wp-json\/wp\/v2\/types\/product"}],"wp:featuredmedia":[{"embeddable":true,"href":"https:\/\/pizbube.ch\/en\/wp-json\/wp\/v2\/media\/39712"}],"wp:attachment":[{"href":"https:\/\/pizbube.ch\/en\/wp-json\/wp\/v2\/media?parent=151039"}],"wp:term":[{"taxonomy":"product_brand","embeddable":true,"href":"https:\/\/pizbube.ch\/en\/wp-json\/wp\/v2\/product_brand?post=151039"},{"taxonomy":"product_cat","embeddable":true,"href":"https:\/\/pizbube.ch\/en\/wp-json\/wp\/v2\/product_cat?post=151039"},{"taxonomy":"product_tag","embeddable":true,"href":"https:\/\/pizbube.ch\/en\/wp-json\/wp\/v2\/product_tag?post=151039"}],"curies":[{"name":"wp","href":"https:\/\/api.w.org\/{rel}","templated":true}]}}