{"id":151040,"date":"2021-01-15T11:59:00","date_gmt":"2021-01-15T11:59:00","guid":{"rendered":"https:\/\/codengine3.ch\/?product=import-placeholder-for-201160"},"modified":"2021-01-15T11:59:03","modified_gmt":"2021-01-15T11:59:03","slug":"nie-zurueck","status":"publish","type":"product","link":"https:\/\/pizbube.ch\/en\/shop\/nie-zurueck\/","title":{"rendered":"Nie zur\u00fcck"},"content":{"rendered":"<p>Nordpol- S\u00fcdpol- Mount Everest: 3 Fluchtpunkte. Witzig, hintergr\u00fcndig und<br \/>\nselbstkritisch setzt sich der Grenzg\u00e4nger mit hundert Jahren Polareroberung<br \/>\nund H\u00f6henbergsteigen am Everest auseinander.<\/p>","protected":false},"excerpt":{"rendered":"<p>Nordpol- S\u00fcdpol- Mount Everest: 3 Fluchtpunkte. Witzig, hintergr\u00fcndig und selbstkritisch setzt sich der Grenzg\u00e4nger mit hundert Jahren Polareroberung und H\u00f6henbergsteigen am Everest auseinander.<\/p>","protected":false},"featured_media":28329,"template":"","meta":[],"product_brand":[],"product_cat":[21542],"product_tag":[],"class_list":{"0":"post-151040","1":"product","2":"type-product","3":"status-publish","4":"has-post-thumbnail","6":"product_cat-sachbuecher-dokumentationen","7":"pa_autor-messner","8":"pa_erscheinungsjahr-22133","9":"pa_region-arktis-antarktis-groenland-island","10":"pa_sprache-de","12":"first","13":"instock","14":"taxable","15":"shipping-taxable","16":"purchasable","17":"product-type-simple"},"_links":{"self":[{"href":"https:\/\/pizbube.ch\/en\/wp-json\/wp\/v2\/product\/151040","targetHints":{"allow":["GET"]}}],"collection":[{"href":"https:\/\/pizbube.ch\/en\/wp-json\/wp\/v2\/product"}],"about":[{"href":"https:\/\/pizbube.ch\/en\/wp-json\/wp\/v2\/types\/product"}],"wp:featuredmedia":[{"embeddable":true,"href":"https:\/\/pizbube.ch\/en\/wp-json\/wp\/v2\/media\/28329"}],"wp:attachment":[{"href":"https:\/\/pizbube.ch\/en\/wp-json\/wp\/v2\/media?parent=151040"}],"wp:term":[{"taxonomy":"product_brand","embeddable":true,"href":"https:\/\/pizbube.ch\/en\/wp-json\/wp\/v2\/product_brand?post=151040"},{"taxonomy":"product_cat","embeddable":true,"href":"https:\/\/pizbube.ch\/en\/wp-json\/wp\/v2\/product_cat?post=151040"},{"taxonomy":"product_tag","embeddable":true,"href":"https:\/\/pizbube.ch\/en\/wp-json\/wp\/v2\/product_tag?post=151040"}],"curies":[{"name":"wp","href":"https:\/\/api.w.org\/{rel}","templated":true}]}}