{"id":151042,"date":"2021-01-15T11:59:00","date_gmt":"2021-01-15T11:59:00","guid":{"rendered":"https:\/\/codengine3.ch\/?product=import-placeholder-for-204555"},"modified":"2024-10-12T14:00:07","modified_gmt":"2024-10-12T12:00:07","slug":"pol-hjalmar-johansens-hundejahre","status":"publish","type":"product","link":"https:\/\/pizbube.ch\/en\/shop\/pol-hjalmar-johansens-hundejahre\/","title":{"rendered":"Pol &#8211; Hjalmar Johansens Hundejahre"},"content":{"rendered":"<p>Er spielte eine Schl\u00fcsselrolle auf den Wettfahrten zu beiden Polen &#8211; und ist<br \/>\nheute ein Unbekannter: Hjalmar Johansen. W\u00e4hrend Fridtjof Nansen sich f\u00fcr<br \/>\nseinen Vorsto\u00df ans n\u00f6rdlichste Ende der Welt im Ruhm sonnte, Roald Amundsen<br \/>\nzum Eroberer des S\u00fcdpols aufstieg, blieb Johansen als dritter Mann im Abseits.<\/p>\n<p>Wer war der z\u00e4he Skisportler und zuverl\u00e4ssige Reisekamerad, dessen<br \/>\nHilfsbereitschaft sogar seine Expeditionsleiter blo\u00dfstellte? Mit Sympathie f\u00fcr<br \/>\nden Gescheiterten erz\u00e4hlt Reinhold Messner von nationalem Heldentum und der<br \/>\nTragik eines einzigartigen Abenteurerschicksals.<\/p>\n<p>Taschenbuchausgabe<\/p>","protected":false},"excerpt":{"rendered":"<p>Er spielte eine Schl\u00fcsselrolle auf den Wettfahrten zu beiden Polen &#8211; und ist heute ein Unbekannter: Hjalmar Johansen. W\u00e4hrend Fridtjof Nansen sich f\u00fcr seinen Vorsto\u00df ans n\u00f6rdlichste Ende der Welt im Ruhm sonnte, Roald Amundsen zum Eroberer des S\u00fcdpols aufstieg, blieb Johansen als dritter Mann im Abseits. Wer war der z\u00e4he Skisportler und zuverl\u00e4ssige Reisekamerad, [&#8230;]\n","protected":false},"featured_media":32642,"template":"","meta":[],"product_brand":[],"product_cat":[21542],"product_tag":[],"class_list":{"0":"post-151042","1":"product","2":"type-product","3":"status-publish","4":"has-post-thumbnail","6":"product_cat-sachbuecher-dokumentationen","7":"pa_autor-messner","8":"pa_erscheinungsjahr-21568","9":"pa_region-arktis-antarktis-groenland-island","10":"pa_sprache-de","12":"first","13":"onbackorder","14":"taxable","15":"shipping-taxable","16":"purchasable","17":"product-type-simple"},"_links":{"self":[{"href":"https:\/\/pizbube.ch\/en\/wp-json\/wp\/v2\/product\/151042","targetHints":{"allow":["GET"]}}],"collection":[{"href":"https:\/\/pizbube.ch\/en\/wp-json\/wp\/v2\/product"}],"about":[{"href":"https:\/\/pizbube.ch\/en\/wp-json\/wp\/v2\/types\/product"}],"wp:featuredmedia":[{"embeddable":true,"href":"https:\/\/pizbube.ch\/en\/wp-json\/wp\/v2\/media\/32642"}],"wp:attachment":[{"href":"https:\/\/pizbube.ch\/en\/wp-json\/wp\/v2\/media?parent=151042"}],"wp:term":[{"taxonomy":"product_brand","embeddable":true,"href":"https:\/\/pizbube.ch\/en\/wp-json\/wp\/v2\/product_brand?post=151042"},{"taxonomy":"product_cat","embeddable":true,"href":"https:\/\/pizbube.ch\/en\/wp-json\/wp\/v2\/product_cat?post=151042"},{"taxonomy":"product_tag","embeddable":true,"href":"https:\/\/pizbube.ch\/en\/wp-json\/wp\/v2\/product_tag?post=151042"}],"curies":[{"name":"wp","href":"https:\/\/api.w.org\/{rel}","templated":true}]}}