{"id":151043,"date":"2021-01-15T11:59:00","date_gmt":"2021-01-15T11:59:00","guid":{"rendered":"https:\/\/codengine3.ch\/?product=import-placeholder-for-201161"},"modified":"2021-01-15T11:59:03","modified_gmt":"2021-01-15T11:59:03","slug":"aus-liebe-zum-berg","status":"publish","type":"product","link":"https:\/\/pizbube.ch\/en\/shop\/aus-liebe-zum-berg\/","title":{"rendered":"Aus Liebe zum Berg"},"content":{"rendered":"<p>Die erste Frau auf der Nord- und S\u00fcdroute des Mount Everest. Nur wenige<br \/>\nMenschen haben den Mount Everest von beiden Seiten, der S\u00fcdseite \u00fcber Nepal<br \/>\nwie Edmund Hillary und von der anspruchsvolleren Nordseite, wie George Mallory<br \/>\nbestiegen. Die erste Frau, die es schaffte, war Cathy O&#8217;Dowd.<br \/>\n1996 packte sie den Gipfel von Nepal aus. Nur einen Tag sp\u00e4ter als die, durch<br \/>\nJon Krakauers In eisige H\u00f6hen bekannt gewordene Katastrophe, bei der sechs<br \/>\nKletterer ums Leben kamen, bezwingen Cathy und Ian Woodall, ihr Freund und<br \/>\nTeamleiter, den Gipfel.<br \/>\nZahlr. farb., s\/w. Fotos. 315 S.<\/p>","protected":false},"excerpt":{"rendered":"<p>Die erste Frau auf der Nord- und S\u00fcdroute des Mount Everest. Nur wenige Menschen haben den Mount Everest von beiden Seiten, der S\u00fcdseite \u00fcber Nepal wie Edmund Hillary und von der anspruchsvolleren Nordseite, wie George Mallory bestiegen. Die erste Frau, die es schaffte, war Cathy O&#8217;Dowd. 1996 packte sie den Gipfel von Nepal aus. Nur [&#8230;]\n","protected":false},"featured_media":28330,"template":"","meta":[],"product_brand":[],"product_cat":[21542],"product_tag":[],"class_list":{"0":"post-151043","1":"product","2":"type-product","3":"status-publish","4":"has-post-thumbnail","6":"product_cat-sachbuecher-dokumentationen","7":"pa_autor-odowd","8":"pa_erscheinungsjahr-21920","9":"pa_region-asien","10":"pa_sprache-de","12":"first","13":"instock","14":"taxable","15":"shipping-taxable","16":"purchasable","17":"product-type-simple"},"_links":{"self":[{"href":"https:\/\/pizbube.ch\/en\/wp-json\/wp\/v2\/product\/151043","targetHints":{"allow":["GET"]}}],"collection":[{"href":"https:\/\/pizbube.ch\/en\/wp-json\/wp\/v2\/product"}],"about":[{"href":"https:\/\/pizbube.ch\/en\/wp-json\/wp\/v2\/types\/product"}],"wp:featuredmedia":[{"embeddable":true,"href":"https:\/\/pizbube.ch\/en\/wp-json\/wp\/v2\/media\/28330"}],"wp:attachment":[{"href":"https:\/\/pizbube.ch\/en\/wp-json\/wp\/v2\/media?parent=151043"}],"wp:term":[{"taxonomy":"product_brand","embeddable":true,"href":"https:\/\/pizbube.ch\/en\/wp-json\/wp\/v2\/product_brand?post=151043"},{"taxonomy":"product_cat","embeddable":true,"href":"https:\/\/pizbube.ch\/en\/wp-json\/wp\/v2\/product_cat?post=151043"},{"taxonomy":"product_tag","embeddable":true,"href":"https:\/\/pizbube.ch\/en\/wp-json\/wp\/v2\/product_tag?post=151043"}],"curies":[{"name":"wp","href":"https:\/\/api.w.org\/{rel}","templated":true}]}}