{"id":151044,"date":"2021-01-15T11:59:00","date_gmt":"2021-01-15T11:59:00","guid":{"rendered":"https:\/\/codengine3.ch\/?product=import-placeholder-for-202040"},"modified":"2024-10-11T09:11:57","modified_gmt":"2024-10-11T07:11:57","slug":"in-eisige-hoehen","status":"publish","type":"product","link":"https:\/\/pizbube.ch\/en\/shop\/in-eisige-hoehen\/","title":{"rendered":"In eisige H\u00f6hen"},"content":{"rendered":"<p>Bericht der Everesttrag\u00f6die vom Mai 1996<\/p>\n<p>Im Mai 2006 j\u00e4hrt sich zum zehnten Mal die Trag\u00f6die in \u00fcber 8000 Meter H\u00f6he, die zw\u00f6lf Menschenleben kostete und eine wahre Lawine an Everest-B\u00fcchern lostrat. Jon Krakauers packende Reportage `In eisige H\u00f6hen` wurde zum Symbol erz\u00e4hlender Sachbuch-Bestseller, der Autor, der die Expedition begleitet und ihr fatales Scheitern hautnah miterlebt hatte, zum Inbegriff des bergsteigenden Schriftstellers, des reflektierenden Abenteurers.<\/p>\n<p>Sein Meisterwerk vermittelt eindrucksvoll die menschliche Dimension, prangert die Kommerzialisierung des Everest an und setzte damit eine Diskussion \u00fcber die Mi\u00dfst\u00e4nde des Extrembergsteigens in Gang, die bis heute anh\u00e4lt. Jetzt erscheint Krakauers Weltbestseller, der mit dem IMAX-Film `Gipfel ohne Gnade` auch auf deutsch ein Riesenerfolg wurde, in einer gr\u00fcndlich \u00fcberarbeiteten.<\/p>\n<p>Mit 33 Schwarzweissfotos; 400 Seiten<br \/>\n22. Auflage 2018<\/p>","protected":false},"excerpt":{"rendered":"<p>Bericht der Everesttrag\u00f6die vom Mai 1996 Im Mai 2006 j\u00e4hrt sich zum zehnten Mal die Trag\u00f6die in \u00fcber 8000 Meter H\u00f6he, die zw\u00f6lf Menschenleben kostete und eine wahre Lawine an Everest-B\u00fcchern lostrat. Jon Krakauers packende Reportage `In eisige H\u00f6hen` wurde zum Symbol erz\u00e4hlender Sachbuch-Bestseller, der Autor, der die Expedition begleitet und ihr fatales Scheitern hautnah [&#8230;]\n","protected":false},"featured_media":176681,"template":"","meta":[],"product_brand":[],"product_cat":[21542],"product_tag":[],"class_list":{"0":"post-151044","1":"product","2":"type-product","3":"status-publish","4":"has-post-thumbnail","6":"product_cat-sachbuecher-dokumentationen","7":"pa_autor-krakauer","8":"pa_erscheinungsjahr-21546","9":"pa_region-asien","10":"pa_sprache-de","12":"first","13":"instock","14":"taxable","15":"shipping-taxable","16":"purchasable","17":"product-type-simple"},"_links":{"self":[{"href":"https:\/\/pizbube.ch\/en\/wp-json\/wp\/v2\/product\/151044","targetHints":{"allow":["GET"]}}],"collection":[{"href":"https:\/\/pizbube.ch\/en\/wp-json\/wp\/v2\/product"}],"about":[{"href":"https:\/\/pizbube.ch\/en\/wp-json\/wp\/v2\/types\/product"}],"wp:featuredmedia":[{"embeddable":true,"href":"https:\/\/pizbube.ch\/en\/wp-json\/wp\/v2\/media\/176681"}],"wp:attachment":[{"href":"https:\/\/pizbube.ch\/en\/wp-json\/wp\/v2\/media?parent=151044"}],"wp:term":[{"taxonomy":"product_brand","embeddable":true,"href":"https:\/\/pizbube.ch\/en\/wp-json\/wp\/v2\/product_brand?post=151044"},{"taxonomy":"product_cat","embeddable":true,"href":"https:\/\/pizbube.ch\/en\/wp-json\/wp\/v2\/product_cat?post=151044"},{"taxonomy":"product_tag","embeddable":true,"href":"https:\/\/pizbube.ch\/en\/wp-json\/wp\/v2\/product_tag?post=151044"}],"curies":[{"name":"wp","href":"https:\/\/api.w.org\/{rel}","templated":true}]}}