{"id":151045,"date":"2021-01-15T11:59:00","date_gmt":"2021-01-15T11:59:00","guid":{"rendered":"https:\/\/codengine3.ch\/?product=import-placeholder-for-201162"},"modified":"2024-10-04T14:37:20","modified_gmt":"2024-10-04T12:37:20","slug":"der-weg","status":"publish","type":"product","link":"https:\/\/pizbube.ch\/en\/shop\/der-weg\/","title":{"rendered":"Der Weg"},"content":{"rendered":"<p>Vom Monte Rosa zum Mittelmeer &#8211; Grande Traversata delle Alpi<\/p>\n<p>DER WEG &#8211; VOM MONTE ROSA BIS ZUM MITTELMEER schildert eine f\u00fcnfzigt\u00e4gige Westalpentour \u00fcber 650 Kilometer Distanz: Die Grande Traversata delle Alpi(GTA) im Piemont nutzt historische Pfade: Sie beginnt am Fu\u00df des zweith\u00f6chsten europ\u00e4ischen Berges und endet in Ventimiglia. Gequert werden die Penninischen, Grajischen und Cottischen Alpen sowie die See- und Ligurischen Alpen. Eberhard Neubronner, dem f\u00fcr dieses Werk der Literaturpreis des Deutschen Alpenvereins verliehen wurde, legt mit der DER WEG eine v\u00f6llig aktualisierte Neuausgabe vor.<\/p>\n<p>Er pr\u00e4sentiert den Freunden einsamer Gebirgsgruppen die &#8218;Gro\u00dfe Traverse&#8216; als ideale M\u00f6glichkeit, l\u00e4ngst verschwunde Zeugnisse alpiner Kultur zu entdecken: unverbaute D\u00f6rfer, alte Almen, Reste r\u00f6mischer und napoleonischer Stra\u00dfen, kleine Kapellen und stille Kl\u00f6ster im Siedlungsgebiet der Walser wie der Waldenser. Nicht zu vergessen auch die wildsch\u00f6ne Flora mit ihren seltenen Pflanzen. Dank ihres sanften touristischen Kerns bleibt die GTA von den Massen verschont. Wie lange noch? Wer sie samt der exzellenten Gastronomie und dem guten Wein w\u00e4hlt, wird an der &#8218;DER WEG &#8211; VOM MONTE ROSA ZUM MITTELMEER&#8216; kaum vorbeikommen. Es ist ein Buch zum Schm\u00f6kern, zum Erinnern, aber auch ideal zur Vorbereitung auf die GTA.<\/p>\n<p>Zahlr. farb., s\/w. Fotos. 175 S.<\/p>","protected":false},"excerpt":{"rendered":"<p>Vom Monte Rosa zum Mittelmeer &#8211; Grande Traversata delle Alpi DER WEG &#8211; VOM MONTE ROSA BIS ZUM MITTELMEER schildert eine f\u00fcnfzigt\u00e4gige Westalpentour \u00fcber 650 Kilometer Distanz: Die Grande Traversata delle Alpi(GTA) im Piemont nutzt historische Pfade: Sie beginnt am Fu\u00df des zweith\u00f6chsten europ\u00e4ischen Berges und endet in Ventimiglia. Gequert werden die Penninischen, Grajischen und [&#8230;]\n","protected":false},"featured_media":176563,"template":"","meta":[],"product_brand":[],"product_cat":[21542],"product_tag":[],"class_list":{"0":"post-151045","1":"product","2":"type-product","3":"status-publish","4":"has-post-thumbnail","6":"product_cat-sachbuecher-dokumentationen","7":"pa_autor-neubronner","8":"pa_erscheinungsjahr-21763","9":"pa_region-italien","10":"pa_sprache-de","12":"first","13":"instock","14":"taxable","15":"shipping-taxable","16":"purchasable","17":"product-type-simple"},"_links":{"self":[{"href":"https:\/\/pizbube.ch\/en\/wp-json\/wp\/v2\/product\/151045","targetHints":{"allow":["GET"]}}],"collection":[{"href":"https:\/\/pizbube.ch\/en\/wp-json\/wp\/v2\/product"}],"about":[{"href":"https:\/\/pizbube.ch\/en\/wp-json\/wp\/v2\/types\/product"}],"wp:featuredmedia":[{"embeddable":true,"href":"https:\/\/pizbube.ch\/en\/wp-json\/wp\/v2\/media\/176563"}],"wp:attachment":[{"href":"https:\/\/pizbube.ch\/en\/wp-json\/wp\/v2\/media?parent=151045"}],"wp:term":[{"taxonomy":"product_brand","embeddable":true,"href":"https:\/\/pizbube.ch\/en\/wp-json\/wp\/v2\/product_brand?post=151045"},{"taxonomy":"product_cat","embeddable":true,"href":"https:\/\/pizbube.ch\/en\/wp-json\/wp\/v2\/product_cat?post=151045"},{"taxonomy":"product_tag","embeddable":true,"href":"https:\/\/pizbube.ch\/en\/wp-json\/wp\/v2\/product_tag?post=151045"}],"curies":[{"name":"wp","href":"https:\/\/api.w.org\/{rel}","templated":true}]}}