{"id":151048,"date":"2021-01-15T11:59:00","date_gmt":"2021-01-15T11:59:00","guid":{"rendered":"https:\/\/codengine3.ch\/?product=import-placeholder-for-203009"},"modified":"2024-06-04T10:11:52","modified_gmt":"2024-06-04T08:11:52","slug":"grande-traversata-delle-alpi-gta-teil-2-der-sueden","status":"publish","type":"product","link":"https:\/\/pizbube.ch\/en\/shop\/grande-traversata-delle-alpi-gta-teil-2-der-sueden\/","title":{"rendered":"Grande Traversata delle Alpi GTA Teil 2 Der S\u00fcden"},"content":{"rendered":"<p>Der Weitwanderweg Grande Traversata delle Alpi\/GTA, f\u00fchrt durch die gesamten<br \/>\npiemontesischen Alpen von den Walliser Alpen im Norden bis zu den ligurischen<br \/>\nAlpen im S\u00fcden. Dabei quert er fast immer Alpent\u00e4ler, deren Bev\u00f6lkerung<br \/>\ndramatisch zur\u00fcckgeht. Die GTA ist inzwischen vom fr\u00fcheren Geheimtipp zu einem<br \/>\nder bekanntesten Beispiele f\u00fcr einen sanften Tourismus geworden.<\/p>\n<p>Der zweite Teil der Grande Traversata delle Alpi (GTA) f\u00fchrt vom Susa-Tal<br \/>\nwestlich von Turin bis ans Mittelmeer bei Ventimiglia. Die Route verl\u00e4uft in<br \/>\n34 Tagesetappen (und zahlreichen Varianten) durch die Cottischen, See- und<br \/>\nLigurischen Alpen stets auf alten Wegen. \u00dcbernachten kann man in sogenannten<br \/>\nPosti tappa, die von Einheimischen gef\u00fchrt werden, und der Wanderer erlebt<br \/>\ndiese stark von Abwanderung gepr\u00e4gten Alpent\u00e4ler aus der Perspektive der<br \/>\nlokalen Bev\u00f6lkerung.<\/p>\n<p>Die beiden B\u00e4nde des Wanderklassikers wurden f\u00fcr diese 8. Auflage komplett<br \/>\n\u00fcberarbeitet und auf den neuesten Stand gebracht. Sie beschreiben den<br \/>\nWegverlauf und bieten alle Informationen, die GTA-Wandernde ben\u00f6tigen. Dar\u00fcber<br \/>\nhinaus vermitteln sie ein umfassendes Hintergrundwissen \u00fcber die<br \/>\ndurchwanderten Regionen.<\/p>\n<p>9. aktualis. Auflg. 2024<\/p>","protected":false},"excerpt":{"rendered":"<p>Der Weitwanderweg Grande Traversata delle Alpi\/GTA, f\u00fchrt durch die gesamten piemontesischen Alpen von den Walliser Alpen im Norden bis zu den ligurischen Alpen im S\u00fcden. Dabei quert er fast immer Alpent\u00e4ler, deren Bev\u00f6lkerung dramatisch zur\u00fcckgeht. Die GTA ist inzwischen vom fr\u00fcheren Geheimtipp zu einem der bekanntesten Beispiele f\u00fcr einen sanften Tourismus geworden. Der zweite Teil [&#8230;]\n","protected":false},"featured_media":158176,"template":"","meta":[],"product_brand":[],"product_cat":[21605],"product_tag":[],"class_list":{"0":"post-151048","1":"product","2":"type-product","3":"status-publish","4":"has-post-thumbnail","6":"product_cat-wanderfuehrer-trekking","7":"pa_autor-baetzing","8":"pa_erscheinungsjahr-21546","9":"pa_region-italien","10":"pa_sprache-de","12":"first","13":"instock","14":"taxable","15":"shipping-taxable","16":"purchasable","17":"product-type-simple"},"_links":{"self":[{"href":"https:\/\/pizbube.ch\/en\/wp-json\/wp\/v2\/product\/151048","targetHints":{"allow":["GET"]}}],"collection":[{"href":"https:\/\/pizbube.ch\/en\/wp-json\/wp\/v2\/product"}],"about":[{"href":"https:\/\/pizbube.ch\/en\/wp-json\/wp\/v2\/types\/product"}],"wp:featuredmedia":[{"embeddable":true,"href":"https:\/\/pizbube.ch\/en\/wp-json\/wp\/v2\/media\/158176"}],"wp:attachment":[{"href":"https:\/\/pizbube.ch\/en\/wp-json\/wp\/v2\/media?parent=151048"}],"wp:term":[{"taxonomy":"product_brand","embeddable":true,"href":"https:\/\/pizbube.ch\/en\/wp-json\/wp\/v2\/product_brand?post=151048"},{"taxonomy":"product_cat","embeddable":true,"href":"https:\/\/pizbube.ch\/en\/wp-json\/wp\/v2\/product_cat?post=151048"},{"taxonomy":"product_tag","embeddable":true,"href":"https:\/\/pizbube.ch\/en\/wp-json\/wp\/v2\/product_tag?post=151048"}],"curies":[{"name":"wp","href":"https:\/\/api.w.org\/{rel}","templated":true}]}}