{"id":151051,"date":"2021-01-15T11:59:00","date_gmt":"2021-01-15T11:59:00","guid":{"rendered":"https:\/\/codengine3.ch\/?product=import-placeholder-for-202932"},"modified":"2021-01-15T12:52:35","modified_gmt":"2021-01-15T12:52:35","slug":"chemins-du-ciel","status":"publish","type":"product","link":"https:\/\/pizbube.ch\/en\/shop\/chemins-du-ciel\/","title":{"rendered":"Chemins du Ciel"},"content":{"rendered":"<p>Ce nouvel ouvrage de Mario Colonel s&#8217;adresse aux alpinistes, d\u00e9butants ou<br \/>\nconfirm\u00e9s, qui d\u00e9sirent red\u00e9couvrir les sommets des Alpes par la pratique des<br \/>\ncourses d&#8217;ar\u00eates, mais aussi \u00e0 tous ceux que les photographies de montagne<br \/>\nfascinent. Au contraire des ascensions classiques sur de grandes faces<br \/>\nrocheuses ou neigeuses qui immergent le grimpeur dans un versant, le privant<br \/>\nainsi du panorama sur d&#8217;autres vall\u00e9es et d&#8217;autres montagnes, les courses<br \/>\nd&#8217;ar\u00eates sont la forme plus g\u00e9n\u00e9reuse de la pratique de l&#8217;alpinisme. Pour<br \/>\nchacune des 54 courses d&#8217;ar\u00eates, l&#8217;auteur rend compte de l&#8217;ambiance g\u00e9n\u00e9rale<br \/>\nde l&#8217;ascension, puis fournit, sous forme d&#8217;une fiche technique (topoguide),<br \/>\nune foule de renseignements pr\u00e9cieux (les caract\u00e9ristiques, le point de<br \/>\nd\u00e9part, les refuges et leurs coordonn\u00e9es, le degr\u00e9 de difficult\u00e9, les horaires<br \/>\net la p\u00e9riode recommand\u00e9s, le mat\u00e9riel n\u00e9cessaire).<\/p>","protected":false},"excerpt":{"rendered":"<p>Ce nouvel ouvrage de Mario Colonel s&#8217;adresse aux alpinistes, d\u00e9butants ou confirm\u00e9s, qui d\u00e9sirent red\u00e9couvrir les sommets des Alpes par la pratique des courses d&#8217;ar\u00eates, mais aussi \u00e0 tous ceux que les photographies de montagne fascinent. Au contraire des ascensions classiques sur de grandes faces rocheuses ou neigeuses qui immergent le grimpeur dans un versant, [&#8230;]\n","protected":false},"featured_media":30420,"template":"","meta":[],"product_brand":[],"product_cat":[21542],"product_tag":[],"class_list":{"0":"post-151051","1":"product","2":"type-product","3":"status-publish","4":"has-post-thumbnail","6":"product_cat-sachbuecher-dokumentationen","7":"pa_autor-colonel","8":"pa_erscheinungsjahr-22292","9":"pa_region-schweiz","10":"pa_sprache-fr","12":"first","13":"outofstock","14":"taxable","15":"shipping-taxable","16":"purchasable","17":"product-type-simple"},"_links":{"self":[{"href":"https:\/\/pizbube.ch\/en\/wp-json\/wp\/v2\/product\/151051","targetHints":{"allow":["GET"]}}],"collection":[{"href":"https:\/\/pizbube.ch\/en\/wp-json\/wp\/v2\/product"}],"about":[{"href":"https:\/\/pizbube.ch\/en\/wp-json\/wp\/v2\/types\/product"}],"wp:featuredmedia":[{"embeddable":true,"href":"https:\/\/pizbube.ch\/en\/wp-json\/wp\/v2\/media\/30420"}],"wp:attachment":[{"href":"https:\/\/pizbube.ch\/en\/wp-json\/wp\/v2\/media?parent=151051"}],"wp:term":[{"taxonomy":"product_brand","embeddable":true,"href":"https:\/\/pizbube.ch\/en\/wp-json\/wp\/v2\/product_brand?post=151051"},{"taxonomy":"product_cat","embeddable":true,"href":"https:\/\/pizbube.ch\/en\/wp-json\/wp\/v2\/product_cat?post=151051"},{"taxonomy":"product_tag","embeddable":true,"href":"https:\/\/pizbube.ch\/en\/wp-json\/wp\/v2\/product_tag?post=151051"}],"curies":[{"name":"wp","href":"https:\/\/api.w.org\/{rel}","templated":true}]}}