{"id":151052,"date":"2021-01-15T11:59:00","date_gmt":"2021-01-15T11:59:00","guid":{"rendered":"https:\/\/codengine3.ch\/?product=import-placeholder-for-202353"},"modified":"2021-01-15T12:35:34","modified_gmt":"2021-01-15T12:35:34","slug":"nepal-touren-disk","status":"publish","type":"product","link":"https:\/\/pizbube.ch\/en\/shop\/nepal-touren-disk\/","title":{"rendered":"Nepal Touren Disk"},"content":{"rendered":"<p>Touren Disk Trekking: 37 Trekkingrouten, ausf\u00fchrliche Tourenbeschreibungen,<br \/>\n\u00fcber 800 Bilder, Trekkingkarten, Layout Programm f\u00fcr Ausdruck.<br \/>\n(Systemvoraussetzungen: 16MB RAM; Grafik 800&#215;600, High-Color).<\/p>","protected":false},"excerpt":{"rendered":"<p>Touren Disk Trekking: 37 Trekkingrouten, ausf\u00fchrliche Tourenbeschreibungen, \u00fcber 800 Bilder, Trekkingkarten, Layout Programm f\u00fcr Ausdruck. (Systemvoraussetzungen: 16MB RAM; Grafik 800&#215;600, High-Color).<\/p>","protected":false},"featured_media":45070,"template":"","meta":[],"product_brand":[],"product_cat":[21628],"product_tag":[],"class_list":{"0":"post-151052","1":"product","2":"type-product","3":"status-publish","4":"has-post-thumbnail","6":"product_cat-video-dvd-multimedia","7":"pa_autor-banzhaf","8":"pa_erscheinungsjahr-22242","9":"pa_region-asien","10":"pa_sprache-de","12":"first","13":"instock","14":"taxable","15":"shipping-taxable","16":"purchasable","17":"product-type-simple"},"_links":{"self":[{"href":"https:\/\/pizbube.ch\/en\/wp-json\/wp\/v2\/product\/151052","targetHints":{"allow":["GET"]}}],"collection":[{"href":"https:\/\/pizbube.ch\/en\/wp-json\/wp\/v2\/product"}],"about":[{"href":"https:\/\/pizbube.ch\/en\/wp-json\/wp\/v2\/types\/product"}],"wp:featuredmedia":[{"embeddable":true,"href":"https:\/\/pizbube.ch\/en\/wp-json\/wp\/v2\/media\/45070"}],"wp:attachment":[{"href":"https:\/\/pizbube.ch\/en\/wp-json\/wp\/v2\/media?parent=151052"}],"wp:term":[{"taxonomy":"product_brand","embeddable":true,"href":"https:\/\/pizbube.ch\/en\/wp-json\/wp\/v2\/product_brand?post=151052"},{"taxonomy":"product_cat","embeddable":true,"href":"https:\/\/pizbube.ch\/en\/wp-json\/wp\/v2\/product_cat?post=151052"},{"taxonomy":"product_tag","embeddable":true,"href":"https:\/\/pizbube.ch\/en\/wp-json\/wp\/v2\/product_tag?post=151052"}],"curies":[{"name":"wp","href":"https:\/\/api.w.org\/{rel}","templated":true}]}}