{"id":151053,"date":"2021-01-15T11:59:00","date_gmt":"2021-01-15T11:59:00","guid":{"rendered":"https:\/\/codengine3.ch\/?product=import-placeholder-for-202170"},"modified":"2021-01-15T12:34:00","modified_gmt":"2021-01-15T12:34:00","slug":"nepal-wo-shiva-auf-buddha-trifft","status":"publish","type":"product","link":"https:\/\/pizbube.ch\/en\/shop\/nepal-wo-shiva-auf-buddha-trifft\/","title":{"rendered":"Nepal Wo Shiva auf Buddha trifft"},"content":{"rendered":"<p>Am Schnittpunkt zweier Weltreligionen<br \/>\nDrei Jahre lang war der bekannte Fotojournalist Dieter Glogowski in Nepal<br \/>\nunterwegs. Er pilgerte auf heiligen Pfaden, wanderte durch die tiefste<br \/>\nSchlucht der Welt zum sagenumwobenen, lange Zeit unerreichbaren buddhistischen<br \/>\nSakyapa-K\u00f6nigreich Lo Mantang und erlebte bisher v\u00f6llig unbekannte Riten und<br \/>\nBr\u00e4uche. Freuen Sie sich mit diesem einzigartigen, handlichen Bildband auf<br \/>\neindrucksvolle Fotos, inspirierende Texte und Zitate &#8211; intensiv, \u00fcberraschend,<br \/>\nspirituell.<br \/>\n144 Seiten, ca. 200 Abbildungen, Format 24,0 x 17,0 cm, Hardcover<br \/>\nVerbesserte Nachauflage 2007.  <\/p>","protected":false},"excerpt":{"rendered":"<p>Am Schnittpunkt zweier Weltreligionen Drei Jahre lang war der bekannte Fotojournalist Dieter Glogowski in Nepal unterwegs. Er pilgerte auf heiligen Pfaden, wanderte durch die tiefste Schlucht der Welt zum sagenumwobenen, lange Zeit unerreichbaren buddhistischen Sakyapa-K\u00f6nigreich Lo Mantang und erlebte bisher v\u00f6llig unbekannte Riten und Br\u00e4uche. Freuen Sie sich mit diesem einzigartigen, handlichen Bildband auf eindrucksvolle [&#8230;]\n","protected":false},"featured_media":29559,"template":"","meta":[],"product_brand":[],"product_cat":[21580],"product_tag":[],"class_list":{"0":"post-151053","1":"product","2":"type-product","3":"status-publish","4":"has-post-thumbnail","6":"product_cat-kunst-kultur","7":"pa_autor-glogowski","8":"pa_erscheinungsjahr-21842","9":"pa_region-asien","10":"pa_sprache-de","12":"first","13":"outofstock","14":"taxable","15":"shipping-taxable","16":"purchasable","17":"product-type-simple"},"_links":{"self":[{"href":"https:\/\/pizbube.ch\/en\/wp-json\/wp\/v2\/product\/151053","targetHints":{"allow":["GET"]}}],"collection":[{"href":"https:\/\/pizbube.ch\/en\/wp-json\/wp\/v2\/product"}],"about":[{"href":"https:\/\/pizbube.ch\/en\/wp-json\/wp\/v2\/types\/product"}],"wp:featuredmedia":[{"embeddable":true,"href":"https:\/\/pizbube.ch\/en\/wp-json\/wp\/v2\/media\/29559"}],"wp:attachment":[{"href":"https:\/\/pizbube.ch\/en\/wp-json\/wp\/v2\/media?parent=151053"}],"wp:term":[{"taxonomy":"product_brand","embeddable":true,"href":"https:\/\/pizbube.ch\/en\/wp-json\/wp\/v2\/product_brand?post=151053"},{"taxonomy":"product_cat","embeddable":true,"href":"https:\/\/pizbube.ch\/en\/wp-json\/wp\/v2\/product_cat?post=151053"},{"taxonomy":"product_tag","embeddable":true,"href":"https:\/\/pizbube.ch\/en\/wp-json\/wp\/v2\/product_tag?post=151053"}],"curies":[{"name":"wp","href":"https:\/\/api.w.org\/{rel}","templated":true}]}}