{"id":151055,"date":"2021-01-15T11:59:01","date_gmt":"2021-01-15T11:59:01","guid":{"rendered":"https:\/\/codengine3.ch\/?product=import-placeholder-for-203076"},"modified":"2021-01-15T12:53:52","modified_gmt":"2021-01-15T12:53:52","slug":"pirineos-roca-caliente-vol-2-cavallers","status":"publish","type":"product","link":"https:\/\/pizbube.ch\/en\/shop\/pirineos-roca-caliente-vol-2-cavallers\/","title":{"rendered":"Pirineos Roca Caliente Vol. 2, Cavallers"},"content":{"rendered":"<p>Topoguidebook of the Pyrenees, northern Barcelona: La guia t\u00e9 m\u00e9s de 300<br \/>\np\u00e0gines, t\u00e9 el mateix format que la d&#8217;Escales (14 x 19 cm), est\u00e0 impresa en<br \/>\npaper de qualitat i a tot color i cont\u00e9 nombroses fotos i croquis que<br \/>\nfaciliten la localitzaci\u00f3 de les zones incloses. la guia s&#8217;estructura en tres<br \/>\ncap\u00edtols (Cavallers \/ Travessani \/ Estany Llong), cada un dividit en v\u00e0ries<br \/>\nparts. 293 p.  <\/p>\n<p>Topo-guide to the superb granite sport-climbing to be found in the high<br \/>\nCatalyan Pyrenees of North-East Spain. With a season running from May to<br \/>\nOctober, this is the perfect summer location. Routes range from one to around<br \/>\ntwenty pitches at grades between IV and 8a, usually with solid bolt<br \/>\nprotection, and set amongst magnificent scenery.  <\/p>","protected":false},"excerpt":{"rendered":"<p>Topoguidebook of the Pyrenees, northern Barcelona: La guia t\u00e9 m\u00e9s de 300 p\u00e0gines, t\u00e9 el mateix format que la d&#8217;Escales (14 x 19 cm), est\u00e0 impresa en paper de qualitat i a tot color i cont\u00e9 nombroses fotos i croquis que faciliten la localitzaci\u00f3 de les zones incloses. la guia s&#8217;estructura en tres cap\u00edtols (Cavallers [&#8230;]\n","protected":false},"featured_media":30600,"template":"","meta":[],"product_brand":[],"product_cat":[21539],"product_tag":[],"class_list":{"0":"post-151055","1":"product","2":"type-product","3":"status-publish","4":"has-post-thumbnail","6":"product_cat-fuehrerliteratur-sportklettern-bouldern","7":"pa_autor-alfonso-buxo","8":"pa_erscheinungsjahr-22292","9":"pa_region-spanien","10":"pa_sprache-sp","12":"first","13":"outofstock","14":"taxable","15":"shipping-taxable","16":"purchasable","17":"product-type-simple"},"_links":{"self":[{"href":"https:\/\/pizbube.ch\/en\/wp-json\/wp\/v2\/product\/151055","targetHints":{"allow":["GET"]}}],"collection":[{"href":"https:\/\/pizbube.ch\/en\/wp-json\/wp\/v2\/product"}],"about":[{"href":"https:\/\/pizbube.ch\/en\/wp-json\/wp\/v2\/types\/product"}],"wp:featuredmedia":[{"embeddable":true,"href":"https:\/\/pizbube.ch\/en\/wp-json\/wp\/v2\/media\/30600"}],"wp:attachment":[{"href":"https:\/\/pizbube.ch\/en\/wp-json\/wp\/v2\/media?parent=151055"}],"wp:term":[{"taxonomy":"product_brand","embeddable":true,"href":"https:\/\/pizbube.ch\/en\/wp-json\/wp\/v2\/product_brand?post=151055"},{"taxonomy":"product_cat","embeddable":true,"href":"https:\/\/pizbube.ch\/en\/wp-json\/wp\/v2\/product_cat?post=151055"},{"taxonomy":"product_tag","embeddable":true,"href":"https:\/\/pizbube.ch\/en\/wp-json\/wp\/v2\/product_tag?post=151055"}],"curies":[{"name":"wp","href":"https:\/\/api.w.org\/{rel}","templated":true}]}}