{"id":151078,"date":"2021-01-15T11:59:02","date_gmt":"2021-01-15T11:59:02","guid":{"rendered":"https:\/\/codengine3.ch\/?product=import-placeholder-for-206108"},"modified":"2021-05-21T15:28:11","modified_gmt":"2021-05-21T13:28:11","slug":"altitudes-1","status":"publish","type":"product","link":"https:\/\/pizbube.ch\/en\/shop\/altitudes-1\/","title":{"rendered":"Altitudes 1"},"content":{"rendered":"<p>Portfolio B. Washburn, dossier Alaska<\/p>\n<p>Altitudes propose au lecteur un contenu de grande qualit\u00e9 litt\u00e9raire, une<br \/>\nvraie richesse iconographique et une qualit\u00e9 de r\u00e9alisation.<br \/>\nTrois grandes parties structurent la revue :<br \/>\n\u2013 litt\u00e9rature : nouvelles, essais, po\u00e8mes, r\u00e9cits, commentaires, notes et<br \/>\ndivagations\u2026<\/p>\n<p>\u2013 photographie : un grand portfolio de 20 pages pour pr\u00e9senter l&#8217;oeuvre d&#8217;un<br \/>\nphotographe important. Dans le n\u00ba 1, l&#8217;Am\u00e9ricain Bradford Washburn, pionnier<br \/>\nde la photo a\u00e9rienne avec une chambre photographique de 20 x 24 cm. Des photos<br \/>\n\u00e9poustoufflantes jamais vues en France.<\/p>\n<p>\u2013 montagnes du monde : une monographie sur un massif montagneux important.<br \/>\nTout savoir de son histoire, toutes les voies d&#8217;ascension avec leur trac\u00e9<br \/>\nreport\u00e9 sur des photos. Un travail encyclop\u00e9dique de r\u00e9f\u00e9rence.<\/p>","protected":false},"excerpt":{"rendered":"<p>Portfolio B. Washburn, dossier Alaska Altitudes propose au lecteur un contenu de grande qualit\u00e9 litt\u00e9raire, une vraie richesse iconographique et une qualit\u00e9 de r\u00e9alisation. Trois grandes parties structurent la revue : \u2013 litt\u00e9rature : nouvelles, essais, po\u00e8mes, r\u00e9cits, commentaires, notes et divagations\u2026 \u2013 photographie : un grand portfolio de 20 pages pour pr\u00e9senter l&#8217;oeuvre d&#8217;un [&#8230;]\n","protected":false},"featured_media":35025,"template":"","meta":[],"product_brand":[],"product_cat":[21541],"product_tag":[],"class_list":{"0":"post-151078","1":"product","2":"type-product","3":"status-publish","4":"has-post-thumbnail","6":"product_cat-zeitschriften","7":"pa_autor-odier","8":"pa_erscheinungsjahr-22242","9":"pa_region-frankreich","10":"pa_sprache-fr","12":"first","13":"outofstock","14":"taxable","15":"shipping-taxable","16":"purchasable","17":"product-type-simple"},"_links":{"self":[{"href":"https:\/\/pizbube.ch\/en\/wp-json\/wp\/v2\/product\/151078","targetHints":{"allow":["GET"]}}],"collection":[{"href":"https:\/\/pizbube.ch\/en\/wp-json\/wp\/v2\/product"}],"about":[{"href":"https:\/\/pizbube.ch\/en\/wp-json\/wp\/v2\/types\/product"}],"wp:featuredmedia":[{"embeddable":true,"href":"https:\/\/pizbube.ch\/en\/wp-json\/wp\/v2\/media\/35025"}],"wp:attachment":[{"href":"https:\/\/pizbube.ch\/en\/wp-json\/wp\/v2\/media?parent=151078"}],"wp:term":[{"taxonomy":"product_brand","embeddable":true,"href":"https:\/\/pizbube.ch\/en\/wp-json\/wp\/v2\/product_brand?post=151078"},{"taxonomy":"product_cat","embeddable":true,"href":"https:\/\/pizbube.ch\/en\/wp-json\/wp\/v2\/product_cat?post=151078"},{"taxonomy":"product_tag","embeddable":true,"href":"https:\/\/pizbube.ch\/en\/wp-json\/wp\/v2\/product_tag?post=151078"}],"curies":[{"name":"wp","href":"https:\/\/api.w.org\/{rel}","templated":true}]}}