{"id":151080,"date":"2021-01-15T11:59:02","date_gmt":"2021-01-15T11:59:02","guid":{"rendered":"https:\/\/codengine3.ch\/?product=import-placeholder-for-208761"},"modified":"2021-01-15T17:57:33","modified_gmt":"2021-01-15T17:57:33","slug":"alaska-und-yukon","status":"publish","type":"product","link":"https:\/\/pizbube.ch\/en\/shop\/alaska-und-yukon\/","title":{"rendered":"Alaska und Yukon"},"content":{"rendered":"<p>Ein Bildband zum Tr\u00e4umen und Planen. Ein Fest f\u00fcrs Auge sind die<br \/>\nfaszinierenden Bilder unber\u00fchrter Wildnis mit ihren Tieren und Pflanzen,<br \/>\n\u00fcberragt von den beiden h\u00f6chsten Bergen Nordamerikas: Mount McKinley und Mount<br \/>\nLogan.<\/p>\n<p>Gerhard Kraus, einer der besten Kenner der Region, stellt zahlreiche<br \/>\nM\u00f6glichkeiten vor, diese \u00fcberw\u00e4ltigenden Landschaften als Trekker, Paddler,<br \/>\nBergsteiger oder einfach als Reisender kennenzulernen.<br \/>\nEin pr\u00e4chtiger Bildband f\u00fcr Reisende, Bergsteiger und Trekkingfreunde \u2013 mit<br \/>\nKartenausschnitten und wertvollen Reise- und Trekkinginfos. Zum Planen und<br \/>\nGenie\u00dfen!<\/p>\n<p>1. Auflage 2015<br \/>\n224 Seiten mit 214 Farbabbildungen; zahlreiche \u00dcbersichtskarten; Format 30 x<br \/>\n24 cm; gebunden mit Schutzumschlag<\/p>","protected":false},"excerpt":{"rendered":"<ul>\n<li><a href=\"https:\/\/pizbube.ch\/wp-content\/uploads\/attachments\/a_032\/F9043A5FEC616C32DFE91D6470CE4407.pdf\" target=\"_blank\" rel=\"noopener\">PDF: Inhalt Alaska Yukon<\/a><\/li>\n<li><a href=\"https:\/\/pizbube.ch\/wp-content\/uploads\/attachments\/a_032\/F95B5C0396C34CCD1C12C57F88A9E8CB.pdf\" target=\"_blank\" rel=\"noopener\">PDF: Leseprobe-Alaska Yukon<\/a><\/li>\n<\/ul>","protected":false},"featured_media":41291,"template":"","meta":[],"product_brand":[],"product_cat":[21542],"product_tag":[],"class_list":{"0":"post-151080","1":"product","2":"type-product","3":"status-publish","4":"has-post-thumbnail","6":"product_cat-sachbuecher-dokumentationen","7":"pa_autor-kraus","8":"pa_erscheinungsjahr-21597","9":"pa_region-amerika-nord","10":"pa_sprache-de","12":"first","13":"instock","14":"taxable","15":"shipping-taxable","16":"purchasable","17":"product-type-simple"},"_links":{"self":[{"href":"https:\/\/pizbube.ch\/en\/wp-json\/wp\/v2\/product\/151080","targetHints":{"allow":["GET"]}}],"collection":[{"href":"https:\/\/pizbube.ch\/en\/wp-json\/wp\/v2\/product"}],"about":[{"href":"https:\/\/pizbube.ch\/en\/wp-json\/wp\/v2\/types\/product"}],"wp:featuredmedia":[{"embeddable":true,"href":"https:\/\/pizbube.ch\/en\/wp-json\/wp\/v2\/media\/41291"}],"wp:attachment":[{"href":"https:\/\/pizbube.ch\/en\/wp-json\/wp\/v2\/media?parent=151080"}],"wp:term":[{"taxonomy":"product_brand","embeddable":true,"href":"https:\/\/pizbube.ch\/en\/wp-json\/wp\/v2\/product_brand?post=151080"},{"taxonomy":"product_cat","embeddable":true,"href":"https:\/\/pizbube.ch\/en\/wp-json\/wp\/v2\/product_cat?post=151080"},{"taxonomy":"product_tag","embeddable":true,"href":"https:\/\/pizbube.ch\/en\/wp-json\/wp\/v2\/product_tag?post=151080"}],"curies":[{"name":"wp","href":"https:\/\/api.w.org\/{rel}","templated":true}]}}