{"id":151088,"date":"2021-01-15T11:59:07","date_gmt":"2021-01-15T11:59:07","guid":{"rendered":"https:\/\/codengine3.ch\/?product=import-placeholder-for-201736"},"modified":"2021-01-15T12:04:10","modified_gmt":"2021-01-15T12:04:10","slug":"davos","status":"publish","type":"product","link":"https:\/\/pizbube.ch\/en\/shop\/davos\/","title":{"rendered":"Davos"},"content":{"rendered":"<p>Mit Landschafts- und Architekturfotografien ist der Schweizer Fotograf Jo\u00ebl<br \/>\nTettamanti international bekannt geworden. &#8218;Local Studies&#8216; nennt er seine<br \/>\nBilder, in denen er die Spuren des Menschen mit einem untr\u00fcglichen Sinn f\u00fcr<br \/>\nkuriose Situationen festh\u00e4lt.<br \/>\nIn diesem Buch lenkt er den Blick nun nicht nur auf die erhabene Bergwelt, von<br \/>\nder wir tr\u00e4umen. &#8218;Realistisch, nicht dramatisch oder polemisch&#8216;, wie er sagt,<br \/>\nhat er Bauten f\u00fcr den Wintersport, die Urbanisierung der Berge und die Stadt<br \/>\nDavos selbst aufgenommen. Bei Tag und in der Nacht fotografiert, werden jene<br \/>\nEinrichtungen ins Bewusstsein ger\u00fcckt, die wir zwar sorglos benutzen, aber<br \/>\n(gerne) \u00fcbersehen: Seilbahn-Masten und Bergstationen, Lawinenverbauungen oder<br \/>\nSt\u00fctzmauern, Ferienh\u00e4uschen und Hotelk\u00e4sten, kurz: die Infrastruktur, die die<br \/>\nUmgebung der Ferien- und Kongressdestination pr\u00e4gt. Entstanden ist ein<br \/>\nFotoessay, der fern aller Klischees das Bild des heutigen Davos zeichnet.<br \/>\nDer Autor und Fotokenner Walter Keller denkt in seinem Text \u00fcber die<br \/>\nVorstellungen vom Leben in den Bergen nach, die sich hartn\u00e4ckig in den K\u00f6pfen<br \/>\nder St\u00e4dter halten, und \u00fcber die Entdeckungen, die man durch Jo\u00ebl Tettamantis<br \/>\nsubtile Fotografien machen kann.  <\/p>\n<p>Mit einem Essay von Walter Keller Text Deutsch und Englisch<br \/>\nGebunden, 136 Seiten, 87 farbige Abbildungen  <\/p>","protected":false},"excerpt":{"rendered":"<p>Mit Landschafts- und Architekturfotografien ist der Schweizer Fotograf Jo\u00ebl Tettamanti international bekannt geworden. &#8218;Local Studies&#8216; nennt er seine Bilder, in denen er die Spuren des Menschen mit einem untr\u00fcglichen Sinn f\u00fcr kuriose Situationen festh\u00e4lt. In diesem Buch lenkt er den Blick nun nicht nur auf die erhabene Bergwelt, von der wir tr\u00e4umen. &#8218;Realistisch, nicht dramatisch [&#8230;]\n","protected":false},"featured_media":29126,"template":"","meta":[],"product_brand":[],"product_cat":[21580],"product_tag":[],"class_list":{"0":"post-151088","1":"product","2":"type-product","3":"status-publish","4":"has-post-thumbnail","6":"product_cat-kunst-kultur","7":"pa_autor-tettamanti","8":"pa_erscheinungsjahr-21693","9":"pa_region-schweiz","10":"pa_sprache-d","11":"pa_sprache-e","13":"first","14":"instock","15":"taxable","16":"shipping-taxable","17":"purchasable","18":"product-type-simple"},"_links":{"self":[{"href":"https:\/\/pizbube.ch\/en\/wp-json\/wp\/v2\/product\/151088","targetHints":{"allow":["GET"]}}],"collection":[{"href":"https:\/\/pizbube.ch\/en\/wp-json\/wp\/v2\/product"}],"about":[{"href":"https:\/\/pizbube.ch\/en\/wp-json\/wp\/v2\/types\/product"}],"wp:featuredmedia":[{"embeddable":true,"href":"https:\/\/pizbube.ch\/en\/wp-json\/wp\/v2\/media\/29126"}],"wp:attachment":[{"href":"https:\/\/pizbube.ch\/en\/wp-json\/wp\/v2\/media?parent=151088"}],"wp:term":[{"taxonomy":"product_brand","embeddable":true,"href":"https:\/\/pizbube.ch\/en\/wp-json\/wp\/v2\/product_brand?post=151088"},{"taxonomy":"product_cat","embeddable":true,"href":"https:\/\/pizbube.ch\/en\/wp-json\/wp\/v2\/product_cat?post=151088"},{"taxonomy":"product_tag","embeddable":true,"href":"https:\/\/pizbube.ch\/en\/wp-json\/wp\/v2\/product_tag?post=151088"}],"curies":[{"name":"wp","href":"https:\/\/api.w.org\/{rel}","templated":true}]}}