{"id":151093,"date":"2021-01-15T11:59:08","date_gmt":"2021-01-15T11:59:08","guid":{"rendered":"https:\/\/codengine3.ch\/?product=import-placeholder-for-205216"},"modified":"2021-01-15T14:39:34","modified_gmt":"2021-01-15T14:39:34","slug":"cordillera-blanca-escaladas","status":"publish","type":"product","link":"https:\/\/pizbube.ch\/en\/shop\/cordillera-blanca-escaladas\/","title":{"rendered":"Cordillera Blanca &#8211; Escaladas"},"content":{"rendered":"<p>Esta obra registra, entre otras cosas, las rutas escaladas en la Cordillera<br \/>\nBlanca. Los cinco cap\u00edtulos iniciales est\u00e1n escritos por expertos en sus<br \/>\nrespectivas materias. Evelio Echevarr\u00eda sintetiza la historia del monta\u00f1ismo<br \/>\nperuano. Doris Walter describe c\u00f3mo perciben los campesinos serranos al gringo<br \/>\nalpinista. Selio Vill\u00f3n cuenta el origen y evoluci\u00f3n de la Asociaci\u00f3n de Gu\u00edas<br \/>\nde Alta Monta\u00f1a del Per\u00fa y la Casa de Gu\u00edas de Huaraz. Consuelo Amor\u00f3s orienta<br \/>\nsobre la patolog\u00eda del mal de altura, las formas de prevenirla y el<br \/>\ntratamiento. El quinto cap\u00edtulo est\u00e1 dedicado a los servicios generales<br \/>\nrequeridos por quienes pretenden visitar aquella cordillera. La informaci\u00f3n<br \/>\nacerca de la Cordillera, particularmente la relacionada con su parte norte,<br \/>\nest\u00e1 en el amplio cap\u00edtulo sexto bajo los ep\u00edgrafes: Parque Nacional de<br \/>\nHuascar\u00e1n, Geodin\u00e1mica, Glaciolog\u00eda, Clima, Condiciones del hielo, la nieve y<br \/>\nla roca, macizos, poblaciones y aproximaciones. En definitiva nos ofrece m\u00e1s<br \/>\nde 232 ascensiones en 100 cimas descritas con todo detalle y con toda la<br \/>\ninformaci\u00f3n t\u00e9cnica necesaria.  <\/p>","protected":false},"excerpt":{"rendered":"<p>Esta obra registra, entre otras cosas, las rutas escaladas en la Cordillera Blanca. Los cinco cap\u00edtulos iniciales est\u00e1n escritos por expertos en sus respectivas materias. Evelio Echevarr\u00eda sintetiza la historia del monta\u00f1ismo peruano. Doris Walter describe c\u00f3mo perciben los campesinos serranos al gringo alpinista. Selio Vill\u00f3n cuenta el origen y evoluci\u00f3n de la Asociaci\u00f3n de [&#8230;]\n","protected":false},"featured_media":33855,"template":"","meta":[],"product_brand":[],"product_cat":[21544],"product_tag":[],"class_list":{"0":"post-151093","1":"product","2":"type-product","3":"status-publish","4":"has-post-thumbnail","6":"product_cat-fuehrerliteratur-alpin-sommer","7":"pa_autor-bohorquez","8":"pa_erscheinungsjahr-21920","9":"pa_region-amerika-sued","10":"pa_sprache-sp","12":"first","13":"outofstock","14":"taxable","15":"shipping-taxable","16":"purchasable","17":"product-type-simple"},"_links":{"self":[{"href":"https:\/\/pizbube.ch\/en\/wp-json\/wp\/v2\/product\/151093","targetHints":{"allow":["GET"]}}],"collection":[{"href":"https:\/\/pizbube.ch\/en\/wp-json\/wp\/v2\/product"}],"about":[{"href":"https:\/\/pizbube.ch\/en\/wp-json\/wp\/v2\/types\/product"}],"wp:featuredmedia":[{"embeddable":true,"href":"https:\/\/pizbube.ch\/en\/wp-json\/wp\/v2\/media\/33855"}],"wp:attachment":[{"href":"https:\/\/pizbube.ch\/en\/wp-json\/wp\/v2\/media?parent=151093"}],"wp:term":[{"taxonomy":"product_brand","embeddable":true,"href":"https:\/\/pizbube.ch\/en\/wp-json\/wp\/v2\/product_brand?post=151093"},{"taxonomy":"product_cat","embeddable":true,"href":"https:\/\/pizbube.ch\/en\/wp-json\/wp\/v2\/product_cat?post=151093"},{"taxonomy":"product_tag","embeddable":true,"href":"https:\/\/pizbube.ch\/en\/wp-json\/wp\/v2\/product_tag?post=151093"}],"curies":[{"name":"wp","href":"https:\/\/api.w.org\/{rel}","templated":true}]}}