{"id":151103,"date":"2021-01-15T11:59:08","date_gmt":"2021-01-15T11:59:08","guid":{"rendered":"https:\/\/codengine3.ch\/?product=import-placeholder-for-201183"},"modified":"2021-01-15T11:59:13","modified_gmt":"2021-01-15T11:59:13","slug":"das-unmoegliche-ist-etwas-weiter-oben","status":"publish","type":"product","link":"https:\/\/pizbube.ch\/en\/shop\/das-unmoegliche-ist-etwas-weiter-oben\/","title":{"rendered":"Das Unm\u00f6gliche ist etwas weiter oben"},"content":{"rendered":"<p>\n&#171;Das Unm\u00f6gliche&#187; ist etwas, womit sich die meisten Bergsteiger und Kletterer<br \/>\nein Leben lang auseinandersetzen: die ewige Suche nach dem &#171;Noch-nicht-<br \/>\nM\u00f6glichen&#187;, das bald jedoch m\u00f6glich werden k\u00f6nnte, die Suche nach der Grenze,<br \/>\nnach neuen Abenteuern, der Versuch, die Messlatte immer h\u00f6her zu legen und<br \/>\nsich selbst immer wieder vor neue Herausforderungen zu stellen.<\/p>\n<p>Der S\u00fcdtiroler Ausnahmekletterer Jacopo Larcher beschreibt in seinem Buch<br \/>\n&#171;Das Unm\u00f6gliche ist etwas weiter oben&#187; in einem sehr pers\u00f6nlichen, ehrlichen<br \/>\nund bisweilen recht selbstironischen R\u00fcckblick sein bisheriges<br \/>\n(Kletter-)Leben, beginnend mit seinen Anf\u00e4ngen in der Bozener Kletterhalle, wo<br \/>\ner von der allerersten Kursstunde an genau wei\u00df, dass er seinen Sport gefunden<br \/>\nhat. Sp\u00e4ter lernt er in Trient und Arco gleichaltrige Gleichgesinnte kennen<br \/>\nund entdeckt, dass es auch sehr sch\u00f6n sein kann, wenn man seine Leidenschaft<br \/>\nmit anderen teilt.<\/p>\n<p>Eine sehr erfolgreiche Phase der Wettk\u00e4mpfe beginnt, in der ein gezieltes und<br \/>\nsinnvolles Training (kein Training &#171;bis zur totalen Ersch\u00f6pfung&#187;, wie er<br \/>\nanfangs denkt) immer wichtiger wird, bis er sich ganz dem Felsklettern<br \/>\nzuwendet und im traditionellen Klettern (Clean Climbing) seine pers\u00f6nliche<br \/>\nForm des Kletterns findet. Die Trad-Kletterprojekte, die nun folgen, f\u00fchrt<br \/>\nLarcher zum gr\u00f6\u00dften Teil mit seiner Lebensgef\u00e4hrtin Babsi Zangerl durch, sie<br \/>\nf\u00fchren ihn in die ganze Welt, unter anderem an die Bigwalls im Yosemite<br \/>\nValley, und gipfeln in der Begehung der Tribe-Route im italienischen<br \/>\nKlettergebiet Cadarese &#8211; seine bislang schwierigste und h\u00e4rteste Route, die er<br \/>\nin Dankbarkeit seinem &#171;Stamm&#187; (&#171;tribe&#187;), der Kletter-Community, widmet.<\/p>\n<p>Larcher beleuchtet in diesem Buch auch seine zwischenmenschlichen Beziehungen,<br \/>\nseine Freundschaften und Liebesbeziehungen und was seine Entscheidung,<br \/>\nProfikletterer zu werden, mit sich gebracht hat. Ein Leben ohne gr\u00f6\u00dftm\u00f6gliche<br \/>\nFreiheit und Unabh\u00e4ngigkeit kann er sich nicht vorstellen &#8211; mithilfe von<br \/>\nSponsoren und verschiedenen Jobs kann er sich diesen Traum erf\u00fcllen. Ein Buch<br \/>\n\u00fcber Leidenschaft und Abenteuer, \u00fcber Mut, Ausdauer und Beharrlichkeit.<\/p>\n<p>Fester Einband; 231 Seiten<\/p>","protected":false},"excerpt":{"rendered":"<p>&#171;Das Unm\u00f6gliche&#187; ist etwas, womit sich die meisten Bergsteiger und Kletterer ein Leben lang auseinandersetzen: die ewige Suche nach dem &#171;Noch-nicht- M\u00f6glichen&#187;, das bald jedoch m\u00f6glich werden k\u00f6nnte, die Suche nach der Grenze, nach neuen Abenteuern, der Versuch, die Messlatte immer h\u00f6her zu legen und sich selbst immer wieder vor neue Herausforderungen zu stellen. Der [&#8230;]\n","protected":false},"featured_media":28366,"template":"","meta":[],"product_brand":[],"product_cat":[21542],"product_tag":[],"class_list":{"0":"post-151103","1":"product","2":"type-product","3":"status-publish","4":"has-post-thumbnail","6":"product_cat-sachbuecher-dokumentationen","7":"pa_autor-larcher","8":"pa_erscheinungsjahr-21558","9":"pa_region-italien","10":"pa_sprache-de","12":"first","13":"instock","14":"taxable","15":"shipping-taxable","16":"purchasable","17":"product-type-simple"},"_links":{"self":[{"href":"https:\/\/pizbube.ch\/en\/wp-json\/wp\/v2\/product\/151103","targetHints":{"allow":["GET"]}}],"collection":[{"href":"https:\/\/pizbube.ch\/en\/wp-json\/wp\/v2\/product"}],"about":[{"href":"https:\/\/pizbube.ch\/en\/wp-json\/wp\/v2\/types\/product"}],"wp:featuredmedia":[{"embeddable":true,"href":"https:\/\/pizbube.ch\/en\/wp-json\/wp\/v2\/media\/28366"}],"wp:attachment":[{"href":"https:\/\/pizbube.ch\/en\/wp-json\/wp\/v2\/media?parent=151103"}],"wp:term":[{"taxonomy":"product_brand","embeddable":true,"href":"https:\/\/pizbube.ch\/en\/wp-json\/wp\/v2\/product_brand?post=151103"},{"taxonomy":"product_cat","embeddable":true,"href":"https:\/\/pizbube.ch\/en\/wp-json\/wp\/v2\/product_cat?post=151103"},{"taxonomy":"product_tag","embeddable":true,"href":"https:\/\/pizbube.ch\/en\/wp-json\/wp\/v2\/product_tag?post=151103"}],"curies":[{"name":"wp","href":"https:\/\/api.w.org\/{rel}","templated":true}]}}