{"id":151110,"date":"2021-01-15T11:59:09","date_gmt":"2021-01-15T11:59:09","guid":{"rendered":"https:\/\/codengine3.ch\/?product=import-placeholder-for-205765"},"modified":"2021-01-15T14:43:46","modified_gmt":"2021-01-15T14:43:46","slug":"huettentreks-schweiz","status":"publish","type":"product","link":"https:\/\/pizbube.ch\/en\/shop\/huettentreks-schweiz\/","title":{"rendered":"H\u00fcttentreks Schweiz"},"content":{"rendered":"<p>Die 34 sch\u00f6nsten Mehrtagestouren von H\u00fctte zu H\u00fctte  <\/p>\n<p>Fantastische Touren von H\u00fctte zu H\u00fctte &#8211; das Standardwerk \u00fcber die herrlichen<br \/>\nSchweizer Berge.<\/p>\n<p>Die akribische Aufbereitung der Toureninfos sowie die gro\u00dfz\u00fcgige Bebilderung<br \/>\nmachen das Buch zum unverzichtbaren Begleiter f\u00fcr alle ambitionierten<br \/>\nWanderer, die von der dichten Tourenauswahl aus Ost- und Zentralschweiz,<br \/>\nBerner Oberland, Wallis, Tessin sowie Graub\u00fcnden begeistert sein werden!  <\/p>\n<p>288 Seiten, ca. 240 Abbildungen.  <\/p>","protected":false},"excerpt":{"rendered":"<p>Die 34 sch\u00f6nsten Mehrtagestouren von H\u00fctte zu H\u00fctte Fantastische Touren von H\u00fctte zu H\u00fctte &#8211; das Standardwerk \u00fcber die herrlichen Schweizer Berge. Die akribische Aufbereitung der Toureninfos sowie die gro\u00dfz\u00fcgige Bebilderung machen das Buch zum unverzichtbaren Begleiter f\u00fcr alle ambitionierten Wanderer, die von der dichten Tourenauswahl aus Ost- und Zentralschweiz, Berner Oberland, Wallis, Tessin sowie [&#8230;]\n","protected":false},"featured_media":34584,"template":"","meta":[],"product_brand":[],"product_cat":[21605],"product_tag":[],"class_list":{"0":"post-151110","1":"product","2":"type-product","3":"status-publish","4":"has-post-thumbnail","6":"product_cat-wanderfuehrer-trekking","7":"pa_autor-zahel","8":"pa_erscheinungsjahr-21610","9":"pa_region-schweiz","10":"pa_sprache-de","12":"first","13":"outofstock","14":"taxable","15":"shipping-taxable","16":"purchasable","17":"product-type-simple"},"_links":{"self":[{"href":"https:\/\/pizbube.ch\/en\/wp-json\/wp\/v2\/product\/151110","targetHints":{"allow":["GET"]}}],"collection":[{"href":"https:\/\/pizbube.ch\/en\/wp-json\/wp\/v2\/product"}],"about":[{"href":"https:\/\/pizbube.ch\/en\/wp-json\/wp\/v2\/types\/product"}],"wp:featuredmedia":[{"embeddable":true,"href":"https:\/\/pizbube.ch\/en\/wp-json\/wp\/v2\/media\/34584"}],"wp:attachment":[{"href":"https:\/\/pizbube.ch\/en\/wp-json\/wp\/v2\/media?parent=151110"}],"wp:term":[{"taxonomy":"product_brand","embeddable":true,"href":"https:\/\/pizbube.ch\/en\/wp-json\/wp\/v2\/product_brand?post=151110"},{"taxonomy":"product_cat","embeddable":true,"href":"https:\/\/pizbube.ch\/en\/wp-json\/wp\/v2\/product_cat?post=151110"},{"taxonomy":"product_tag","embeddable":true,"href":"https:\/\/pizbube.ch\/en\/wp-json\/wp\/v2\/product_tag?post=151110"}],"curies":[{"name":"wp","href":"https:\/\/api.w.org\/{rel}","templated":true}]}}