{"id":151111,"date":"2021-01-15T11:59:09","date_gmt":"2021-01-15T11:59:09","guid":{"rendered":"https:\/\/codengine3.ch\/?product=import-placeholder-for-204826"},"modified":"2021-01-15T14:36:35","modified_gmt":"2021-01-15T14:36:35","slug":"alpinwandern-schweiz-von-huette-zu-huette","status":"publish","type":"product","link":"https:\/\/pizbube.ch\/en\/shop\/alpinwandern-schweiz-von-huette-zu-huette\/","title":{"rendered":"Alpinwandern Schweiz \u00ad- Von H\u00fctte zu H\u00fctte"},"content":{"rendered":"<p>103 Tourenvorschl\u00e4ge zwischen Genfersee und Unterengadin<\/p>\n<p>Eine Auswahl von 103 Bergwanderungen, zwischen Genfersee und dem Unterengadin,<br \/>\nwerden nach pr\u00e4ziser SAC-Art in Wort und Bild vorgestellt.  <\/p>\n<p>Die sch\u00f6nsten Wege und Pass\u00fcberg\u00e4nge; Dieses Buch bietet eine Auswahl der<br \/>\nsch\u00f6nsten Routen der Schweizer Alpen. Beschrieben sind 103 Bergwanderungen f\u00fcr<br \/>\nAnf\u00e4nger, erfahrene Bergwanderer, Familien mit Kindern, Veteranen und enth\u00e4lt<br \/>\nAngaben wie: Allgemeine Informationen zu Bergwandern, Ausgangspunkte und<br \/>\nZielorte, \u00dcbersichtskarten, detaillierte Routenbeschreibungen, H\u00f6henprofile,<br \/>\nSAC-Wanderskala, Telefonnummer, E-Mail und Internetadressen der H\u00fctten.<\/p>\n<p>336 Seiten, 90 Farbfotos, 103 Kartenausschnitte, 109 Zeichnungen, 9.<br \/>\n\u00fcberarbeitete Auflage 2013<\/p>","protected":false},"excerpt":{"rendered":"<p>103 Tourenvorschl\u00e4ge zwischen Genfersee und Unterengadin Eine Auswahl von 103 Bergwanderungen, zwischen Genfersee und dem Unterengadin, werden nach pr\u00e4ziser SAC-Art in Wort und Bild vorgestellt. Die sch\u00f6nsten Wege und Pass\u00fcberg\u00e4nge; Dieses Buch bietet eine Auswahl der sch\u00f6nsten Routen der Schweizer Alpen. Beschrieben sind 103 Bergwanderungen f\u00fcr Anf\u00e4nger, erfahrene Bergwanderer, Familien mit Kindern, Veteranen und enth\u00e4lt [&#8230;]\n","protected":false},"featured_media":26580,"template":"","meta":[],"product_brand":[],"product_cat":[21605],"product_tag":[],"class_list":{"0":"post-151111","1":"product","2":"type-product","3":"status-publish","4":"has-post-thumbnail","6":"product_cat-wanderfuehrer-trekking","7":"pa_autor-metzker","8":"pa_erscheinungsjahr-21568","9":"pa_region-schweiz","10":"pa_sprache-de","12":"first","13":"outofstock","14":"taxable","15":"shipping-taxable","16":"purchasable","17":"product-type-simple"},"_links":{"self":[{"href":"https:\/\/pizbube.ch\/en\/wp-json\/wp\/v2\/product\/151111","targetHints":{"allow":["GET"]}}],"collection":[{"href":"https:\/\/pizbube.ch\/en\/wp-json\/wp\/v2\/product"}],"about":[{"href":"https:\/\/pizbube.ch\/en\/wp-json\/wp\/v2\/types\/product"}],"wp:featuredmedia":[{"embeddable":true,"href":"https:\/\/pizbube.ch\/en\/wp-json\/wp\/v2\/media\/26580"}],"wp:attachment":[{"href":"https:\/\/pizbube.ch\/en\/wp-json\/wp\/v2\/media?parent=151111"}],"wp:term":[{"taxonomy":"product_brand","embeddable":true,"href":"https:\/\/pizbube.ch\/en\/wp-json\/wp\/v2\/product_brand?post=151111"},{"taxonomy":"product_cat","embeddable":true,"href":"https:\/\/pizbube.ch\/en\/wp-json\/wp\/v2\/product_cat?post=151111"},{"taxonomy":"product_tag","embeddable":true,"href":"https:\/\/pizbube.ch\/en\/wp-json\/wp\/v2\/product_tag?post=151111"}],"curies":[{"name":"wp","href":"https:\/\/api.w.org\/{rel}","templated":true}]}}