{"id":151115,"date":"2021-01-15T11:59:09","date_gmt":"2021-01-15T11:59:09","guid":{"rendered":"https:\/\/codengine3.ch\/?product=import-placeholder-for-208796"},"modified":"2023-08-04T13:51:56","modified_gmt":"2023-08-04T11:51:56","slug":"popular-climbing-routes-in-slovenia","status":"publish","type":"product","link":"https:\/\/pizbube.ch\/en\/shop\/popular-climbing-routes-in-slovenia\/","title":{"rendered":"Popular Climbing Routes in Slovenia"},"content":{"rendered":"<p>A guidebook describing a good selection of the best routes, both mountain and<br \/>\nrock, in Slovenia.<\/p>\n<p>The guide contains full routes descriptions accompanied by photo-topos and<br \/>\ncomprehensive and easy to follow route derscriptions&#8230;<br \/>\nAs well as the classics the book also describes some of the more modern rock<br \/>\nroutes&#8230;<\/p>\n<p>Areas covered are The Julian Alps; The Kamnik-Savinja Alps; Osp Face.<br \/>\nEnglish language.<\/p>\n<p>Full Colour Photos &amp; Topos;<br \/>\n332 pages; 16,5 x 22 cm<\/p>\n<p>&nbsp;<\/p>\n<p>For quite some years the authors carried the climbing guide Slovenske stene<br \/>\n(from which this book, Popular Climbing Routes in Slovenia, has been prepared)<br \/>\nwithin their hearts and minds. But young alpinists wanted to have a survey of<br \/>\nthe finest routes and mountain walls throughout Slovenia, and so the guidebook<br \/>\ncame into being in 1987, followed by a second edition.<\/p>\n<p>Foreign alpinists have often pointed out how good it would be to translate this book and thus present<br \/>\nthe best routes to climbers from abroad who wish to spend some time exploring<br \/>\nthe Slovene Alps. The choice of routes in the original book was governed by<br \/>\nthree criteria: aesthetic (the most important), historical and regional, and<br \/>\nmany alpinists were involved in the selection. Sadly, the author Tine Miheli\u010d<br \/>\ndied in the Slovene mountains in 2004 and it is in his memory that this<br \/>\nselection of the best known climbing routes in Slovenia has been prepared in<br \/>\ncollaboration with the two translators.<\/p>\n<p>&nbsp;<\/p>\n<p>&nbsp;<\/p>\n<div><strong>Covers the Julian Alps\u00a0<\/strong><\/div>\n<div>Jalovec: 1.Horn Route, 2. North-East Ar\u00eate, 3. Dular Dihedral.<\/div>\n<div>\u0160ite: 4. Herlec-Ko\u010devar Route, 5. Bela\u010d-Zupan Route, 6. \u0160ite Dihedral, 7. JLA Route.<\/div>\n<div>Travnik: 8. Travnik Dihedral, 9. Aschenbrenner Route, 10. Debeljak Variant, 11. Black Pearl.<\/div>\n<div>The Mojstrovkas &#8211; Mala Mojstrovka: 12. North Ar\u00eate, 13. Chimney Route.<\/div>\n<div>The Mojstrovkas &#8211; Velika Mojstrovka: 14. Metallurgists&#8216; Route, 15. Debelakova Route, 16. Beggars&#8216; Buttress.<\/div>\n<div>Prisank: 17. The Devil&#8217;s Pillar.<\/div>\n<div>\u0160krlatica: 18. Skala Pillar, 19. \u0160krlatica Ledges, 20. South Ridge.<\/div>\n<div>Rakova \u0160pica: 21. Central Pillar, 22. Right Dihedral, 23. Swiss Route.<\/div>\n<div>Rogljica: 24. Central Pillar.<\/div>\n<div>\u0160pik: 25. Dibona Route, 26. Direct Route, 27. Direttissima.<\/div>\n<div>Frdamane Police: 28. Schinko Route, 29. Polda\u010d Route.<\/div>\n<div>\u0160iroka Pe\u010d: 30. East Pillar, 31. \u010cihula Route, 32. Opium.<\/div>\n<div>The Kukova \u0160pica &#8211; \u0160krlatica Ridge: 33. Ridge Traverse (Kukova \u0161pica, Bivak II, Dov\u0161ki kri\u017e, Oltar, Visoki Rokav, Srednji Rokav).<\/div>\n<div>Spodnji Rokav: 34. Poto\u010dnik-Tomin\u0161ek Route.<\/div>\n<div>Stenar: 35. Brojan Ar\u00eate, 36. Memorial Dihedral.<\/div>\n<div>Triglav North Face: 37. Slovene Route, 38. German Route, 39. Zimmer-Jahn Exit, 40. Bavarian Route, 41. Peternel Route, 42. Skala Route and Gorenjska Route, 43. Helba Route, 44. \u010cop Pillar, 45. Prusik-Szalay Route, 46. The Mojstrana Squirrels&#8216; Ar\u00eate in the Sphinx, 47. West Dihedral, 48. Locksmiths&#8216; Route, 49. Stairway to Heaven, 50. Sandi Wisiak Route, 51. Trieste Route, 52. Zlatorog Ledges.<\/div>\n<div>Rjavina: 53. Central Route, 54. Milliard.<\/div>\n<div>Teme: 55. Duhovnik-Ho\u010devar Route (Medvode Route).<\/div>\n<div>Veliki Dra\u0161ki Vrh: 56. Kilar-Levstek Route, 57. Slanting Dihedral, 58. Central Route, 59. Victoria, 60. Dolar-Kilar-Vavken Route, Trapez.<\/div>\n<div>Debela Pe\u010d: 61. North-East Ar\u00eate, 62. Parisian Coquette, 63. Central Route\/Jesih-Poto\u010dnik Route, 64. Seklo\u010da Route.<\/div>\n<div><\/div>\n<div><strong>The Kamnik-Savinja Alps<\/strong><\/div>\n<div>Ojstrica: 65. Herle Route, 66. Ogrin-Omersa Route, 67. Ivo Reya Route, 68. Right Route.<\/div>\n<div>Dedec: 69. Left Route, 70. Schara Crack, 71. Central Pillar.<\/div>\n<div>Zeleni\u0161ke \u0160pice: 72. Ridge Traverse.<\/div>\n<div>Planjava: 73. Humar-\u0160karja Route, 74. Saturday Route, 75. Planjava Pillar &#8211; X-Route, 76. Svetelova Route, 77. Gallery-Window Route, 78. Short Pants Route, 79. Gradi\u0161nik-Ogrin Route, 80. Planjava Head &#8211; Dular-Juvan Route.<\/div>\n<div>Brana: 81. Upper Pillar and \u0160ija Route.<\/div>\n<div>Turska Gora: 82. Szalay-Gerin Ar\u00eate.<\/div>\n<div><\/div>\n<div><strong>The Rinkas<\/strong><\/div>\n<div>Mala Rinka: 83. East Route, 84. Igli\u010d Route.<\/div>\n<div>\u0160tajerska Rinka: 85. North-East Ar\u00eate, 86. Direct Route, 87. Modec-Re\u017eek Route.<\/div>\n<div>Skuta: 88. The Rinka-Skuta Ridge, 89. South Ar\u00eate, 90. Skuta Dihedral.<\/div>\n<div>\u0160truca: 91. Igli\u010d-Verbic Route, 92. \u010crnivec-Pibernik Route.<\/div>\n<div>Kogel: 93. Kamnik Route, 94. Zupan Route, 95. Virens Route, 96. Yellow Dihedral.<\/div>\n<div>Dolgi Hrbet: 97. Bart Buttress, 98. Triangle, 99. Jubilee Route, 100. Indian Summer.<\/div>\n<div>Osp Face: 101. Ancient Route, 102. Medo Route .<\/div>","protected":false},"excerpt":{"rendered":"<p>A guidebook describing a good selection of the best routes, both mountain and rock, in Slovenia. The guide contains full routes descriptions accompanied by photo-topos and comprehensive and easy to follow route derscriptions&#8230; As well as the classics the book also describes some of the more modern rock routes&#8230; Areas covered are The Julian Alps; [&#8230;]\n","protected":false},"featured_media":164170,"template":"","meta":[],"product_brand":[],"product_cat":[21539],"product_tag":[26858],"class_list":{"0":"post-151115","1":"product","2":"type-product","3":"status-publish","4":"has-post-thumbnail","6":"product_cat-fuehrerliteratur-sportklettern-bouldern","7":"product_tag-slovenien","8":"pa_autor-mihelic-zaman","9":"pa_erscheinungsjahr-21550","10":"pa_region-osteuropa","11":"pa_sprache-en","13":"first","14":"instock","15":"taxable","16":"shipping-taxable","17":"purchasable","18":"product-type-simple"},"_links":{"self":[{"href":"https:\/\/pizbube.ch\/en\/wp-json\/wp\/v2\/product\/151115","targetHints":{"allow":["GET"]}}],"collection":[{"href":"https:\/\/pizbube.ch\/en\/wp-json\/wp\/v2\/product"}],"about":[{"href":"https:\/\/pizbube.ch\/en\/wp-json\/wp\/v2\/types\/product"}],"wp:featuredmedia":[{"embeddable":true,"href":"https:\/\/pizbube.ch\/en\/wp-json\/wp\/v2\/media\/164170"}],"wp:attachment":[{"href":"https:\/\/pizbube.ch\/en\/wp-json\/wp\/v2\/media?parent=151115"}],"wp:term":[{"taxonomy":"product_brand","embeddable":true,"href":"https:\/\/pizbube.ch\/en\/wp-json\/wp\/v2\/product_brand?post=151115"},{"taxonomy":"product_cat","embeddable":true,"href":"https:\/\/pizbube.ch\/en\/wp-json\/wp\/v2\/product_cat?post=151115"},{"taxonomy":"product_tag","embeddable":true,"href":"https:\/\/pizbube.ch\/en\/wp-json\/wp\/v2\/product_tag?post=151115"}],"curies":[{"name":"wp","href":"https:\/\/api.w.org\/{rel}","templated":true}]}}