{"id":151116,"date":"2021-01-15T11:59:09","date_gmt":"2021-01-15T11:59:09","guid":{"rendered":"https:\/\/codengine3.ch\/?product=import-placeholder-for-207926"},"modified":"2021-01-15T17:00:10","modified_gmt":"2021-01-15T17:00:10","slug":"speed","status":"publish","type":"product","link":"https:\/\/pizbube.ch\/en\/shop\/speed\/","title":{"rendered":"Speed"},"content":{"rendered":"<p>Ueli Steck est un ph\u00e9nom\u00e8ne. Sa conception originale de la pratique de la<br \/>\nmontagne, fond\u00e9e sur la performance sportive, l\u2019a propuls\u00e9 au rang de grimpeur<br \/>\nle plus rapide du monde.<\/p>\n<p>7 heures qui ont chang\u00e9 ma vie&#8230;<br \/>\nUeli Steck est un alpiniste hors normes. Sa r\u00e9alisation la plus spectaculaire<br \/>\njusqu\u2019\u00e0 aujourd\u2019hui, la trilogie express des trois grandes faces nord<br \/>\nclassiques : c\u2019est-\u00e0-dire l\u2019Eiger, les Grandes Jorasses et le Cervin.<br \/>\nO\u00f9 r\u00e9side l\u2019attrait de cette rapidit\u00e9 dans les parcours glaciaires et rocheux<br \/>\n? Qu\u2019est-ce qui pousse le jeune grimpeur suisse \u00e0 continuer \u00e0 d\u00e9velopper cette<br \/>\nentreprise audacieuse ? Dans les r\u00e9cits saisissants et les conversations<br \/>\npersonnelles avec les alpinistes l\u00e9gendaires, Walter Bonatti, Reinhold Messner<br \/>\net Christophe Profit, Ueli Steck nous ouvre le monde fascinant de ses exploits<br \/>\nexceptionnels.<\/p>\n<p>352 pages, Format : 12 x 17 cm, Traduit de l&#8217;allemand<\/p>","protected":false},"excerpt":{"rendered":"<ul>\n<li><a href=\"https:\/\/youtu.be\/i54V8ChrtBI\" target=\"_blank\" rel=\"noopener\">Video: Livre &#171;Speed&#187;, interview d&#8217;Ueli Steck <\/a><\/li>\n<\/ul>","protected":false},"featured_media":38855,"template":"","meta":[],"product_brand":[],"product_cat":[21542],"product_tag":[],"class_list":{"0":"post-151116","1":"product","2":"type-product","3":"status-publish","4":"has-post-thumbnail","6":"product_cat-sachbuecher-dokumentationen","7":"pa_autor-steck","8":"pa_erscheinungsjahr-21550","9":"pa_region-frankreich","10":"pa_sprache-fr","12":"first","13":"instock","14":"taxable","15":"shipping-taxable","16":"purchasable","17":"product-type-simple"},"_links":{"self":[{"href":"https:\/\/pizbube.ch\/en\/wp-json\/wp\/v2\/product\/151116","targetHints":{"allow":["GET"]}}],"collection":[{"href":"https:\/\/pizbube.ch\/en\/wp-json\/wp\/v2\/product"}],"about":[{"href":"https:\/\/pizbube.ch\/en\/wp-json\/wp\/v2\/types\/product"}],"wp:featuredmedia":[{"embeddable":true,"href":"https:\/\/pizbube.ch\/en\/wp-json\/wp\/v2\/media\/38855"}],"wp:attachment":[{"href":"https:\/\/pizbube.ch\/en\/wp-json\/wp\/v2\/media?parent=151116"}],"wp:term":[{"taxonomy":"product_brand","embeddable":true,"href":"https:\/\/pizbube.ch\/en\/wp-json\/wp\/v2\/product_brand?post=151116"},{"taxonomy":"product_cat","embeddable":true,"href":"https:\/\/pizbube.ch\/en\/wp-json\/wp\/v2\/product_cat?post=151116"},{"taxonomy":"product_tag","embeddable":true,"href":"https:\/\/pizbube.ch\/en\/wp-json\/wp\/v2\/product_tag?post=151116"}],"curies":[{"name":"wp","href":"https:\/\/api.w.org\/{rel}","templated":true}]}}