{"id":151117,"date":"2021-01-15T11:59:09","date_gmt":"2021-01-15T11:59:09","guid":{"rendered":"https:\/\/codengine3.ch\/?product=import-placeholder-for-201193"},"modified":"2021-01-15T11:59:20","modified_gmt":"2021-01-15T11:59:20","slug":"ueli-steck-8000","status":"publish","type":"product","link":"https:\/\/pizbube.ch\/en\/shop\/ueli-steck-8000\/","title":{"rendered":"Ueli Steck 8000+"},"content":{"rendered":"<p>&#171;Le grimpeur le plus rapide du monde&#187;, &#171;l\u2019athl\u00e8te des cimes&#187;, la &#171;Swiss<br \/>\nMachine&#187;, les superlatifs ne manquent pas pour qualifier l&#8217;alpiniste<br \/>\noriginaire d&#8217;Emmental, et qui s&#8217;est singularis\u00e9 en escaladant les plus hauts<br \/>\nsommets, par des voies d&#8217;extr\u00eame difficult\u00e9 et en un temps record. Pour son<br \/>\ndeuxi\u00e8me livre, Ueli Steck quitte les Alpes et nous emm\u00e8ne en Himalaya, au-<br \/>\ndel\u00e0 de la zone de la mort. Il s\u2019y applique \u00e0 utiliser les m\u00eames m\u00e9thodes qui<br \/>\nlui ont permis de vaincre, en solo, la face nord de l\u2019Eiger en 2 heures et 47<br \/>\nminutes.<\/p>\n<p>Mais les plus hautes montagnes sont rebelles et Ueli est contraint de prendre<br \/>\ndes risques : il chute de 300 m\u00e8tres dans la face sud de l\u2019Annapurna, \u00e9choue<br \/>\ndans sa tentative de sauvetage de l\u2019alpiniste I\u00f1aki Ochoa et doit renoncer au<br \/>\npilier ouest du Makalu noy\u00e9 sous la neige\u2026<\/p>\n<p>Mais le Suisse a \u00e9t\u00e9 \u00e0 bonne \u00e9cole puisque sa premi\u00e8re exp\u00e9rience en Himalaya<br \/>\ns&#8217;est d\u00e9roul\u00e9e avec Erhard Loretan. Il se rel\u00e8ve et gravit en solo le<br \/>\nGasherbum II, puis la face sud du Sishapangma en dix heures ! Autant<br \/>\nd\u2019occasions de s\u2019interroger sur la promesse qu\u2019il a faite \u00e0 son \u00e9pouse de<br \/>\nrenoncer au solo, mais aussi sur le sens de son engagement, sur le sens de la<br \/>\nvie\u2026<\/p>","protected":false},"excerpt":{"rendered":"<p>&#171;Le grimpeur le plus rapide du monde&#187;, &#171;l\u2019athl\u00e8te des cimes&#187;, la &#171;Swiss Machine&#187;, les superlatifs ne manquent pas pour qualifier l&#8217;alpiniste originaire d&#8217;Emmental, et qui s&#8217;est singularis\u00e9 en escaladant les plus hauts sommets, par des voies d&#8217;extr\u00eame difficult\u00e9 et en un temps record. Pour son deuxi\u00e8me livre, Ueli Steck quitte les Alpes et nous emm\u00e8ne [&#8230;]\n","protected":false},"featured_media":28389,"template":"","meta":[],"product_brand":[],"product_cat":[21542],"product_tag":[],"class_list":{"0":"post-151117","1":"product","2":"type-product","3":"status-publish","4":"has-post-thumbnail","6":"product_cat-sachbuecher-dokumentationen","7":"pa_autor-steck-sterinbach","8":"pa_erscheinungsjahr-21597","9":"pa_region-frankreich","10":"pa_sprache-fr","12":"first","13":"instock","14":"taxable","15":"shipping-taxable","16":"purchasable","17":"product-type-simple"},"_links":{"self":[{"href":"https:\/\/pizbube.ch\/en\/wp-json\/wp\/v2\/product\/151117","targetHints":{"allow":["GET"]}}],"collection":[{"href":"https:\/\/pizbube.ch\/en\/wp-json\/wp\/v2\/product"}],"about":[{"href":"https:\/\/pizbube.ch\/en\/wp-json\/wp\/v2\/types\/product"}],"wp:featuredmedia":[{"embeddable":true,"href":"https:\/\/pizbube.ch\/en\/wp-json\/wp\/v2\/media\/28389"}],"wp:attachment":[{"href":"https:\/\/pizbube.ch\/en\/wp-json\/wp\/v2\/media?parent=151117"}],"wp:term":[{"taxonomy":"product_brand","embeddable":true,"href":"https:\/\/pizbube.ch\/en\/wp-json\/wp\/v2\/product_brand?post=151117"},{"taxonomy":"product_cat","embeddable":true,"href":"https:\/\/pizbube.ch\/en\/wp-json\/wp\/v2\/product_cat?post=151117"},{"taxonomy":"product_tag","embeddable":true,"href":"https:\/\/pizbube.ch\/en\/wp-json\/wp\/v2\/product_tag?post=151117"}],"curies":[{"name":"wp","href":"https:\/\/api.w.org\/{rel}","templated":true}]}}