{"id":151119,"date":"2021-01-15T11:59:16","date_gmt":"2021-01-15T11:59:16","guid":{"rendered":"https:\/\/codengine3.ch\/?product=import-placeholder-for-205503"},"modified":"2021-01-15T14:41:45","modified_gmt":"2021-01-15T14:41:45","slug":"lalpinisme-des-premiers-pas-aux-grandes-courses","status":"publish","type":"product","link":"https:\/\/pizbube.ch\/en\/shop\/lalpinisme-des-premiers-pas-aux-grandes-courses\/","title":{"rendered":"L&#8217;Alpinisme &#8211; Des premiers pas aux grandes courses"},"content":{"rendered":"<p>\nL&#8217;ouvrage technique de r\u00e9f\u00e9rence de l&#8217;ENSA pour tous les alpinistes  <\/p>\n<p>Con\u00e7u par trois professeurs\/guides de l&#8217;ENSA, cet ouvrage fait le point sur<br \/>\nl&#8217;\u00e9volution des techniques de progression et de s\u00e9curit\u00e9 en haute montagne.  <\/p>\n<p>En d\u00e9but d&#8217;ouvrage, sont abord\u00e9s les fondamentaux propres aux diff\u00e9rents types<br \/>\nde course : rocher, neige, mixte. Puis, par le parcours d&#8217;une douzaine de<br \/>\ngrandes courses r\u00e9alis\u00e9es pour l&#8217;occasion, au Grand Paradis, en Suisse, au<br \/>\nMont-Blanc, en Vanoise et dans les \u00c9crins, les auteurs exposent les techniques<br \/>\nadapt\u00e9es au type de terrain concern\u00e9, avec des difficult\u00e9s progressives, en<br \/>\nlaissant une grande place \u00e0 l&#8217;image.<\/p>\n<p>Sont ainsi trait\u00e9es les courses faciles, en neige ou en rocher, pour<br \/>\nprogressivement \u00e9voluer vers de grandes aventures comme le mont Blanc par le<br \/>\npilier du Fr\u00eaney, en passant par les goulottes, les courses d&#8217;ar\u00eates, les<br \/>\nescalades rocheuses modernes et la cascade de glace. Il s&#8217;agit d&#8217;un ouvrage<br \/>\nvivant et tr\u00e8s visuel, plus que d&#8217;un pr\u00e9cis th\u00e9orique classique.<\/p>","protected":false},"excerpt":{"rendered":"<p>L&#8217;ouvrage technique de r\u00e9f\u00e9rence de l&#8217;ENSA pour tous les alpinistes Con\u00e7u par trois professeurs\/guides de l&#8217;ENSA, cet ouvrage fait le point sur l&#8217;\u00e9volution des techniques de progression et de s\u00e9curit\u00e9 en haute montagne. En d\u00e9but d&#8217;ouvrage, sont abord\u00e9s les fondamentaux propres aux diff\u00e9rents types de course : rocher, neige, mixte. Puis, par le parcours d&#8217;une [&#8230;]\n","protected":false},"featured_media":32479,"template":"","meta":[],"product_brand":[],"product_cat":[21538],"product_tag":[],"class_list":{"0":"post-151119","1":"product","2":"type-product","3":"status-publish","4":"has-post-thumbnail","6":"product_cat-lehrbuecher","7":"pa_autor-decorps-hagenmuller-moulin","8":"pa_erscheinungsjahr-21571","9":"pa_region-alpin-sommer","10":"pa_sprache-fr","12":"first","13":"instock","14":"taxable","15":"shipping-taxable","16":"purchasable","17":"product-type-simple"},"_links":{"self":[{"href":"https:\/\/pizbube.ch\/en\/wp-json\/wp\/v2\/product\/151119","targetHints":{"allow":["GET"]}}],"collection":[{"href":"https:\/\/pizbube.ch\/en\/wp-json\/wp\/v2\/product"}],"about":[{"href":"https:\/\/pizbube.ch\/en\/wp-json\/wp\/v2\/types\/product"}],"wp:featuredmedia":[{"embeddable":true,"href":"https:\/\/pizbube.ch\/en\/wp-json\/wp\/v2\/media\/32479"}],"wp:attachment":[{"href":"https:\/\/pizbube.ch\/en\/wp-json\/wp\/v2\/media?parent=151119"}],"wp:term":[{"taxonomy":"product_brand","embeddable":true,"href":"https:\/\/pizbube.ch\/en\/wp-json\/wp\/v2\/product_brand?post=151119"},{"taxonomy":"product_cat","embeddable":true,"href":"https:\/\/pizbube.ch\/en\/wp-json\/wp\/v2\/product_cat?post=151119"},{"taxonomy":"product_tag","embeddable":true,"href":"https:\/\/pizbube.ch\/en\/wp-json\/wp\/v2\/product_tag?post=151119"}],"curies":[{"name":"wp","href":"https:\/\/api.w.org\/{rel}","templated":true}]}}