{"id":151120,"date":"2021-01-15T11:59:16","date_gmt":"2021-01-15T11:59:16","guid":{"rendered":"https:\/\/codengine3.ch\/?product=import-placeholder-for-205510"},"modified":"2021-01-15T14:41:50","modified_gmt":"2021-01-15T14:41:50","slug":"lescalade","status":"publish","type":"product","link":"https:\/\/pizbube.ch\/en\/shop\/lescalade\/","title":{"rendered":"L&#8217;escalade"},"content":{"rendered":"<p>De la salle aux grandes parois rocheuses  <\/p>\n<p>Le d\u00e9veloppement des salles d&#8217;escalade attire un nombre croissant de<br \/>\npratiquants. C&#8217;est souvent l\u00e0, au coeur des cit\u00e9s, que d\u00e9butent aujourd&#8217;hui la<br \/>\nmajorit\u00e9 des grimpeurs avant de d\u00e9couvrir le rocher. Falaises sportives,<br \/>\ngrandes voies, parois aventureuses : le choix est vaste et complexe, tout<br \/>\nautant que le nombre des techniques \u00e0 apprendre pour progresser avec plaisir<br \/>\net en s\u00e9curit\u00e9.  <\/p>\n<p>Cet ouvrage pr\u00e9sente ce qu&#8217;il faut absolument savoir pour aborder les divers<br \/>\nterrains de jeu, avec un souci de clart\u00e9 et de simplicit\u00e9. La priorit\u00e9 est<br \/>\ndonn\u00e9e aux s\u00e9ries de photos, assorties d&#8217;une explication courte pour chaque<br \/>\n\u00e9tape de l&#8217;action d\u00e9crite. Un chapitre introductif retrace les grandes heures<br \/>\nde l&#8217;histoire de l&#8217;escalade. De nombreux topos de voies sont essaim\u00e9s dans<br \/>\nl&#8217;ouvrage en tenant compte des terrains et des niveaux de pratique.<\/p>","protected":false},"excerpt":{"rendered":"<p>De la salle aux grandes parois rocheuses Le d\u00e9veloppement des salles d&#8217;escalade attire un nombre croissant de pratiquants. C&#8217;est souvent l\u00e0, au coeur des cit\u00e9s, que d\u00e9butent aujourd&#8217;hui la majorit\u00e9 des grimpeurs avant de d\u00e9couvrir le rocher. Falaises sportives, grandes voies, parois aventureuses : le choix est vaste et complexe, tout autant que le nombre [&#8230;]\n","protected":false},"featured_media":34237,"template":"","meta":[],"product_brand":[],"product_cat":[21542],"product_tag":[],"class_list":{"0":"post-151120","1":"product","2":"type-product","3":"status-publish","4":"has-post-thumbnail","6":"product_cat-sachbuecher-dokumentationen","7":"pa_autor-brass","8":"pa_erscheinungsjahr-21591","9":"pa_region-klettertechnik","10":"pa_sprache-fr","12":"first","13":"instock","14":"taxable","15":"shipping-taxable","16":"purchasable","17":"product-type-simple"},"_links":{"self":[{"href":"https:\/\/pizbube.ch\/en\/wp-json\/wp\/v2\/product\/151120","targetHints":{"allow":["GET"]}}],"collection":[{"href":"https:\/\/pizbube.ch\/en\/wp-json\/wp\/v2\/product"}],"about":[{"href":"https:\/\/pizbube.ch\/en\/wp-json\/wp\/v2\/types\/product"}],"wp:featuredmedia":[{"embeddable":true,"href":"https:\/\/pizbube.ch\/en\/wp-json\/wp\/v2\/media\/34237"}],"wp:attachment":[{"href":"https:\/\/pizbube.ch\/en\/wp-json\/wp\/v2\/media?parent=151120"}],"wp:term":[{"taxonomy":"product_brand","embeddable":true,"href":"https:\/\/pizbube.ch\/en\/wp-json\/wp\/v2\/product_brand?post=151120"},{"taxonomy":"product_cat","embeddable":true,"href":"https:\/\/pizbube.ch\/en\/wp-json\/wp\/v2\/product_cat?post=151120"},{"taxonomy":"product_tag","embeddable":true,"href":"https:\/\/pizbube.ch\/en\/wp-json\/wp\/v2\/product_tag?post=151120"}],"curies":[{"name":"wp","href":"https:\/\/api.w.org\/{rel}","templated":true}]}}