{"id":151121,"date":"2021-01-15T11:59:16","date_gmt":"2021-01-15T11:59:16","guid":{"rendered":"https:\/\/codengine3.ch\/?product=import-placeholder-for-208458"},"modified":"2021-01-15T17:54:16","modified_gmt":"2021-01-15T17:54:16","slug":"memento-alpinisme","status":"publish","type":"product","link":"https:\/\/pizbube.ch\/en\/shop\/memento-alpinisme\/","title":{"rendered":"M\u00e9mento Alpinisme"},"content":{"rendered":"<p>L&#8217;alpinisme est un sport complexe dont la pratique oblige \u00e0 cumuler efforts<br \/>\nphysiques, gestes techniques, connaissance du mat\u00e9riel et n\u00e9cessite de<br \/>\ns&#8217;adapter \u00e0 un environnement changeant.<br \/>\nDepuis plusieurs d\u00e9cennies, la FFME \u00e9dite des ouvrages destin\u00e9s \u00e0 ses<br \/>\nlicenci\u00e9s et plus largement \u00e0 tous les pratiquants de ses activit\u00e9s qu&#8217;elles<br \/>\nse situent en plaine ou en montagne. Ils constituent autant de r\u00e9f\u00e9rences tant<br \/>\nau sein qu&#8217;\u00e0 l&#8217;ext\u00e9rieur de la f\u00e9d\u00e9ration.  <\/p>\n<p>Cette nouvelle \u00e9dition s&#8217;adresse \u00e0 celles et ceux qui sont d\u00e9sireux de<br \/>\nd\u00e9couvrir l&#8217;alpinisme ou de se perfectionner dans cette discipline. Elle<br \/>\ncouvre l&#8217;ensemble des facettes de son exercice tant dans l&#8217;objectif d&#8217;une<br \/>\npratique individuelle que de celui d&#8217;un encadrant qui doit savoir mettre en<br \/>\noeuvre des conduites humaines ou techniques diverses.<br \/>\nCe m\u00e9mento est un outil d&#8217;aide aux \u00e9ducateurs et \u00e0 ceux qui entreprennent une<br \/>\nformation. Il ambitionne d&#8217;apporter des \u00e9l\u00e9ments sur les m\u00e9thodes<br \/>\nclassiquement utilis\u00e9es et insiste, \u00e0 tous les \u00e9chelons, sur les notions de<br \/>\ns\u00e9curit\u00e9.<br \/>\n223 pages<\/p>","protected":false},"excerpt":{"rendered":"<p>L&#8217;alpinisme est un sport complexe dont la pratique oblige \u00e0 cumuler efforts physiques, gestes techniques, connaissance du mat\u00e9riel et n\u00e9cessite de s&#8217;adapter \u00e0 un environnement changeant. Depuis plusieurs d\u00e9cennies, la FFME \u00e9dite des ouvrages destin\u00e9s \u00e0 ses licenci\u00e9s et plus largement \u00e0 tous les pratiquants de ses activit\u00e9s qu&#8217;elles se situent en plaine ou en [&#8230;]\n","protected":false},"featured_media":40261,"template":"","meta":[],"product_brand":[],"product_cat":[21538],"product_tag":[],"class_list":{"0":"post-151121","1":"product","2":"type-product","3":"status-publish","4":"has-post-thumbnail","6":"product_cat-lehrbuecher","7":"pa_autor-ffme","8":"pa_erscheinungsjahr-21597","9":"pa_region-alpin-sommer","10":"pa_sprache-de","12":"first","13":"instock","14":"taxable","15":"shipping-taxable","16":"purchasable","17":"product-type-simple"},"_links":{"self":[{"href":"https:\/\/pizbube.ch\/en\/wp-json\/wp\/v2\/product\/151121","targetHints":{"allow":["GET"]}}],"collection":[{"href":"https:\/\/pizbube.ch\/en\/wp-json\/wp\/v2\/product"}],"about":[{"href":"https:\/\/pizbube.ch\/en\/wp-json\/wp\/v2\/types\/product"}],"wp:featuredmedia":[{"embeddable":true,"href":"https:\/\/pizbube.ch\/en\/wp-json\/wp\/v2\/media\/40261"}],"wp:attachment":[{"href":"https:\/\/pizbube.ch\/en\/wp-json\/wp\/v2\/media?parent=151121"}],"wp:term":[{"taxonomy":"product_brand","embeddable":true,"href":"https:\/\/pizbube.ch\/en\/wp-json\/wp\/v2\/product_brand?post=151121"},{"taxonomy":"product_cat","embeddable":true,"href":"https:\/\/pizbube.ch\/en\/wp-json\/wp\/v2\/product_cat?post=151121"},{"taxonomy":"product_tag","embeddable":true,"href":"https:\/\/pizbube.ch\/en\/wp-json\/wp\/v2\/product_tag?post=151121"}],"curies":[{"name":"wp","href":"https:\/\/api.w.org\/{rel}","templated":true}]}}