{"id":151126,"date":"2021-01-15T11:59:17","date_gmt":"2021-01-15T11:59:17","guid":{"rendered":"https:\/\/codengine3.ch\/?product=import-placeholder-for-205740"},"modified":"2021-01-15T14:43:34","modified_gmt":"2021-01-15T14:43:34","slug":"lawinenunfaelle-in-den-schweizer-alpen-winter-2001-02","status":"publish","type":"product","link":"https:\/\/pizbube.ch\/en\/shop\/lawinenunfaelle-in-den-schweizer-alpen-winter-2001-02\/","title":{"rendered":"Lawinenunf\u00e4lle in den Schweizer Alpen Winter 2001\/02"},"content":{"rendered":"<p>Lawinenunf\u00e4lle in den Schweizer Alpen. Winter 2001\/2002.<br \/>\nPersonen- und Sachsch\u00e4den. Davos, Eidg. Institut f\u00fcr Schnee- und<br \/>\nLawinenforschung SLF. 111 S.  <\/p>\n<p>Im vorliegenden Bericht werden 35 Lawinenunf\u00e4lle beschrieben, und es wurde<br \/>\nversucht, auf typische Probleme und Unfallabl\u00e4ufe hinzuweisen. Beschrieben<br \/>\nsind alle Personenunf\u00e4lle mit t\u00f6dlichen Folgen sowie einige Lawinen mit<br \/>\nerfassten Personen und glimpflichem Ausgang. Zus\u00e4tzlich wird auch auf zwei<br \/>\nLawinen mit Sachsch\u00e4den genauer eingegangen. Die beschriebenen Unf\u00e4lle werden<br \/>\nmit farbigen Hangneigungskarten und vielen Bildern veranschaulicht.<br \/>\nNeben den ausgew\u00e4hlten Beispielen sind alle Unf\u00e4lle in verschiedenen Tabelle<br \/>\nerfasst. Auch viele interessante langj\u00e4hrige Statistiken &#8211; beispielsweise \u00fcber<br \/>\nHangneigungen, Expositionen, Versch\u00fcttungsfolgen, Auffindemittel und vieles<br \/>\nmehr &#8211; sind im Unfallbericht enthalten.<br \/>\nWir hoffen, dass sich der Bericht sowohl f\u00fcr das Selbststudium als auch zur<br \/>\nUnterst\u00fctzung f\u00fcr Leiter von Lawinenkursen als n\u00fctzlich erweisen wird.  <\/p>","protected":false},"excerpt":{"rendered":"<p>Lawinenunf\u00e4lle in den Schweizer Alpen. Winter 2001\/2002. Personen- und Sachsch\u00e4den. Davos, Eidg. Institut f\u00fcr Schnee- und Lawinenforschung SLF. 111 S. Im vorliegenden Bericht werden 35 Lawinenunf\u00e4lle beschrieben, und es wurde versucht, auf typische Probleme und Unfallabl\u00e4ufe hinzuweisen. Beschrieben sind alle Personenunf\u00e4lle mit t\u00f6dlichen Folgen sowie einige Lawinen mit erfassten Personen und glimpflichem Ausgang. Zus\u00e4tzlich wird [&#8230;]\n","protected":false},"featured_media":34556,"template":"","meta":[],"product_brand":[],"product_cat":[21542],"product_tag":[],"class_list":{"0":"post-151126","1":"product","2":"type-product","3":"status-publish","4":"has-post-thumbnail","6":"product_cat-sachbuecher-dokumentationen","7":"pa_autor-harvey","8":"pa_erscheinungsjahr-21591","9":"pa_region-alpin-winter","10":"pa_sprache-de","12":"first","13":"instock","14":"taxable","15":"shipping-taxable","16":"purchasable","17":"product-type-simple"},"_links":{"self":[{"href":"https:\/\/pizbube.ch\/en\/wp-json\/wp\/v2\/product\/151126","targetHints":{"allow":["GET"]}}],"collection":[{"href":"https:\/\/pizbube.ch\/en\/wp-json\/wp\/v2\/product"}],"about":[{"href":"https:\/\/pizbube.ch\/en\/wp-json\/wp\/v2\/types\/product"}],"wp:featuredmedia":[{"embeddable":true,"href":"https:\/\/pizbube.ch\/en\/wp-json\/wp\/v2\/media\/34556"}],"wp:attachment":[{"href":"https:\/\/pizbube.ch\/en\/wp-json\/wp\/v2\/media?parent=151126"}],"wp:term":[{"taxonomy":"product_brand","embeddable":true,"href":"https:\/\/pizbube.ch\/en\/wp-json\/wp\/v2\/product_brand?post=151126"},{"taxonomy":"product_cat","embeddable":true,"href":"https:\/\/pizbube.ch\/en\/wp-json\/wp\/v2\/product_cat?post=151126"},{"taxonomy":"product_tag","embeddable":true,"href":"https:\/\/pizbube.ch\/en\/wp-json\/wp\/v2\/product_tag?post=151126"}],"curies":[{"name":"wp","href":"https:\/\/api.w.org\/{rel}","templated":true}]}}