{"id":151127,"date":"2021-01-15T11:59:17","date_gmt":"2021-01-15T11:59:17","guid":{"rendered":"https:\/\/codengine3.ch\/?product=import-placeholder-for-208008"},"modified":"2024-02-15T17:16:42","modified_gmt":"2024-02-15T16:16:42","slug":"lawine","status":"publish","type":"product","link":"https:\/\/pizbube.ch\/en\/shop\/lawine\/","title":{"rendered":"lawine."},"content":{"rendered":"<p>Die entscheidenden Probleme und Gefahrenmuster erkennen &#8211; Das Praxis-Handbuch<br \/>\nvon Rudi Mair und Patrick Nairz.<\/p>\n<p>Mit dem gro\u00dfen Erfolg des innovativen Handbuches \u201elawine.\u201c gelang es den<br \/>\nbeiden international renommierten Tiroler Lawinenwarnern Rudi Mair und Patrick<br \/>\nNairz vor f\u00fcnf Jahren, das von ihnen entwickelte Konzept der Gefahrenmuster in<br \/>\nder Lawinenkunde einzuf\u00fchren und zu etablieren. Die Erkenntnis, dass<br \/>\neigentlich zwei Handvoll immer wiederkehrende Gefahrenmuster f\u00fcr einen<br \/>\nGro\u00dfteil der Lawinenunf\u00e4lle verantwortlich sind und dass &#8211; bei entsprechender<br \/>\nKenntnis und angemessenem Verhalten &#8211; Unf\u00e4lle dieser Art vermeidbar w\u00e4ren, hat<br \/>\neuropaweit zu neuen Standards in der Lawinenkunde gef\u00fchrt.<\/p>\n<p>Diese komplett \u00fcberarbeitete und aktualisierte Neuauflage tr\u00e4gt der<br \/>\nEntwicklung der letzten f\u00fcnf Jahre Rechnung und dokumentiert den aktuellen<br \/>\nStand internationalen Lawinenwissens: Nicht zuletzt ausgel\u00f6st durch das<br \/>\nKonzept der Gefahrenmuster haben sich die europ\u00e4ischen Lawinenwarndienste 2014<br \/>\nauf die l\u00e4nder\u00fcbergreifende Darstellung von f\u00fcnf Lawinenproblemen (Neuschnee,<br \/>\nTriebschnee, Altschnee, Nassschnee und 5. Gleitschnee) geeinigt, die im Laufes<br \/>\neines Winters immer wieder auftreten. Diese Probleme werden nun ebenfalls<br \/>\nvorgestellt und in den 10 entscheidenden Gefahrenmustern vertieft. Die Analyse<br \/>\naktueller Unfalldaten &#8211; alle Unfallbeispiele wurden aktualisiert! &#8211; bereitet<br \/>\ndas Wissen in bew\u00e4hrter Form optimal auf.<\/p>\n<p>232 Seiten, ca. 140 farb. Abb. und 40 farb. Grafiken; 7. Auflage<\/p>","protected":false},"excerpt":{"rendered":"<p>Die entscheidenden Probleme und Gefahrenmuster erkennen &#8211; Das Praxis-Handbuch von Rudi Mair und Patrick Nairz. Mit dem gro\u00dfen Erfolg des innovativen Handbuches \u201elawine.\u201c gelang es den beiden international renommierten Tiroler Lawinenwarnern Rudi Mair und Patrick Nairz vor f\u00fcnf Jahren, das von ihnen entwickelte Konzept der Gefahrenmuster in der Lawinenkunde einzuf\u00fchren und zu etablieren. Die Erkenntnis, [&#8230;]\n","protected":false},"featured_media":159528,"template":"","meta":[],"product_brand":[],"product_cat":[21538],"product_tag":[],"class_list":{"0":"post-151127","1":"product","2":"type-product","3":"status-publish","4":"has-post-thumbnail","6":"product_cat-lehrbuecher","7":"pa_autor-mair-nairz","8":"pa_erscheinungsjahr-21546","9":"pa_region-alpin-winter","10":"pa_sprache-de","12":"first","13":"instock","14":"taxable","15":"shipping-taxable","16":"purchasable","17":"product-type-simple"},"_links":{"self":[{"href":"https:\/\/pizbube.ch\/en\/wp-json\/wp\/v2\/product\/151127","targetHints":{"allow":["GET"]}}],"collection":[{"href":"https:\/\/pizbube.ch\/en\/wp-json\/wp\/v2\/product"}],"about":[{"href":"https:\/\/pizbube.ch\/en\/wp-json\/wp\/v2\/types\/product"}],"wp:featuredmedia":[{"embeddable":true,"href":"https:\/\/pizbube.ch\/en\/wp-json\/wp\/v2\/media\/159528"}],"wp:attachment":[{"href":"https:\/\/pizbube.ch\/en\/wp-json\/wp\/v2\/media?parent=151127"}],"wp:term":[{"taxonomy":"product_brand","embeddable":true,"href":"https:\/\/pizbube.ch\/en\/wp-json\/wp\/v2\/product_brand?post=151127"},{"taxonomy":"product_cat","embeddable":true,"href":"https:\/\/pizbube.ch\/en\/wp-json\/wp\/v2\/product_cat?post=151127"},{"taxonomy":"product_tag","embeddable":true,"href":"https:\/\/pizbube.ch\/en\/wp-json\/wp\/v2\/product_tag?post=151127"}],"curies":[{"name":"wp","href":"https:\/\/api.w.org\/{rel}","templated":true}]}}