{"id":151129,"date":"2021-01-15T11:59:17","date_gmt":"2021-01-15T11:59:17","guid":{"rendered":"https:\/\/codengine3.ch\/?product=import-placeholder-for-207588"},"modified":"2021-01-15T16:04:55","modified_gmt":"2021-01-15T16:04:55","slug":"franken-1-2","status":"publish","type":"product","link":"https:\/\/pizbube.ch\/en\/shop\/franken-1-2\/","title":{"rendered":"Franken 1"},"content":{"rendered":"<p>Kletterf\u00fchrer. Guidebook N\u00f6rdlicher Frankenjura<br \/>\nDer 704-seitige Kletterf\u00fchrer erscheint in komplett neuem und mit \u00fcber 70<br \/>\nFotos bebildertem Farblayout und wurde um 176 Seiten, 66 Gebiete und insgesamt<br \/>\n\u00fcber 1100 Neutouren erweitert. Allein dieser Band beinhaltet nun 435 Felsen<br \/>\nund \u00fcber 5100 Routen.<\/p>\n<p>Das Gesamtwerk aus beiden B\u00e4nden bietet nun sage und schreibe Informationen zu<br \/>\nfast 800 Felsen und \u00fcber 10.700 Routen! Das neue farbige Buchdesign bietet mit<br \/>\nverschiedensten Suchoptionen, farbigen Symbolen, Routenstatistiken, GPS<br \/>\nKoordinaten und vielem mehr eine benutzerfreundliche Handhabung. Ganz<br \/>\nbesonders hervorzuheben ist der integrierte Auswahlf\u00fchrer: Die lohnendesten<br \/>\nFelsen sind farblich rot hervorgehoben! Damit auch der Lesespa\u00df nicht zu kurz<br \/>\nkommt, geben interessante Portraits einen Einblick in das Schaffen und Wirken<br \/>\nvieler gro\u00dfartiger Pers\u00f6nlichkeiten der fr\u00e4nkischen Klettergeschichte.<\/p>\n<p>Selbstverst\u00e4ndlich liegt bei diesem Kletterf\u00fchrer das Hauptaugenmerk auf der<br \/>\nakkuraten Beschreibung der Kletterm\u00f6glichkeiten, doch nat\u00fcrlich gibt es auch<br \/>\njede Menge Informationen zu den bestehenden Kletterregelungen wie Zonierungen<br \/>\noder Felssperrungen sowie weitergehenden Verhaltenstipps. Damit sich auch die<br \/>\n\u00f6rtliche Gastronomie \u00fcber die zahlreichen Besucher aus In- und Ausland freuen<br \/>\nkann, weisen Tipps f\u00fcr Gourmets den Weg zum gem\u00fctlichen Ausklingen-Lassen<br \/>\neines Klettertages. Kurzum, von der Felsauswahl, \u00fcber Anfahrt und Anmarsch bis<br \/>\nzur Routenauswahl direkt am Fels und dem abendlichen Gastronomie-Besuch, ist<br \/>\ndieses Buch ein idealer Begleiter f\u00fcr alle Franken-Insider, -Neulinge, Kurz-<br \/>\noder Langzeiturlauber.<\/p>","protected":false},"excerpt":{"rendered":"<ul>\n<li><a href=\"https:\/\/pizbube.ch\/wp-content\/uploads\/attachments\/a_025\/989FC715EA6294B7F06DDFFC133EFA31.pdf\" target=\"_blank\" rel=\"noopener\">PDF: Leseprobe_Franken_1.pdf<\/a><\/li>\n<\/ul>","protected":false},"featured_media":37901,"template":"","meta":[],"product_brand":[],"product_cat":[21539],"product_tag":[],"class_list":{"0":"post-151129","1":"product","2":"type-product","3":"status-publish","4":"has-post-thumbnail","6":"product_cat-fuehrerliteratur-sportklettern-bouldern","7":"pa_autor-roeker","8":"pa_erscheinungsjahr-21610","9":"pa_region-deutschland","10":"pa_sprache-de","12":"first","13":"instock","14":"taxable","15":"shipping-taxable","16":"purchasable","17":"product-type-simple"},"_links":{"self":[{"href":"https:\/\/pizbube.ch\/en\/wp-json\/wp\/v2\/product\/151129","targetHints":{"allow":["GET"]}}],"collection":[{"href":"https:\/\/pizbube.ch\/en\/wp-json\/wp\/v2\/product"}],"about":[{"href":"https:\/\/pizbube.ch\/en\/wp-json\/wp\/v2\/types\/product"}],"wp:featuredmedia":[{"embeddable":true,"href":"https:\/\/pizbube.ch\/en\/wp-json\/wp\/v2\/media\/37901"}],"wp:attachment":[{"href":"https:\/\/pizbube.ch\/en\/wp-json\/wp\/v2\/media?parent=151129"}],"wp:term":[{"taxonomy":"product_brand","embeddable":true,"href":"https:\/\/pizbube.ch\/en\/wp-json\/wp\/v2\/product_brand?post=151129"},{"taxonomy":"product_cat","embeddable":true,"href":"https:\/\/pizbube.ch\/en\/wp-json\/wp\/v2\/product_cat?post=151129"},{"taxonomy":"product_tag","embeddable":true,"href":"https:\/\/pizbube.ch\/en\/wp-json\/wp\/v2\/product_tag?post=151129"}],"curies":[{"name":"wp","href":"https:\/\/api.w.org\/{rel}","templated":true}]}}