{"id":151132,"date":"2021-01-15T11:59:17","date_gmt":"2021-01-15T11:59:17","guid":{"rendered":"https:\/\/codengine3.ch\/?product=import-placeholder-for-205195"},"modified":"2021-01-15T14:39:26","modified_gmt":"2021-01-15T14:39:26","slug":"gaeta-circeo-leano-sperlonga-moneta","status":"publish","type":"product","link":"https:\/\/pizbube.ch\/en\/shop\/gaeta-circeo-leano-sperlonga-moneta\/","title":{"rendered":"GAETA CIRCEO LEANO SPERLONGA MONETA"},"content":{"rendered":"<p>Vie lunghe classiche e moderne  <\/p>\n<p>Topof\u00fchrer Sportklettern und Mehrseill\u00e4ngen<br \/>\nKlassische und moderne Routen  <\/p>\n<p>In der Region Latium sind die meisten Mehrseill\u00e4ngenrouten im Gebiet zwischen<br \/>\nGaeta und Circeo zu finden: auf 18 km K\u00fcstenl\u00e4nge gibt es bisher 192 Routen<br \/>\nmit insgesamt fast 2000 Klettermetern.<br \/>\nAlle neueren Wege mit mehr als zwei Seill\u00e4ngen sind hier beschrieben, ebenso<br \/>\nalle historischen langen Routen, die im Laufe der Jahre an diesen Felsen<br \/>\neingerichtet wurden.  <\/p>\n<p>La pi\u00f9 alta concentrazione di itinerari alpinistici (vie a pi\u00f9 tiri) del Lazio<br \/>\nsi trova nell&#8217;area compresa tra Gaeta e Circeo: in 18 chilometri di costa sono<br \/>\npraticabili a tutt&#8217;oggi 192 vie a pi\u00f9 tiri per un ammontare di quasi 20000<br \/>\nmetri di arrampicata.  <\/p>\n<p>Questa \u00e8 una guida &#8217;sentita e vissuta&#8216;, dedicata a tutti coloro che amano<br \/>\nandare oltre il monotiro ma \u00e8 anche un invito ad alzare gli occhi dalla solita<br \/>\nmoulinette e scoprire vie lunghe ed emozioni diverse.<br \/>\nUno sforzo particolare \u00e8 stato dedicato alla &#8218;restaurazione storica&#8216; di alcuni<br \/>\nitinerari che nel corso del tempo erano stati letteralmente cancellati.<br \/>\nSono state inserite tutte le vie che presentano uno sviluppo di almeno due<br \/>\ntiri, riportando tutti gli itinerari lunghi che storicamente si sono succeduti<br \/>\nsu queste pareti in modo da tracciare un affresco il pi\u00f9 completo possibile e<br \/>\nlasciare una traccia (si spera&#8230;) indelebile.  <\/p>","protected":false},"excerpt":{"rendered":"<p>Vie lunghe classiche e moderne Topof\u00fchrer Sportklettern und Mehrseill\u00e4ngen Klassische und moderne Routen In der Region Latium sind die meisten Mehrseill\u00e4ngenrouten im Gebiet zwischen Gaeta und Circeo zu finden: auf 18 km K\u00fcstenl\u00e4nge gibt es bisher 192 Routen mit insgesamt fast 2000 Klettermetern. Alle neueren Wege mit mehr als zwei Seill\u00e4ngen sind hier beschrieben, ebenso [&#8230;]\n","protected":false},"featured_media":33828,"template":"","meta":[],"product_brand":[],"product_cat":[21539],"product_tag":[],"class_list":{"0":"post-151132","1":"product","2":"type-product","3":"status-publish","4":"has-post-thumbnail","6":"product_cat-fuehrerliteratur-sportklettern-bouldern","7":"pa_autor-antonioli-innocenti-filocamo","8":"pa_erscheinungsjahr-21591","9":"pa_region-italien","10":"pa_sprache-it","12":"first","13":"instock","14":"taxable","15":"shipping-taxable","16":"purchasable","17":"product-type-simple"},"_links":{"self":[{"href":"https:\/\/pizbube.ch\/en\/wp-json\/wp\/v2\/product\/151132","targetHints":{"allow":["GET"]}}],"collection":[{"href":"https:\/\/pizbube.ch\/en\/wp-json\/wp\/v2\/product"}],"about":[{"href":"https:\/\/pizbube.ch\/en\/wp-json\/wp\/v2\/types\/product"}],"wp:featuredmedia":[{"embeddable":true,"href":"https:\/\/pizbube.ch\/en\/wp-json\/wp\/v2\/media\/33828"}],"wp:attachment":[{"href":"https:\/\/pizbube.ch\/en\/wp-json\/wp\/v2\/media?parent=151132"}],"wp:term":[{"taxonomy":"product_brand","embeddable":true,"href":"https:\/\/pizbube.ch\/en\/wp-json\/wp\/v2\/product_brand?post=151132"},{"taxonomy":"product_cat","embeddable":true,"href":"https:\/\/pizbube.ch\/en\/wp-json\/wp\/v2\/product_cat?post=151132"},{"taxonomy":"product_tag","embeddable":true,"href":"https:\/\/pizbube.ch\/en\/wp-json\/wp\/v2\/product_tag?post=151132"}],"curies":[{"name":"wp","href":"https:\/\/api.w.org\/{rel}","templated":true}]}}