{"id":151146,"date":"2021-01-15T11:59:25","date_gmt":"2021-01-15T11:59:25","guid":{"rendered":"https:\/\/codengine3.ch\/?product=import-placeholder-for-204495"},"modified":"2023-12-19T11:42:58","modified_gmt":"2023-12-19T10:42:58","slug":"leuk-und-umgebung-kulturlandschaftsfuehrer","status":"publish","type":"product","link":"https:\/\/pizbube.ch\/en\/shop\/leuk-und-umgebung-kulturlandschaftsfuehrer\/","title":{"rendered":"Leuk und Umgebung &#8211; Kulturlandschaftsf\u00fchrer"},"content":{"rendered":"<p>Der zweite Band der Via Storia \u00abKulturlandschaftsf\u00fchrer\u00bb widmet sich den<br \/>\nregionalen Kulturwegen rund um die Gemeinde Leuk an der Walliser Sprachgrenze.<\/p>\n<p>Leuk ist ein faszinierendes St\u00e4dtchen im Herzen des Wallis mit einem<br \/>\npulsierenden kulturellen Leben. Und auch die Natur ruht hier nie. Vom<br \/>\nmittelalterlichen Schloss gleitet der Blick \u00fcber die wilde Rhone, den<br \/>\nmysteri\u00f6sen Pfynwald oder auf den Illgraben mit seinem immensen Felsenkessel \u2013<br \/>\ndieses Panorama hat schon manche Literaten inspiriert.<\/p>\n<p>Drei Wanderungen, die gr\u00f6sstenteils historischen Wegen folgen, f\u00fchren durch<br \/>\ndas Natur- und Kulturerbe der Region Leuk. Jede Wanderung beleuchtet einen<br \/>\nregionaltypischen Aspekt der Kulturgeschichte. Die Wanderungen f\u00fchren \u00fcber<br \/>\nspektakul\u00e4re Leiternpfade, durch Schluchten, \u00fcber P\u00e4sse, durch Roggenfelder<br \/>\nund W\u00e4lder von aussergew\u00f6hnlicher Vielfalt.<br \/>\nAutorInnen: Sylvie R\u00fcttimann, Carlo Schmidt, Alessandra Antonini, Herbert<br \/>\nMathieu, Guy Schneider, Roni Vonmoos<\/p>","protected":false},"excerpt":{"rendered":"<p>Der zweite Band der Via Storia \u00abKulturlandschaftsf\u00fchrer\u00bb widmet sich den regionalen Kulturwegen rund um die Gemeinde Leuk an der Walliser Sprachgrenze. Leuk ist ein faszinierendes St\u00e4dtchen im Herzen des Wallis mit einem pulsierenden kulturellen Leben. Und auch die Natur ruht hier nie. Vom mittelalterlichen Schloss gleitet der Blick \u00fcber die wilde Rhone, den mysteri\u00f6sen Pfynwald [&#8230;]\n","protected":false},"featured_media":32468,"template":"","meta":[],"product_brand":[],"product_cat":[21542],"product_tag":[],"class_list":{"0":"post-151146","1":"product","2":"type-product","3":"status-publish","4":"has-post-thumbnail","6":"product_cat-sachbuecher-dokumentationen","7":"pa_autor-ruettimann-schmidt","8":"pa_erscheinungsjahr-21550","9":"pa_region-schweiz","10":"pa_sprache-de","12":"first","13":"onbackorder","14":"taxable","15":"shipping-taxable","16":"purchasable","17":"product-type-simple"},"_links":{"self":[{"href":"https:\/\/pizbube.ch\/en\/wp-json\/wp\/v2\/product\/151146","targetHints":{"allow":["GET"]}}],"collection":[{"href":"https:\/\/pizbube.ch\/en\/wp-json\/wp\/v2\/product"}],"about":[{"href":"https:\/\/pizbube.ch\/en\/wp-json\/wp\/v2\/types\/product"}],"wp:featuredmedia":[{"embeddable":true,"href":"https:\/\/pizbube.ch\/en\/wp-json\/wp\/v2\/media\/32468"}],"wp:attachment":[{"href":"https:\/\/pizbube.ch\/en\/wp-json\/wp\/v2\/media?parent=151146"}],"wp:term":[{"taxonomy":"product_brand","embeddable":true,"href":"https:\/\/pizbube.ch\/en\/wp-json\/wp\/v2\/product_brand?post=151146"},{"taxonomy":"product_cat","embeddable":true,"href":"https:\/\/pizbube.ch\/en\/wp-json\/wp\/v2\/product_cat?post=151146"},{"taxonomy":"product_tag","embeddable":true,"href":"https:\/\/pizbube.ch\/en\/wp-json\/wp\/v2\/product_tag?post=151146"}],"curies":[{"name":"wp","href":"https:\/\/api.w.org\/{rel}","templated":true}]}}