{"id":151149,"date":"2021-01-15T11:59:26","date_gmt":"2021-01-15T11:59:26","guid":{"rendered":"https:\/\/codengine3.ch\/?product=import-placeholder-for-203889"},"modified":"2021-01-15T14:27:37","modified_gmt":"2021-01-15T14:27:37","slug":"50-montanas-de-la-cordillera-cantabrica","status":"publish","type":"product","link":"https:\/\/pizbube.ch\/en\/shop\/50-montanas-de-la-cordillera-cantabrica\/","title":{"rendered":"50 monta\u00f1as de la Cordillera Cant\u00e1brica"},"content":{"rendered":"<p>Alto Campoo-Alto Carri\u00f3n-Redes-Mampodre:<br \/>\nAtela nos proporciona toda la informaci\u00f3n de las principales rutas de<br \/>\nascensi\u00f3n donde se aportan gran cantidad de datos t\u00e9cnicos: dificultad,<br \/>\ndesnivel, horario, accesos y aproximaciones, as\u00ed como una descripci\u00f3n<br \/>\npormenorizada de cada uno de los itinerarios propuestos; todo ello ilustrado<br \/>\ncon croquis sobre foto y mapas de situaci\u00f3n. Su autor nos proporciona, adem\u00e1s,<br \/>\ndatos para disfrutar en invierno de nuestras ascensiones con esqu\u00eds. 240<br \/>\np\u00e1ginas  <\/p>","protected":false},"excerpt":{"rendered":"<p>Alto Campoo-Alto Carri\u00f3n-Redes-Mampodre: Atela nos proporciona toda la informaci\u00f3n de las principales rutas de ascensi\u00f3n donde se aportan gran cantidad de datos t\u00e9cnicos: dificultad, desnivel, horario, accesos y aproximaciones, as\u00ed como una descripci\u00f3n pormenorizada de cada uno de los itinerarios propuestos; todo ello ilustrado con croquis sobre foto y mapas de situaci\u00f3n. Su autor nos [&#8230;]\n","protected":false},"featured_media":31597,"template":"","meta":[],"product_brand":[],"product_cat":[21544],"product_tag":[],"class_list":{"0":"post-151149","1":"product","2":"type-product","3":"status-publish","4":"has-post-thumbnail","6":"product_cat-fuehrerliteratur-alpin-sommer","7":"pa_autor-atela","8":"pa_erscheinungsjahr-21776","9":"pa_region-spanien","10":"pa_sprache-sp","12":"first","13":"instock","14":"taxable","15":"shipping-taxable","16":"purchasable","17":"product-type-simple"},"_links":{"self":[{"href":"https:\/\/pizbube.ch\/en\/wp-json\/wp\/v2\/product\/151149","targetHints":{"allow":["GET"]}}],"collection":[{"href":"https:\/\/pizbube.ch\/en\/wp-json\/wp\/v2\/product"}],"about":[{"href":"https:\/\/pizbube.ch\/en\/wp-json\/wp\/v2\/types\/product"}],"wp:featuredmedia":[{"embeddable":true,"href":"https:\/\/pizbube.ch\/en\/wp-json\/wp\/v2\/media\/31597"}],"wp:attachment":[{"href":"https:\/\/pizbube.ch\/en\/wp-json\/wp\/v2\/media?parent=151149"}],"wp:term":[{"taxonomy":"product_brand","embeddable":true,"href":"https:\/\/pizbube.ch\/en\/wp-json\/wp\/v2\/product_brand?post=151149"},{"taxonomy":"product_cat","embeddable":true,"href":"https:\/\/pizbube.ch\/en\/wp-json\/wp\/v2\/product_cat?post=151149"},{"taxonomy":"product_tag","embeddable":true,"href":"https:\/\/pizbube.ch\/en\/wp-json\/wp\/v2\/product_tag?post=151149"}],"curies":[{"name":"wp","href":"https:\/\/api.w.org\/{rel}","templated":true}]}}