{"id":151150,"date":"2021-01-15T11:59:26","date_gmt":"2021-01-15T11:59:26","guid":{"rendered":"https:\/\/codengine3.ch\/?product=import-placeholder-for-205809"},"modified":"2021-01-15T14:44:03","modified_gmt":"2021-01-15T14:44:03","slug":"transcantabrica-en-btt-la-travesia-de-la-cordillera-en-10-etapas","status":"publish","type":"product","link":"https:\/\/pizbube.ch\/en\/shop\/transcantabrica-en-btt-la-travesia-de-la-cordillera-en-10-etapas\/","title":{"rendered":"Transcant\u00e1brica en BTT. La traves\u00eda de la cordillera en 10 etapas"},"content":{"rendered":"<p>La traves\u00eda de la Cordillera Cant\u00e1brica en bicicleta de monta\u00f1a es una<br \/>\naventura deportiva en paisajes extraordinarios, visitando pueblos que<br \/>\nconservan la esencia de los viejos estilos de vida, coronando collados y<br \/>\nbrechas abiertas en la &#8218;gran&#8216; cordillera que parecen colgadas de las nubes,<br \/>\nabriendo huella en veredas pastoriles olvidadas en la memoria del mundo rural,<br \/>\nnavegando en la estremecedora inquietud de las nieblas astures y la soledad de<br \/>\nlos cordales cant\u00e1bricos. Cada etapa es un desaf\u00edo, una nueva experiencia para<br \/>\nlas m\u00e1quinas y los bikers, una b\u00fasqueda de sensaciones a trav\u00e9s del ciclismo<br \/>\nde monta\u00f1a moderno.  <\/p>","protected":false},"excerpt":{"rendered":"<p>La traves\u00eda de la Cordillera Cant\u00e1brica en bicicleta de monta\u00f1a es una aventura deportiva en paisajes extraordinarios, visitando pueblos que conservan la esencia de los viejos estilos de vida, coronando collados y brechas abiertas en la &#8218;gran&#8216; cordillera que parecen colgadas de las nubes, abriendo huella en veredas pastoriles olvidadas en la memoria del mundo [&#8230;]\n","protected":false},"featured_media":34634,"template":"","meta":[],"product_brand":[],"product_cat":[21606],"product_tag":[],"class_list":{"0":"post-151150","1":"product","2":"type-product","3":"status-publish","4":"has-post-thumbnail","6":"product_cat-mountainbikefuehrer","7":"pa_autor-alonso","8":"pa_erscheinungsjahr-21693","9":"pa_region-spanien","10":"pa_sprache-sp","12":"first","13":"instock","14":"taxable","15":"shipping-taxable","16":"purchasable","17":"product-type-simple"},"_links":{"self":[{"href":"https:\/\/pizbube.ch\/en\/wp-json\/wp\/v2\/product\/151150","targetHints":{"allow":["GET"]}}],"collection":[{"href":"https:\/\/pizbube.ch\/en\/wp-json\/wp\/v2\/product"}],"about":[{"href":"https:\/\/pizbube.ch\/en\/wp-json\/wp\/v2\/types\/product"}],"wp:featuredmedia":[{"embeddable":true,"href":"https:\/\/pizbube.ch\/en\/wp-json\/wp\/v2\/media\/34634"}],"wp:attachment":[{"href":"https:\/\/pizbube.ch\/en\/wp-json\/wp\/v2\/media?parent=151150"}],"wp:term":[{"taxonomy":"product_brand","embeddable":true,"href":"https:\/\/pizbube.ch\/en\/wp-json\/wp\/v2\/product_brand?post=151150"},{"taxonomy":"product_cat","embeddable":true,"href":"https:\/\/pizbube.ch\/en\/wp-json\/wp\/v2\/product_cat?post=151150"},{"taxonomy":"product_tag","embeddable":true,"href":"https:\/\/pizbube.ch\/en\/wp-json\/wp\/v2\/product_tag?post=151150"}],"curies":[{"name":"wp","href":"https:\/\/api.w.org\/{rel}","templated":true}]}}