{"id":151151,"date":"2021-01-15T11:59:26","date_gmt":"2021-01-15T11:59:26","guid":{"rendered":"https:\/\/codengine3.ch\/?product=import-placeholder-for-207386"},"modified":"2021-01-15T16:02:44","modified_gmt":"2021-01-15T16:02:44","slug":"picoski-77-itinerarios-cordillera-cantabrica","status":"publish","type":"product","link":"https:\/\/pizbube.ch\/en\/shop\/picoski-77-itinerarios-cordillera-cantabrica\/","title":{"rendered":"Picoski &#8211; 77 itinerarios Cordillera Cant\u00e1brica"},"content":{"rendered":"<p>Esta gu\u00eda propone 77 rutas de esqu\u00ed de distinta dificultad repartidas por el<br \/>\nsector central de la Cordillera Cant\u00e1brica. Est\u00e1n comprendidas las zonas de<br \/>\nBabia (Montihuero, Morronegro, Ferreir\u00faa&#8230;), Ubi\u00f1as (Prau, Pe\u00f1a Ubi\u00f1a, Pe\u00f1a<br \/>\nRueda&#8230;), Aramo, Pajares (Cell\u00f3n, Tres Concejos, Bra\u00f1acaballo&#8230;), Vegarda<br \/>\n(Morala, Pico Huevo, Pico Rold\u00e1n&#8230;), San Isidro (Torres, Nogales, Pe\u00f1a del<br \/>\nViento&#8230;), Mampodre (Pico Lago, Pe\u00f1a Ten, Pe\u00f1a de la Cruz&#8230;).<br \/>\nCon 440 fotos a todo color, mapas en relieve, croquis de las rutas, 700 km de<br \/>\npistas con 0 remontes y 58.000 m de desnivel.<\/p>\n<p>This guidebook describes 77 ski routes in the Cordillera Cantabrica, which is<br \/>\nlocated along the Northern coast of Spain, west of the Pyrenees. Each route is<br \/>\nexplained with text in Spanish, but also has a map and pictures showing the<br \/>\ntrack. The book is composed of 246 pages with more than 440 pictures and<br \/>\nrelief shaded maps.<\/p>\n<p>These are the covered areas:<br \/>\nBabia, Ubi\u00f1as, Aramo, Pajares, Vegarda, San Isidro, Mampodre<\/p>\n<p>Spanish language only!  <\/p>","protected":false},"excerpt":{"rendered":"<ul>\n<li><a href=\"https:\/\/pizbube.ch\/wp-content\/uploads\/attachments\/a_016\/6192920FCA1ED5745667E1473C8DD3E5.pdf\" target=\"_blank\" rel=\"noopener\">PDF: picoski beispielseiten<\/a><\/li>\n<\/ul>","protected":false},"featured_media":37303,"template":"","meta":[],"product_brand":[],"product_cat":[21540],"product_tag":[],"class_list":{"0":"post-151151","1":"product","2":"type-product","3":"status-publish","4":"has-post-thumbnail","6":"product_cat-fuehrerliteratur-alpin-winter","7":"pa_autor-rezzonico","8":"pa_erscheinungsjahr-21621","9":"pa_region-spanien","10":"pa_sprache-es","12":"first","13":"instock","14":"taxable","15":"shipping-taxable","16":"purchasable","17":"product-type-simple"},"_links":{"self":[{"href":"https:\/\/pizbube.ch\/en\/wp-json\/wp\/v2\/product\/151151","targetHints":{"allow":["GET"]}}],"collection":[{"href":"https:\/\/pizbube.ch\/en\/wp-json\/wp\/v2\/product"}],"about":[{"href":"https:\/\/pizbube.ch\/en\/wp-json\/wp\/v2\/types\/product"}],"wp:featuredmedia":[{"embeddable":true,"href":"https:\/\/pizbube.ch\/en\/wp-json\/wp\/v2\/media\/37303"}],"wp:attachment":[{"href":"https:\/\/pizbube.ch\/en\/wp-json\/wp\/v2\/media?parent=151151"}],"wp:term":[{"taxonomy":"product_brand","embeddable":true,"href":"https:\/\/pizbube.ch\/en\/wp-json\/wp\/v2\/product_brand?post=151151"},{"taxonomy":"product_cat","embeddable":true,"href":"https:\/\/pizbube.ch\/en\/wp-json\/wp\/v2\/product_cat?post=151151"},{"taxonomy":"product_tag","embeddable":true,"href":"https:\/\/pizbube.ch\/en\/wp-json\/wp\/v2\/product_tag?post=151151"}],"curies":[{"name":"wp","href":"https:\/\/api.w.org\/{rel}","templated":true}]}}