{"id":151152,"date":"2021-01-15T11:59:26","date_gmt":"2021-01-15T11:59:26","guid":{"rendered":"https:\/\/codengine3.ch\/?product=import-placeholder-for-206146"},"modified":"2021-01-15T14:46:46","modified_gmt":"2021-01-15T14:46:46","slug":"picos-de-europa-ascensiones-a-las-cumbres-principales-y-travesias-selectas-pedestres-de-esqui-montana-y-de-btt","status":"publish","type":"product","link":"https:\/\/pizbube.ch\/en\/shop\/picos-de-europa-ascensiones-a-las-cumbres-principales-y-travesias-selectas-pedestres-de-esqui-montana-y-de-btt\/","title":{"rendered":"Picos de Europa &#8211; Ascensiones a las cumbres principales y traves\u00edas selectas pedestres, de esqu\u00ed-monta\u00f1a y de BTT"},"content":{"rendered":"<p>Gu\u00eda de car\u00e1cter monta\u00f1ero en la que se describen las v\u00edas de ascensi\u00f3n a las<br \/>\ncumbres principales de los tres macizos y una serie traves\u00edas seleccionadas de<br \/>\nentre las m\u00e1s interesantes que se pueden hacer a pie, con esqu\u00eds o en<br \/>\nbicicleta de monta\u00f1a. Todas ellas son rutas recomendables para monta\u00f1eros ya<br \/>\nexperimentados, aunque sin llegar a ser escaladores.<br \/>\nA trav\u00e9s de estas excursiones se pueden llegar a conocer los m\u00e1s interesantes<br \/>\naspectos geogr\u00e1ficos y etnogr\u00e1ficos de los tres macizos de Los Picos de<br \/>\nEuropa, sus cumbres y sus valles.<br \/>\nEl formato de esta gu\u00eda es de 15&#215;21 cent\u00edmetros, est\u00e1 encuadernada en r\u00fastica<br \/>\ny sus 255 p\u00e1ginas est\u00e1n impresas a todo color y contienen 25 croquis, 35<br \/>\nperfiles de ruta y 103 fotograf\u00edas, algunas de ellas interpretadas, lo que<br \/>\nayudan a reconocer las cumbres y a identificar mejor los itinerarios.<br \/>\nEn los perfiles de cada ruta se puede ver de forma r\u00e1pida y simplificada el<br \/>\nhorario y otros detalles de las mismas.  <\/p>","protected":false},"excerpt":{"rendered":"<p>Gu\u00eda de car\u00e1cter monta\u00f1ero en la que se describen las v\u00edas de ascensi\u00f3n a las cumbres principales de los tres macizos y una serie traves\u00edas seleccionadas de entre las m\u00e1s interesantes que se pueden hacer a pie, con esqu\u00eds o en bicicleta de monta\u00f1a. Todas ellas son rutas recomendables para monta\u00f1eros ya experimentados, aunque sin [&#8230;]\n","protected":false},"featured_media":35083,"template":"","meta":[],"product_brand":[],"product_cat":[21544],"product_tag":[],"class_list":{"0":"post-151152","1":"product","2":"type-product","3":"status-publish","4":"has-post-thumbnail","6":"product_cat-fuehrerliteratur-alpin-sommer","7":"pa_autor-adrados","8":"pa_erscheinungsjahr-21830","9":"pa_region-spanien","10":"pa_sprache-sp","12":"first","13":"instock","14":"taxable","15":"shipping-taxable","16":"purchasable","17":"product-type-simple"},"_links":{"self":[{"href":"https:\/\/pizbube.ch\/en\/wp-json\/wp\/v2\/product\/151152","targetHints":{"allow":["GET"]}}],"collection":[{"href":"https:\/\/pizbube.ch\/en\/wp-json\/wp\/v2\/product"}],"about":[{"href":"https:\/\/pizbube.ch\/en\/wp-json\/wp\/v2\/types\/product"}],"wp:featuredmedia":[{"embeddable":true,"href":"https:\/\/pizbube.ch\/en\/wp-json\/wp\/v2\/media\/35083"}],"wp:attachment":[{"href":"https:\/\/pizbube.ch\/en\/wp-json\/wp\/v2\/media?parent=151152"}],"wp:term":[{"taxonomy":"product_brand","embeddable":true,"href":"https:\/\/pizbube.ch\/en\/wp-json\/wp\/v2\/product_brand?post=151152"},{"taxonomy":"product_cat","embeddable":true,"href":"https:\/\/pizbube.ch\/en\/wp-json\/wp\/v2\/product_cat?post=151152"},{"taxonomy":"product_tag","embeddable":true,"href":"https:\/\/pizbube.ch\/en\/wp-json\/wp\/v2\/product_tag?post=151152"}],"curies":[{"name":"wp","href":"https:\/\/api.w.org\/{rel}","templated":true}]}}