{"id":151153,"date":"2021-01-15T11:59:26","date_gmt":"2021-01-15T11:59:26","guid":{"rendered":"https:\/\/codengine3.ch\/?product=import-placeholder-for-201971"},"modified":"2025-12-06T10:17:07","modified_gmt":"2025-12-06T09:17:07","slug":"euskalarria-sport-climbing-in-the-basque-country","status":"publish","type":"product","link":"https:\/\/pizbube.ch\/en\/shop\/euskalarria-sport-climbing-in-the-basque-country\/","title":{"rendered":"euskalarria &#8211; Sport Climbing in the Basque Country"},"content":{"rendered":"<p>Sport Climbing in The Basque Country is a selective guide covering the<br \/>\nnorthern Basque region around the western end of the Pyrenees.<br \/>\nThe guide decribes seventeen seperate climbing areas; each chapter has easy-<br \/>\nto-follow directions to get you there and features clear photo-topo diagrams<br \/>\nof tyhe individual climbing sectors, a good selection of action shots is also<br \/>\nincluded &#8211; English and Spanish language.<\/p>\n<p>No of Pages: 300<br \/>\nPage Size: 185 x 130 mm<br \/>\nBinding: Paperback (flapped)<br \/>\nIllustrations: Full Colour Phots and Topos<\/p>\n<p>&nbsp;<\/p>\n<p>Gu\u00eda de escalada del Pa\u00eds Vasco en euskera, castellano e ingl\u00e9s.<br \/>\nContiene croquis de las zonas divididas por sectores y destaca la cuidada<br \/>\nedici\u00f3n y las fotograf\u00edas en color de gran calidad. Las zonas de escalada son:<br \/>\nLiendo, Urduliz, Baltzola, Mugarra, Atxarte, Araotz, Santa Barbar\u00e1, Sarako<br \/>\nLeizeak, Ravin d\u00b4Urrio, Zerkupe, Salvatierra de Esca, Itoitz, Etxauri, Lezaia,<br \/>\nSan Fausto, Urbasako Portua, Sarabe-laieneko haitza, Meano, Kanpezu, Atauri,<br \/>\nApi\u00f1aniz, Egino, Oro y Valdegov\u00eda. Incluye tambi\u00e9n algunas zonas donde<br \/>\npracticar bloque.<\/p>","protected":false},"excerpt":{"rendered":"<p>Sport Climbing in The Basque Country is a selective guide covering the northern Basque region around the western end of the Pyrenees. The guide decribes seventeen seperate climbing areas; each chapter has easy- to-follow directions to get you there and features clear photo-topo diagrams of tyhe individual climbing sectors, a good selection of action shots [&#8230;]\n","protected":false},"featured_media":162680,"template":"","meta":[],"product_brand":[],"product_cat":[21539],"product_tag":[27170],"class_list":{"0":"post-151153","1":"product","2":"type-product","3":"status-publish","4":"has-post-thumbnail","6":"product_cat-fuehrerliteratur-sportklettern-bouldern","7":"product_tag-euskallaria","8":"pa_autor-de-alda-mulas-marco-maiz","9":"pa_erscheinungsjahr-21574","10":"pa_region-spanien","11":"pa_sprache-sp","13":"first","14":"outofstock","15":"taxable","16":"shipping-taxable","17":"purchasable","18":"product-type-simple"},"_links":{"self":[{"href":"https:\/\/pizbube.ch\/en\/wp-json\/wp\/v2\/product\/151153","targetHints":{"allow":["GET"]}}],"collection":[{"href":"https:\/\/pizbube.ch\/en\/wp-json\/wp\/v2\/product"}],"about":[{"href":"https:\/\/pizbube.ch\/en\/wp-json\/wp\/v2\/types\/product"}],"wp:featuredmedia":[{"embeddable":true,"href":"https:\/\/pizbube.ch\/en\/wp-json\/wp\/v2\/media\/162680"}],"wp:attachment":[{"href":"https:\/\/pizbube.ch\/en\/wp-json\/wp\/v2\/media?parent=151153"}],"wp:term":[{"taxonomy":"product_brand","embeddable":true,"href":"https:\/\/pizbube.ch\/en\/wp-json\/wp\/v2\/product_brand?post=151153"},{"taxonomy":"product_cat","embeddable":true,"href":"https:\/\/pizbube.ch\/en\/wp-json\/wp\/v2\/product_cat?post=151153"},{"taxonomy":"product_tag","embeddable":true,"href":"https:\/\/pizbube.ch\/en\/wp-json\/wp\/v2\/product_tag?post=151153"}],"curies":[{"name":"wp","href":"https:\/\/api.w.org\/{rel}","templated":true}]}}