{"id":151166,"date":"2021-01-15T11:59:27","date_gmt":"2021-01-15T11:59:27","guid":{"rendered":"https:\/\/codengine3.ch\/?product=import-placeholder-for-207681"},"modified":"2024-08-13T18:24:27","modified_gmt":"2024-08-13T16:24:27","slug":"escalade-en-savoie-tome-2-chambery-chartreuse-bauges-combe-de-savoie-lauziere","status":"publish","type":"product","link":"https:\/\/pizbube.ch\/en\/shop\/escalade-en-savoie-tome-2-chambery-chartreuse-bauges-combe-de-savoie-lauziere\/","title":{"rendered":"Escalade en Savoie Tome 2: Chamb\u00e9ry, Chartreuse, Bauges, Combe de Savoie, Lauzi\u00e8re"},"content":{"rendered":"<p>Tome 2: 40 falaises et 1515 voies<br \/>\nChamb\u00e9ry, Chartreuse, Bauges, Combe de Savoie, Lauzi\u00e8re<\/p>\n<p>Ce topo reprend la partie Chamb\u00e9ry, Chartreuse, Bauges, Combe de Savoie du<br \/>\ntopo de 2016 et une nouvelle partie, nomm\u00e9e Lauzi\u00e8re. Dans ce livre vous<br \/>\ntrouverez toutes les mises \u00e0 jours et correction du premier livre ainsi que<br \/>\nl\u2019ajout de nouvelles falaises ou nouveaux secteurs. Un nombre important de<br \/>\nphotos de falaises ont \u00e9t\u00e9 refaites et des am\u00e9liorations pour se retrouver<br \/>\ndans le livre ont \u00e9t\u00e9 apport\u00e9es.<\/p>\n<p>Edition 2020;<br \/>\n320 pages<\/p>","protected":false},"excerpt":{"rendered":"<p>Tome 2: 40 falaises et 1515 voies Chamb\u00e9ry, Chartreuse, Bauges, Combe de Savoie, Lauzi\u00e8re Ce topo reprend la partie Chamb\u00e9ry, Chartreuse, Bauges, Combe de Savoie du topo de 2016 et une nouvelle partie, nomm\u00e9e Lauzi\u00e8re. Dans ce livre vous trouverez toutes les mises \u00e0 jours et correction du premier livre ainsi que l\u2019ajout de nouvelles [&#8230;]\n","protected":false},"featured_media":38209,"template":"","meta":[],"product_brand":[],"product_cat":[21539],"product_tag":[],"class_list":{"0":"post-151166","1":"product","2":"type-product","3":"status-publish","4":"has-post-thumbnail","6":"product_cat-fuehrerliteratur-sportklettern-bouldern","7":"pa_autor-laurent-ffme","8":"pa_erscheinungsjahr-21558","9":"pa_region-frankreich","10":"pa_sprache-fr","12":"first","13":"instock","14":"taxable","15":"shipping-taxable","16":"purchasable","17":"product-type-simple"},"_links":{"self":[{"href":"https:\/\/pizbube.ch\/en\/wp-json\/wp\/v2\/product\/151166","targetHints":{"allow":["GET"]}}],"collection":[{"href":"https:\/\/pizbube.ch\/en\/wp-json\/wp\/v2\/product"}],"about":[{"href":"https:\/\/pizbube.ch\/en\/wp-json\/wp\/v2\/types\/product"}],"wp:featuredmedia":[{"embeddable":true,"href":"https:\/\/pizbube.ch\/en\/wp-json\/wp\/v2\/media\/38209"}],"wp:attachment":[{"href":"https:\/\/pizbube.ch\/en\/wp-json\/wp\/v2\/media?parent=151166"}],"wp:term":[{"taxonomy":"product_brand","embeddable":true,"href":"https:\/\/pizbube.ch\/en\/wp-json\/wp\/v2\/product_brand?post=151166"},{"taxonomy":"product_cat","embeddable":true,"href":"https:\/\/pizbube.ch\/en\/wp-json\/wp\/v2\/product_cat?post=151166"},{"taxonomy":"product_tag","embeddable":true,"href":"https:\/\/pizbube.ch\/en\/wp-json\/wp\/v2\/product_tag?post=151166"}],"curies":[{"name":"wp","href":"https:\/\/api.w.org\/{rel}","templated":true}]}}