{"id":151175,"date":"2021-01-15T11:59:27","date_gmt":"2021-01-15T11:59:27","guid":{"rendered":"https:\/\/codengine3.ch\/?product=import-placeholder-for-208387"},"modified":"2025-10-16T17:42:11","modified_gmt":"2025-10-16T15:42:11","slug":"planete-verticale-les-plus-beaux-sites-descalade-du-monde","status":"publish","type":"product","link":"https:\/\/pizbube.ch\/en\/shop\/planete-verticale-les-plus-beaux-sites-descalade-du-monde\/","title":{"rendered":"Plan\u00e8te Verticale &#8211; Les plus beaux sites d&#8217;escalade du monde"},"content":{"rendered":"<p>Partez \u00e0 la d\u00e9couverte des plus beaux sites d&#8217;escalade du monde.<\/p>\n<p>Depuis les plages de r\u00eave bord\u00e9es de falaises de Tonsa\u00ef et Railey en<br \/>\nTha\u00eflande, jusqu&#8217;aux profondes gorges de l&#8217;atlas marocain, en passant par les<br \/>\nbelles concr\u00e9tions de l&#8217;\u00efle grecque de Kalymnos ou le magnifique gr\u00e8s rouge de<br \/>\nRed River Gorge aux Etats-Unis, ce guide vous permettra de choisir votre<br \/>\ndestination en fonction de votre niveau, de la saison, de vos envies&#8230;ou m\u00eame<br \/>\nde la photo qui vous inspire le plus.<\/p>\n<p>Que vous soyez \u00e0 la recherche de gros devers physiques, de dalles techniques<br \/>\nou tout simplement d&#8217;un petit spot aussi tranquille que facile et au bord de<br \/>\nl&#8217;eau, il n&#8217;y a plus qu&#8217;\u00e0 faire son sac!<\/p>\n<p>Guide r\u00e9pertoriant les plus beaux sites d&#8217;escalade du monde, de la Tha\u00eflande<br \/>\naux USA en passant par le Maroc ou encore la Gr\u00e8ce&#8230;<br \/>\nLe guide parfait pour les grimpeurs-baroudeurs d\u00e9sireux de d\u00e9couvrir le monde.<br \/>\nAcc\u00e8s, cotations, nombre de voies, meilleure p\u00e9riode ainsi que des<br \/>\ninformations pratiques comme o\u00f9 manger et dormir.<\/p>\n<p>208 pages en couleur.<br \/>\nFormat : 14,5 x 21 cm.<\/p>","protected":false},"excerpt":{"rendered":"<p>Partez \u00e0 la d\u00e9couverte des plus beaux sites d&#8217;escalade du monde. Depuis les plages de r\u00eave bord\u00e9es de falaises de Tonsa\u00ef et Railey en Tha\u00eflande, jusqu&#8217;aux profondes gorges de l&#8217;atlas marocain, en passant par les belles concr\u00e9tions de l&#8217;\u00efle grecque de Kalymnos ou le magnifique gr\u00e8s rouge de Red River Gorge aux Etats-Unis, ce guide [&#8230;]\n","protected":false},"featured_media":171013,"template":"","meta":[],"product_brand":[],"product_cat":[21539],"product_tag":[],"class_list":{"0":"post-151175","1":"product","2":"type-product","3":"status-publish","4":"has-post-thumbnail","6":"product_cat-fuehrerliteratur-sportklettern-bouldern","7":"pa_autor-charrie","8":"pa_erscheinungsjahr-21568","9":"pa_region-frankreich","10":"pa_sprache-fr","12":"first","13":"instock","14":"taxable","15":"shipping-taxable","16":"purchasable","17":"product-type-simple"},"_links":{"self":[{"href":"https:\/\/pizbube.ch\/en\/wp-json\/wp\/v2\/product\/151175","targetHints":{"allow":["GET"]}}],"collection":[{"href":"https:\/\/pizbube.ch\/en\/wp-json\/wp\/v2\/product"}],"about":[{"href":"https:\/\/pizbube.ch\/en\/wp-json\/wp\/v2\/types\/product"}],"wp:featuredmedia":[{"embeddable":true,"href":"https:\/\/pizbube.ch\/en\/wp-json\/wp\/v2\/media\/171013"}],"wp:attachment":[{"href":"https:\/\/pizbube.ch\/en\/wp-json\/wp\/v2\/media?parent=151175"}],"wp:term":[{"taxonomy":"product_brand","embeddable":true,"href":"https:\/\/pizbube.ch\/en\/wp-json\/wp\/v2\/product_brand?post=151175"},{"taxonomy":"product_cat","embeddable":true,"href":"https:\/\/pizbube.ch\/en\/wp-json\/wp\/v2\/product_cat?post=151175"},{"taxonomy":"product_tag","embeddable":true,"href":"https:\/\/pizbube.ch\/en\/wp-json\/wp\/v2\/product_tag?post=151175"}],"curies":[{"name":"wp","href":"https:\/\/api.w.org\/{rel}","templated":true}]}}