{"id":151181,"date":"2021-01-15T11:59:28","date_gmt":"2021-01-15T11:59:28","guid":{"rendered":"https:\/\/codengine3.ch\/?product=import-placeholder-for-207436"},"modified":"2025-03-26T09:04:02","modified_gmt":"2025-03-26T08:04:02","slug":"huetten-im-alpengluehn","status":"publish","type":"product","link":"https:\/\/pizbube.ch\/en\/shop\/huetten-im-alpengluehn\/","title":{"rendered":"H\u00fctten im Alpengl\u00fchn"},"content":{"rendered":"<p>26 Beleuchtungen &#8211; 26 Geschichten<\/p>\n<p>Zum 150-Jahr-Jubil\u00e4um des Schweizerischen Alpen-Clubs beleuchtete der<br \/>\nLichtk\u00fcnstler Gerry Hofstetter 26 SAC-H\u00fctten und setzte ihnen ein fl\u00fcchtiges<br \/>\nDenkmal. Auf Touren von April bis Oktober 2013 in den Schweizer Bergen zeigte<br \/>\ner mit seinem Light Art Team auf, wie man natur- und umweltschonend in eine<br \/>\nSAC-H\u00fctte gelangt. Sie transportierten das ben\u00f6tigte Projektionsmaterial &#8211; bis<br \/>\nzu 55 Kilogramm &#8211; mit umgebauten Rucks\u00e4cken zu Fuss, auf Skiern und mit<br \/>\nSchlitten im Schlepptau oder mit Luftseilbahnen, Pferden und Lasteseln.<br \/>\nBegleitet wurde das Team von Freiwilligen, Freunden, Kunden, einem Fotografen-<br \/>\nund Filmteam sowie diversen Medien.<\/p>\n<p>Das Buch zeigt das Making-of dieser spektakul\u00e4ren Kunstaktion und erz\u00e4hlt die<br \/>\nGeschichten dahinter: 26 x Erlebnisse mit Menschen und Natur, Kunst und<br \/>\nKultur, durchgef\u00fchrt unter grosser k\u00f6rperlicher Anstrengung.<br \/>\nBeleuchtete H\u00fctten: Chamanna Coaz, Pontresina; Cabane du Mont Fort, Verbier;<br \/>\nMonte-Rosa-H\u00fctte, Zermatt; Britanniah\u00fctte, Saas Fee; Kr\u00f6ntenh\u00fctte, Erstfeld;<br \/>\nGr\u00fcnhornh\u00fctte, Linthal; Fridolinsh\u00fctte, Linthal; Sustlih\u00fctte, Wassen;<br \/>\nWildstrubelh\u00fctte, Lenk; Binntalh\u00fctte, Binn; Glecksteinh\u00fctte, Grindelwald;<br \/>\nTierberglih\u00fctte, Innertkirchen; Capanna Basodino, San Carlo; Bergseeh\u00fctte,<br \/>\nG\u00f6schenen; Monte-Leone-H\u00fctte, Simplon; Weissmiesh\u00fctte, Saas Grund;<br \/>\nRugghubelh\u00fctte, Engelberg; Brunnih\u00fctte, Engelberg; Dammah\u00fctte, G\u00f6schenen;<br \/>\nGlattalph\u00fctte, Muotathal; Martinsmadh\u00fctte, Elm; L\u00e4nta-H\u00fctte, Vals;<br \/>\nGelmerh\u00fctte, Grimsel; Hundsteinh\u00fctte, Br\u00fclisau; Spitzmeilenh\u00fctte, Flumserberg;<br \/>\nCapanna da l&#8217;Albigna, Pranzaira Bergell.<\/p>","protected":false},"excerpt":{"rendered":"<ul>\n<li><a href=\"https:\/\/youtu.be\/77eKZD6zfno\" target=\"_blank\" rel=\"noopener\">Video: H\u00fctten im Alpengl\u00fchn Trailer 3,3 Minuten<\/a><\/li>\n<\/ul>","protected":false},"featured_media":37440,"template":"","meta":[],"product_brand":[],"product_cat":[21542],"product_tag":[],"class_list":{"0":"post-151181","1":"product","2":"type-product","3":"status-publish","4":"has-post-thumbnail","6":"product_cat-sachbuecher-dokumentationen","7":"pa_autor-hofstetter","8":"pa_erscheinungsjahr-21597","9":"pa_region-schweiz","10":"pa_sprache-de","12":"first","13":"outofstock","14":"taxable","15":"shipping-taxable","16":"purchasable","17":"product-type-simple"},"_links":{"self":[{"href":"https:\/\/pizbube.ch\/en\/wp-json\/wp\/v2\/product\/151181","targetHints":{"allow":["GET"]}}],"collection":[{"href":"https:\/\/pizbube.ch\/en\/wp-json\/wp\/v2\/product"}],"about":[{"href":"https:\/\/pizbube.ch\/en\/wp-json\/wp\/v2\/types\/product"}],"wp:featuredmedia":[{"embeddable":true,"href":"https:\/\/pizbube.ch\/en\/wp-json\/wp\/v2\/media\/37440"}],"wp:attachment":[{"href":"https:\/\/pizbube.ch\/en\/wp-json\/wp\/v2\/media?parent=151181"}],"wp:term":[{"taxonomy":"product_brand","embeddable":true,"href":"https:\/\/pizbube.ch\/en\/wp-json\/wp\/v2\/product_brand?post=151181"},{"taxonomy":"product_cat","embeddable":true,"href":"https:\/\/pizbube.ch\/en\/wp-json\/wp\/v2\/product_cat?post=151181"},{"taxonomy":"product_tag","embeddable":true,"href":"https:\/\/pizbube.ch\/en\/wp-json\/wp\/v2\/product_tag?post=151181"}],"curies":[{"name":"wp","href":"https:\/\/api.w.org\/{rel}","templated":true}]}}