{"id":151182,"date":"2021-01-15T11:59:35","date_gmt":"2021-01-15T11:59:35","guid":{"rendered":"https:\/\/codengine3.ch\/?product=import-placeholder-for-201219"},"modified":"2021-07-07T12:04:39","modified_gmt":"2021-07-07T10:04:39","slug":"haengebrueckenfuehrer-schweiz","status":"publish","type":"product","link":"https:\/\/pizbube.ch\/en\/shop\/haengebrueckenfuehrer-schweiz\/","title":{"rendered":"H\u00e4ngebr\u00fcckenf\u00fchrer Schweiz"},"content":{"rendered":"<p>37 abenteuerliche Wanderungen in schwindelerregender H\u00f6he<\/p>\n<p>Der Aufstieg ist steil, der Weg holprig und die Sonne brennt auf der Haut. Und<br \/>\ndoch ist von Anstrengung nichts zu sp\u00fcren. Alle Aufmerksamkeit gilt dem<br \/>\nn\u00e4chsten Felsvorsprung. Endlich ist das lang ersehnte Ziel sichtbar: Die<br \/>\nimposante H\u00e4ngebr\u00fccke spannt sich \u00fcber die 100 Meter tiefe Schlucht.<\/p>\n<p>Fr\u00fcher erleichterte die H\u00e4ngebr\u00fccke den Bauern den Aufstieg zu den Bergen.<br \/>\nAuch heute noch dient sie oftmals als Mittel zum Zweck, um tiefe Schluchten in<br \/>\nwenigen Schritten ohne Gefahr zu \u00fcberqueren. Ihre imposante Bauart an<br \/>\nteilweise spektakul\u00e4rster Lage ist aber auch eine einzigartige Attraktion. Der<br \/>\nneue H\u00e4ngebr\u00fcckenf\u00fchrer ist eine Sammlung von unterschiedlichsten H\u00e4ngebr\u00fccken<br \/>\nund Aussichtsplattformen in der ganzen Schweiz.<\/p>\n<p>Der H\u00e4ngebr\u00fcckenf\u00fchrer stellt 33 H\u00e4ngebr\u00fccken und 5 Aussichtsplattformen in der Schweiz vor.<br \/>\nEine kurze Einf\u00fchrung zeigt die Geschichte der Br\u00fccken. Daneben finden sich zu jeder Br\u00fccke technische Details<br \/>\nund n\u00fctzliche Tipps f\u00fcr die An- und R\u00fcckreise. Die zahlreichen Farbfotos liefern einen kleinen Vorgeschmack auf das,<br \/>\nwas Sie bei einer Begehung erwartet.<\/p>\n<p>2., \u00fcberarbeitete Auflage 2018<br \/>\n320 Seiten, 14,3 x 21,4 cm, gebunden, Softcover<br \/>\nMit 180 Abbildungen<\/p>","protected":false},"excerpt":{"rendered":"<p>37 abenteuerliche Wanderungen in schwindelerregender H\u00f6he Der Aufstieg ist steil, der Weg holprig und die Sonne brennt auf der Haut. Und doch ist von Anstrengung nichts zu sp\u00fcren. Alle Aufmerksamkeit gilt dem n\u00e4chsten Felsvorsprung. Endlich ist das lang ersehnte Ziel sichtbar: Die imposante H\u00e4ngebr\u00fccke spannt sich \u00fcber die 100 Meter tiefe Schlucht. Fr\u00fcher erleichterte die [&#8230;]\n","protected":false},"featured_media":157931,"template":"","meta":[],"product_brand":[],"product_cat":[21605],"product_tag":[],"class_list":{"0":"post-151182","1":"product","2":"type-product","3":"status-publish","4":"has-post-thumbnail","6":"product_cat-wanderfuehrer-trekking","7":"pa_autor-haefliger","8":"pa_erscheinungsjahr-21546","9":"pa_region-schweiz","10":"pa_sprache-de","12":"first","13":"instock","14":"taxable","15":"shipping-taxable","16":"purchasable","17":"product-type-simple"},"_links":{"self":[{"href":"https:\/\/pizbube.ch\/en\/wp-json\/wp\/v2\/product\/151182","targetHints":{"allow":["GET"]}}],"collection":[{"href":"https:\/\/pizbube.ch\/en\/wp-json\/wp\/v2\/product"}],"about":[{"href":"https:\/\/pizbube.ch\/en\/wp-json\/wp\/v2\/types\/product"}],"wp:featuredmedia":[{"embeddable":true,"href":"https:\/\/pizbube.ch\/en\/wp-json\/wp\/v2\/media\/157931"}],"wp:attachment":[{"href":"https:\/\/pizbube.ch\/en\/wp-json\/wp\/v2\/media?parent=151182"}],"wp:term":[{"taxonomy":"product_brand","embeddable":true,"href":"https:\/\/pizbube.ch\/en\/wp-json\/wp\/v2\/product_brand?post=151182"},{"taxonomy":"product_cat","embeddable":true,"href":"https:\/\/pizbube.ch\/en\/wp-json\/wp\/v2\/product_cat?post=151182"},{"taxonomy":"product_tag","embeddable":true,"href":"https:\/\/pizbube.ch\/en\/wp-json\/wp\/v2\/product_tag?post=151182"}],"curies":[{"name":"wp","href":"https:\/\/api.w.org\/{rel}","templated":true}]}}