{"id":151183,"date":"2021-01-15T11:59:35","date_gmt":"2021-01-15T11:59:35","guid":{"rendered":"https:\/\/codengine3.ch\/?product=import-placeholder-for-208064"},"modified":"2021-01-15T17:49:50","modified_gmt":"2021-01-15T17:49:50","slug":"suedtirol-meraner-hoehenweg-mit-spronser-seen-und-waalwegen","status":"publish","type":"product","link":"https:\/\/pizbube.ch\/en\/shop\/suedtirol-meraner-hoehenweg-mit-spronser-seen-und-waalwegen\/","title":{"rendered":"S\u00fcdtirol: Meraner H\u00f6henweg mit Spronser Seen und Waalwegen"},"content":{"rendered":"<p>\nAm Meraner H\u00f6henweg wandern Sie auf einem Rundwanderweg 89 km um den Naturpark<br \/>\nTexelgruppe.<\/p>\n<p>Der Nordteil (38 km) des Weges f\u00fchrt durch das Pfossental ins Hochgebirge zum<br \/>\nh\u00f6chsten Punkt am Eisj\u00f6chl (2.895) und ist gesamt von Ende Mai (nach der<br \/>\nSchneeschmelze) bis Oktober (vor Schneefall) begehbar. Im S\u00fcdteil (51 km)<br \/>\nbefinden Sie sich im Mittelgebirge und sind von Mai bis November auf gut<br \/>\ngesicherten Wegen durch verschiedene Vegetationszonen unterwegs. Auf manchen<br \/>\nEtappen wandern Sie lange Strecken ohne gro\u00dfe H\u00f6henunterschiede. Der sch\u00f6nste<br \/>\nPanoramaweg S\u00fcdtirols bringt Sie im abwechslungsreichem Auf und Ab zu Talb\u00f6den<br \/>\nmit Wasserf\u00e4llen und als Steig auf den h\u00f6chsten Punkt am Eisj\u00f6chl (2898).<\/p>\n<p>Bei der Umrundung der Texelgruppe mit den spitzen Dreitausendern wandern Sie<br \/>\nmit Blick ins Meraner Becken, Passeiertal und Sarntaler-, Stubaier- und<br \/>\n\u00d6tztaler Alpen durch Bergwiesen von Hof zu Hof. Sie durchqueren W\u00e4lder und<br \/>\nimmer wieder er\u00f6ffnen sich neue Ausblicke. Der Weg kann in f\u00fcnf bis sechs<br \/>\nTagesetappen mit je 6 \u2013 8 Stunden Gehzeit bew\u00e4ltigt werden. Auch Varianten mit<br \/>\nk\u00fcrzeren Etappen sind m\u00f6glich, da es zahlreiche Einstiege und Abstiege, sowie<br \/>\nSeilbahnen gibt, die Sie direkt zum H\u00f6henweg auf 1.300 bis 1.500 m bringen.<br \/>\nAuch eine Alternative mit Durchquerung des Naturparkes \u00fcber die Spronser<br \/>\nGebirgsseen und Waalwege werden beschrieben.  <\/p>","protected":false},"excerpt":{"rendered":"<p>Am Meraner H\u00f6henweg wandern Sie auf einem Rundwanderweg 89 km um den Naturpark Texelgruppe. Der Nordteil (38 km) des Weges f\u00fchrt durch das Pfossental ins Hochgebirge zum h\u00f6chsten Punkt am Eisj\u00f6chl (2.895) und ist gesamt von Ende Mai (nach der Schneeschmelze) bis Oktober (vor Schneefall) begehbar. Im S\u00fcdteil (51 km) befinden Sie sich im Mittelgebirge [&#8230;]\n","protected":false},"featured_media":39246,"template":"","meta":[],"product_brand":[],"product_cat":[21605],"product_tag":[],"class_list":{"0":"post-151183","1":"product","2":"type-product","3":"status-publish","4":"has-post-thumbnail","6":"product_cat-wanderfuehrer-trekking","7":"pa_autor-bartl","8":"pa_erscheinungsjahr-21586","9":"pa_region-italien","10":"pa_sprache-de","12":"first","13":"instock","14":"taxable","15":"shipping-taxable","16":"purchasable","17":"product-type-simple"},"_links":{"self":[{"href":"https:\/\/pizbube.ch\/en\/wp-json\/wp\/v2\/product\/151183","targetHints":{"allow":["GET"]}}],"collection":[{"href":"https:\/\/pizbube.ch\/en\/wp-json\/wp\/v2\/product"}],"about":[{"href":"https:\/\/pizbube.ch\/en\/wp-json\/wp\/v2\/types\/product"}],"wp:featuredmedia":[{"embeddable":true,"href":"https:\/\/pizbube.ch\/en\/wp-json\/wp\/v2\/media\/39246"}],"wp:attachment":[{"href":"https:\/\/pizbube.ch\/en\/wp-json\/wp\/v2\/media?parent=151183"}],"wp:term":[{"taxonomy":"product_brand","embeddable":true,"href":"https:\/\/pizbube.ch\/en\/wp-json\/wp\/v2\/product_brand?post=151183"},{"taxonomy":"product_cat","embeddable":true,"href":"https:\/\/pizbube.ch\/en\/wp-json\/wp\/v2\/product_cat?post=151183"},{"taxonomy":"product_tag","embeddable":true,"href":"https:\/\/pizbube.ch\/en\/wp-json\/wp\/v2\/product_tag?post=151183"}],"curies":[{"name":"wp","href":"https:\/\/api.w.org\/{rel}","templated":true}]}}