{"id":151184,"date":"2021-01-15T11:59:35","date_gmt":"2021-01-15T11:59:35","guid":{"rendered":"https:\/\/codengine3.ch\/?product=import-placeholder-for-206751"},"modified":"2022-06-24T15:32:23","modified_gmt":"2022-06-24T13:32:23","slug":"suedtirol-vinschger-hoehenweg-von-reschen-nach-juval","status":"publish","type":"product","link":"https:\/\/pizbube.ch\/en\/shop\/suedtirol-vinschger-hoehenweg-von-reschen-nach-juval\/","title":{"rendered":"S\u00fcdtirol: Vinschger H\u00f6henweg von Reschen nach Juval"},"content":{"rendered":"<p>Der Vinschger H\u00f6henweg ist ein noch junger Weitwanderweg, der entlang der<br \/>\nVinschger Sonnenseite von der Etschquelle am Reschenpass bis nach Staben im<br \/>\nUntervinschgau f\u00fchrt. Der 108 Km lange Weg verl\u00e4uft in 5-6 Tagesetappen auf<br \/>\nWegen und Pfaden unterschiedlichster Art: Vom schmalen Bergsteig bis zum<br \/>\nWaalweg ist alles dabei. Unterwegs gibt es immer wieder Ausblicke auf die<br \/>\nh\u00f6chsten Gipfel S\u00fcdtirols, mit \u201eK\u00f6nig\u201c Ortler, einem der gewaltigsten Berge<br \/>\nder Alpen und nat\u00fcrlich in den Vinschgau mit seinen Orten und seiner ganz<br \/>\nspeziellen Kulturlandschaft. In der hier beschriebenen Richtung ist das<br \/>\nErlebnis der sich st\u00e4ndig \u00e4ndernden Vegetation einmalig, von subalpin bis hin<br \/>\nzu fast schon mediterran anmutender Flora.<\/p>\n<p>Der Vinschger H\u00f6henweg ist in der<br \/>\nRegel von Mai bis November begehbar und kann nicht nur als Ganzes erwandert<br \/>\nwerden, sondern auch in Einzeletappen. Der Wanderf\u00fchrer enth\u00e4lt eine<br \/>\ndetaillierte Wegbeschreibung mit zus\u00e4tzlichen Routen- und Gipfelvarianten.<br \/>\nHinweise zu Unterkunftsm\u00f6glichkeiten, dazu interessante Erl\u00e4uterungen zu<br \/>\nGeologie, Natur und Geschichte des Vinschgaus sowie zu Sehensw\u00fcrdigkeiten<br \/>\nentlang des Weges machen ihn zu einem unentbehrlichen Begleiter.<br \/>\n1. Auflage 2013, 128 Seiten, 10 Karten, 33 farbige Abbildungen, 6 farbige<br \/>\nH\u00f6henprofile<\/p>","protected":false},"excerpt":{"rendered":"<p>Der Vinschger H\u00f6henweg ist ein noch junger Weitwanderweg, der entlang der Vinschger Sonnenseite von der Etschquelle am Reschenpass bis nach Staben im Untervinschgau f\u00fchrt. Der 108 Km lange Weg verl\u00e4uft in 5-6 Tagesetappen auf Wegen und Pfaden unterschiedlichster Art: Vom schmalen Bergsteig bis zum Waalweg ist alles dabei. Unterwegs gibt es immer wieder Ausblicke auf [&#8230;]\n","protected":false},"featured_media":36026,"template":"","meta":[],"product_brand":[],"product_cat":[21605],"product_tag":[],"class_list":{"0":"post-151184","1":"product","2":"type-product","3":"status-publish","4":"has-post-thumbnail","6":"product_cat-wanderfuehrer-trekking","7":"pa_autor-deuble","8":"pa_erscheinungsjahr-21568","9":"pa_region-italien","10":"pa_sprache-de","12":"first","13":"outofstock","14":"taxable","15":"shipping-taxable","16":"purchasable","17":"product-type-simple"},"_links":{"self":[{"href":"https:\/\/pizbube.ch\/en\/wp-json\/wp\/v2\/product\/151184","targetHints":{"allow":["GET"]}}],"collection":[{"href":"https:\/\/pizbube.ch\/en\/wp-json\/wp\/v2\/product"}],"about":[{"href":"https:\/\/pizbube.ch\/en\/wp-json\/wp\/v2\/types\/product"}],"wp:featuredmedia":[{"embeddable":true,"href":"https:\/\/pizbube.ch\/en\/wp-json\/wp\/v2\/media\/36026"}],"wp:attachment":[{"href":"https:\/\/pizbube.ch\/en\/wp-json\/wp\/v2\/media?parent=151184"}],"wp:term":[{"taxonomy":"product_brand","embeddable":true,"href":"https:\/\/pizbube.ch\/en\/wp-json\/wp\/v2\/product_brand?post=151184"},{"taxonomy":"product_cat","embeddable":true,"href":"https:\/\/pizbube.ch\/en\/wp-json\/wp\/v2\/product_cat?post=151184"},{"taxonomy":"product_tag","embeddable":true,"href":"https:\/\/pizbube.ch\/en\/wp-json\/wp\/v2\/product_tag?post=151184"}],"curies":[{"name":"wp","href":"https:\/\/api.w.org\/{rel}","templated":true}]}}