{"id":151186,"date":"2021-01-15T11:59:36","date_gmt":"2021-01-15T11:59:36","guid":{"rendered":"https:\/\/codengine3.ch\/?product=import-placeholder-for-207869"},"modified":"2021-01-15T16:59:31","modified_gmt":"2021-01-15T16:59:31","slug":"nach-oben-nach-oben-nach-oben","status":"publish","type":"product","link":"https:\/\/pizbube.ch\/en\/shop\/nach-oben-nach-oben-nach-oben\/","title":{"rendered":"Nach oben. Nach oben. Nach oben"},"content":{"rendered":"<p>Schl\u00fcsselmomente aus tausend Erstbegehungen<\/p>\n<p>Wenn dich der Berg nicht mehr losl\u00e4sst: &#171;Wunderbar&#187; ist kein \u00fcbertriebenes<br \/>\nWort, wenn ich im Zeitraffer meine Bergerlebnisse, verschmolzen in tausend<br \/>\nErstbegehungen, im Geiste noch einmal durchgehe. Zwischen den Abschieden und<br \/>\ndem Heimkommen lag stets das Unvorhersehbare. Es war der Zauber, an einem Ort<br \/>\nzu sein, wo in all den Millionen Jahren kein Mensch zuvor war.<br \/>\n&#171;Albert Precht hat bewiesen, dass das Abenteuer Fels auch heute noch m\u00f6glich<br \/>\nist. Es braucht dazu K\u00f6nnen, Kreativit\u00e4t und die Gabe es zu wagen. All das hat<br \/>\nAlbert Precht zu einem der Neuerer des Felskletterns gemacht, zum `K\u00f6nig` der<br \/>\nhohen Vertikalen.&#187; Reinhold Messner<\/p>\n<p>Im ersten Teil des Buches erz\u00e4hlt er in anschaulicher Weise Bergtouren rund um<br \/>\nseine Heimat. Anschlie\u00dfend schreibt er \u00fcber Touren in aller Welt. Bei seinen<br \/>\nBerichten sp\u00fcrt man die Leidenschaft f\u00fcr die Berge. Er lehnt bis heutedie<br \/>\n\u00dcbertechnisierung beim Bergsport ab, sondern pl\u00e4diert f\u00fcr die<br \/>\nEigenverantwortung und die Aufmerksamkeit, welche die Berge fordern.<\/p>","protected":false},"excerpt":{"rendered":"<ul>\n<li><a href=\"https:\/\/pizbube.ch\/wp-content\/uploads\/attachments\/a_027\/AE7BB545E4BB180E116BA434D2549DD0.pdf\" target=\"_blank\" rel=\"noopener\">PDF: Nach oben_Buchbesprechung<\/a><\/li>\n<\/ul>","protected":false},"featured_media":38663,"template":"","meta":[],"product_brand":[],"product_cat":[21542],"product_tag":[],"class_list":{"0":"post-151186","1":"product","2":"type-product","3":"status-publish","4":"has-post-thumbnail","6":"product_cat-sachbuecher-dokumentationen","7":"pa_autor-precht","8":"pa_erscheinungsjahr-21568","9":"pa_region-oesterreich","10":"pa_sprache-de","12":"first","13":"instock","14":"taxable","15":"shipping-taxable","16":"purchasable","17":"product-type-simple"},"_links":{"self":[{"href":"https:\/\/pizbube.ch\/en\/wp-json\/wp\/v2\/product\/151186","targetHints":{"allow":["GET"]}}],"collection":[{"href":"https:\/\/pizbube.ch\/en\/wp-json\/wp\/v2\/product"}],"about":[{"href":"https:\/\/pizbube.ch\/en\/wp-json\/wp\/v2\/types\/product"}],"wp:featuredmedia":[{"embeddable":true,"href":"https:\/\/pizbube.ch\/en\/wp-json\/wp\/v2\/media\/38663"}],"wp:attachment":[{"href":"https:\/\/pizbube.ch\/en\/wp-json\/wp\/v2\/media?parent=151186"}],"wp:term":[{"taxonomy":"product_brand","embeddable":true,"href":"https:\/\/pizbube.ch\/en\/wp-json\/wp\/v2\/product_brand?post=151186"},{"taxonomy":"product_cat","embeddable":true,"href":"https:\/\/pizbube.ch\/en\/wp-json\/wp\/v2\/product_cat?post=151186"},{"taxonomy":"product_tag","embeddable":true,"href":"https:\/\/pizbube.ch\/en\/wp-json\/wp\/v2\/product_tag?post=151186"}],"curies":[{"name":"wp","href":"https:\/\/api.w.org\/{rel}","templated":true}]}}