{"id":151187,"date":"2021-01-15T11:59:36","date_gmt":"2021-01-15T11:59:36","guid":{"rendered":"https:\/\/codengine3.ch\/?product=import-placeholder-for-205931"},"modified":"2022-12-23T10:11:29","modified_gmt":"2022-12-23T09:11:29","slug":"powderguide-lawinen","status":"publish","type":"product","link":"https:\/\/pizbube.ch\/en\/shop\/powderguide-lawinen\/","title":{"rendered":"powderguide Lawinen"},"content":{"rendered":"<p>Risiko-Check f\u00fcr Freerider<\/p>\n<p>Das erste Lawinenlehrbuch f\u00fcr Freerider: f\u00fcr ihre Bed\u00fcrfnisse,<br \/>\nin ihrer Sprache!<br \/>\nFreeriding &#8211; die Trendsportart der letzten Jahre &#8211; macht jede Menge Spa\u00df,<br \/>\nbirgt aber auch gro\u00dfe Gefahren. Lawinenungl\u00fccke sind die Folge. Dieses Buch<br \/>\nmotiviert junge Freerider &#8211; egal ob Snowboarder, Freeskier oder Telemarker,<br \/>\nsich mit der Lawinengefahr auseinanderzusetzen. Und dem Autorenteam &#8211; vier<br \/>\nleidenschaftliche Freerider &#8211; ist es gelungen, das (lebens-)notwendige Wissen,<br \/>\nnicht mehr und nicht weniger, verst\u00e4ndlich, praxisbezogen und unkompliziert,<br \/>\nmit vielen Grafiken und Fotos, darzustellen.<br \/>\nDas Herzst\u00fcck dieses modernen Lawinen-Ausbildungsbuches f\u00fcr Freerider bildet<br \/>\ndas eigenverantwortliche Risiko-Management auf der Basis der 3&#215;3-Filter- und<br \/>\nder Reduktionsmethode, die der Lawinenexperten Werner Munter (Schnee- und<br \/>\nLawinenforschungsinstitut \/ CH-Davos) entwickelt hat. Sie erm\u00f6glicht allen<br \/>\nFreeridern, ihr Risiko einzusch\u00e4tzen &#8211; ohne dabei auf den `Fun` beim<br \/>\nTiefschneefahren verzichten zu m\u00fcssen.<br \/>\nDie Themen des Buches sind u.a.:<br \/>\n\u00b7 Lawinenkunde und Risikomanagement<br \/>\n\u00b7 `Denken statt Schaufeln`: Die besten Methoden zur Verhinderung eines<br \/>\nLawinenunfalls<br \/>\n\u00b7 Ausr\u00fcstung f\u00fcr Freerider und der Umgang damit<br \/>\n\u00b7 Richtiges Verhalten bei einem Lawinenunfall: Kameradensuche, Erste Hilfe und<br \/>\nRettung<br \/>\nEin ausf\u00fchrlicher Serviceteil mit Adressen von Lawinenwarndiensten, Kurs-<br \/>\nAnbietern usw. runden das Buch ab, w\u00e4hrend der Leser auf der dazugeh\u00f6rigen<br \/>\nService-Website www.powderguide.com laufend aktuelle Tipps und praktischen<br \/>\nRund-um-Service findet.<br \/>\n4., v\u00f6llig \u00fcberarbeitete Neuauflage 2012<\/p>","protected":false},"excerpt":{"rendered":"<p>Risiko-Check f\u00fcr Freerider Das erste Lawinenlehrbuch f\u00fcr Freerider: f\u00fcr ihre Bed\u00fcrfnisse, in ihrer Sprache! Freeriding &#8211; die Trendsportart der letzten Jahre &#8211; macht jede Menge Spa\u00df, birgt aber auch gro\u00dfe Gefahren. Lawinenungl\u00fccke sind die Folge. Dieses Buch motiviert junge Freerider &#8211; egal ob Snowboarder, Freeskier oder Telemarker, sich mit der Lawinengefahr auseinanderzusetzen. Und dem Autorenteam [&#8230;]\n","protected":false},"featured_media":34786,"template":"","meta":[],"product_brand":[],"product_cat":[21538],"product_tag":[],"class_list":{"0":"post-151187","1":"product","2":"type-product","3":"status-publish","4":"has-post-thumbnail","6":"product_cat-lehrbuecher","7":"pa_autor-kurzeder-feist","8":"pa_erscheinungsjahr-21621","9":"pa_region-alpin-winter","10":"pa_sprache-de","12":"first","13":"instock","14":"taxable","15":"shipping-taxable","16":"purchasable","17":"product-type-simple"},"_links":{"self":[{"href":"https:\/\/pizbube.ch\/en\/wp-json\/wp\/v2\/product\/151187","targetHints":{"allow":["GET"]}}],"collection":[{"href":"https:\/\/pizbube.ch\/en\/wp-json\/wp\/v2\/product"}],"about":[{"href":"https:\/\/pizbube.ch\/en\/wp-json\/wp\/v2\/types\/product"}],"wp:featuredmedia":[{"embeddable":true,"href":"https:\/\/pizbube.ch\/en\/wp-json\/wp\/v2\/media\/34786"}],"wp:attachment":[{"href":"https:\/\/pizbube.ch\/en\/wp-json\/wp\/v2\/media?parent=151187"}],"wp:term":[{"taxonomy":"product_brand","embeddable":true,"href":"https:\/\/pizbube.ch\/en\/wp-json\/wp\/v2\/product_brand?post=151187"},{"taxonomy":"product_cat","embeddable":true,"href":"https:\/\/pizbube.ch\/en\/wp-json\/wp\/v2\/product_cat?post=151187"},{"taxonomy":"product_tag","embeddable":true,"href":"https:\/\/pizbube.ch\/en\/wp-json\/wp\/v2\/product_tag?post=151187"}],"curies":[{"name":"wp","href":"https:\/\/api.w.org\/{rel}","templated":true}]}}