{"id":151194,"date":"2021-01-15T11:59:36","date_gmt":"2021-01-15T11:59:36","guid":{"rendered":"https:\/\/codengine3.ch\/?product=import-placeholder-for-201223"},"modified":"2023-09-08T08:45:06","modified_gmt":"2023-09-08T06:45:06","slug":"nordwand-mein-leben-mit-dem-eiger","status":"publish","type":"product","link":"https:\/\/pizbube.ch\/en\/shop\/nordwand-mein-leben-mit-dem-eiger\/","title":{"rendered":"Nordwand &#8211; Mein Leben mit dem Eiger"},"content":{"rendered":"<p>In diesem Buch erz\u00e4hlt Extrembergsteiger Robert Jasper von seinen Erfahrungen<br \/>\nals Sportler mit und seiner besonderen Beziehung zur Eiger Nordwand.<\/p>\n<p>Robert Jasper gilt als der Eiger-Nordwand-Experte schlechthin. Dort feierte er<br \/>\nviele seiner bisher gr\u00f6\u00dften Erfolge. Bereits 1991 sorgte der Extrembergsteiger<br \/>\nin der \u00d6ffentlichkeit f\u00fcr Furore, als er innerhalb eines Jahres solo die drei<br \/>\ngr\u00f6\u00dften Nordw\u00e4nde der Alpen (Eiger, Matterhorn und Grandes Jorasses) in<br \/>\nRekordzeit durchstieg.<\/p>\n<p>In \u201eNordwand. Mein Leben mit dem Eiger\u201c l\u00e4sst Jasper tief in seine<br \/>\nBergsteigerseele blicken und offenbart die Motivation dahinter, sich immer<br \/>\nwieder neuen Herausforderungen an \u201eseiner\u201c Wand zu stellen. Dynamische Bilder<br \/>\ngewagter Kletterszenen sowie Bildmaterial aus dem Anderl-Heckmair-Archiv<br \/>\nzeigen nicht nur Robert Jasper als Extrembergsteiger, sondern machen auch<br \/>\nseine Faszination f\u00fcr die Eiger-Nordwand verst\u00e4ndlich.<\/p>","protected":false},"excerpt":{"rendered":"<p>In diesem Buch erz\u00e4hlt Extrembergsteiger Robert Jasper von seinen Erfahrungen als Sportler mit und seiner besonderen Beziehung zur Eiger Nordwand. Robert Jasper gilt als der Eiger-Nordwand-Experte schlechthin. Dort feierte er viele seiner bisher gr\u00f6\u00dften Erfolge. Bereits 1991 sorgte der Extrembergsteiger in der \u00d6ffentlichkeit f\u00fcr Furore, als er innerhalb eines Jahres solo die drei gr\u00f6\u00dften Nordw\u00e4nde [&#8230;]\n","protected":false},"featured_media":28468,"template":"","meta":[],"product_brand":[],"product_cat":[21542],"product_tag":[],"class_list":{"0":"post-151194","1":"product","2":"type-product","3":"status-publish","4":"has-post-thumbnail","6":"product_cat-sachbuecher-dokumentationen","7":"pa_autor-jasper","8":"pa_erscheinungsjahr-21597","9":"pa_region-deutschland","10":"pa_sprache-de","12":"first","13":"outofstock","14":"taxable","15":"shipping-taxable","16":"purchasable","17":"product-type-simple"},"_links":{"self":[{"href":"https:\/\/pizbube.ch\/en\/wp-json\/wp\/v2\/product\/151194","targetHints":{"allow":["GET"]}}],"collection":[{"href":"https:\/\/pizbube.ch\/en\/wp-json\/wp\/v2\/product"}],"about":[{"href":"https:\/\/pizbube.ch\/en\/wp-json\/wp\/v2\/types\/product"}],"wp:featuredmedia":[{"embeddable":true,"href":"https:\/\/pizbube.ch\/en\/wp-json\/wp\/v2\/media\/28468"}],"wp:attachment":[{"href":"https:\/\/pizbube.ch\/en\/wp-json\/wp\/v2\/media?parent=151194"}],"wp:term":[{"taxonomy":"product_brand","embeddable":true,"href":"https:\/\/pizbube.ch\/en\/wp-json\/wp\/v2\/product_brand?post=151194"},{"taxonomy":"product_cat","embeddable":true,"href":"https:\/\/pizbube.ch\/en\/wp-json\/wp\/v2\/product_cat?post=151194"},{"taxonomy":"product_tag","embeddable":true,"href":"https:\/\/pizbube.ch\/en\/wp-json\/wp\/v2\/product_tag?post=151194"}],"curies":[{"name":"wp","href":"https:\/\/api.w.org\/{rel}","templated":true}]}}