{"id":151199,"date":"2021-01-15T11:59:37","date_gmt":"2021-01-15T11:59:37","guid":{"rendered":"https:\/\/codengine3.ch\/?product=import-placeholder-for-201232"},"modified":"2021-01-15T11:59:42","modified_gmt":"2021-01-15T11:59:42","slug":"lalpe-44-guerriers-des-cimes","status":"publish","type":"product","link":"https:\/\/pizbube.ch\/en\/shop\/lalpe-44-guerriers-des-cimes\/","title":{"rendered":"L`Alpe 44 &#8211; Guerriers des cimes"},"content":{"rendered":"<p>La revue conserve l`approche th\u00e9matique qui fait son originalit\u00e9 dans le<br \/>\npaysage \u00e9ditorial et qui lui a permis de traiter d\u00e9j\u00e0 plus d`une quarantaine<br \/>\nde sujets de fond : transports, habitat, nature, voyages, mus\u00e9es, litt\u00e9rature,<br \/>\npeinture, fromages, cartographie, etc. \u00c0 l`occasion des dix ans de L`Alpe,<br \/>\nd`aucuns sont all\u00e9s jusqu`\u00e0 \u00e9voquer une ?encyclop\u00e9die Diderot des Alpes en<br \/>\ncours de formation? ! \u00c0 ce th\u00e8me principal, la revue adjoint dor\u00e9navant une<br \/>\ns\u00e9rie de rubriques mieux identifi\u00e9es (?mon alpe?, d\u00e9bats, expositions, bonnes<br \/>\nfeuilles, Alpes d`ailleurs, portfolio, etc.) compl\u00e9t\u00e9es par une partie guide,<br \/>\nainsi que par des articles, toujours r\u00e9dig\u00e9s par les meilleurs sp\u00e9cialistes,<br \/>\nqui seront consacr\u00e9s \u00e0 de grands \u00e9v\u00e9nements culturels qui se d\u00e9roulent dans<br \/>\nles Alpes europ\u00e9ennes.<\/p>","protected":false},"excerpt":{"rendered":"<p>La revue conserve l`approche th\u00e9matique qui fait son originalit\u00e9 dans le paysage \u00e9ditorial et qui lui a permis de traiter d\u00e9j\u00e0 plus d`une quarantaine de sujets de fond : transports, habitat, nature, voyages, mus\u00e9es, litt\u00e9rature, peinture, fromages, cartographie, etc. \u00c0 l`occasion des dix ans de L`Alpe, d`aucuns sont all\u00e9s jusqu`\u00e0 \u00e9voquer une ?encyclop\u00e9die Diderot des [&#8230;]\n","protected":false},"featured_media":28495,"template":"","meta":[],"product_brand":[],"product_cat":[21541],"product_tag":[],"class_list":{"0":"post-151199","1":"product","2":"type-product","3":"status-publish","4":"has-post-thumbnail","6":"product_cat-zeitschriften","7":"pa_autor-lalpe","8":"pa_erscheinungsjahr-21693","9":"pa_region-frankreich","10":"pa_sprache-de","12":"first","13":"instock","14":"taxable","15":"shipping-taxable","16":"purchasable","17":"product-type-simple"},"_links":{"self":[{"href":"https:\/\/pizbube.ch\/en\/wp-json\/wp\/v2\/product\/151199","targetHints":{"allow":["GET"]}}],"collection":[{"href":"https:\/\/pizbube.ch\/en\/wp-json\/wp\/v2\/product"}],"about":[{"href":"https:\/\/pizbube.ch\/en\/wp-json\/wp\/v2\/types\/product"}],"wp:featuredmedia":[{"embeddable":true,"href":"https:\/\/pizbube.ch\/en\/wp-json\/wp\/v2\/media\/28495"}],"wp:attachment":[{"href":"https:\/\/pizbube.ch\/en\/wp-json\/wp\/v2\/media?parent=151199"}],"wp:term":[{"taxonomy":"product_brand","embeddable":true,"href":"https:\/\/pizbube.ch\/en\/wp-json\/wp\/v2\/product_brand?post=151199"},{"taxonomy":"product_cat","embeddable":true,"href":"https:\/\/pizbube.ch\/en\/wp-json\/wp\/v2\/product_cat?post=151199"},{"taxonomy":"product_tag","embeddable":true,"href":"https:\/\/pizbube.ch\/en\/wp-json\/wp\/v2\/product_tag?post=151199"}],"curies":[{"name":"wp","href":"https:\/\/api.w.org\/{rel}","templated":true}]}}