{"id":151200,"date":"2021-01-15T11:59:37","date_gmt":"2021-01-15T11:59:37","guid":{"rendered":"https:\/\/codengine3.ch\/?product=import-placeholder-for-204289"},"modified":"2023-07-14T09:53:26","modified_gmt":"2023-07-14T07:53:26","slug":"der-fliegende-berg-tb","status":"publish","type":"product","link":"https:\/\/pizbube.ch\/en\/shop\/der-fliegende-berg-tb\/","title":{"rendered":"Der fliegende Berg"},"content":{"rendered":"<p>Der fliegende Berg ist die Geschichte zweier Br\u00fcder, die von der S\u00fcdwestk\u00fcste<br \/>\nIrlands in den Transhimalaya, nach dem Land Kham und in die Gebirge Osttibets<br \/>\naufbrechen, um dort, wider besseres (durch Satelliten und Computernavigation<br \/>\ngest\u00fctztes) Wissen, einen noch unbestiegenen namenlosen Berg zu suchen,<br \/>\nvielleicht den letzten Wei\u00dfen Fleck der Weltkarte. Auf ihrer Suche begegnen<br \/>\ndie Br\u00fcder nicht nur der archaischen, mit chinesischen Besatzern und den<br \/>\nZw\u00e4ngen der Gegenwart im Krieg liegenden Welt der Nomaden, sondern auf sehr<br \/>\nunterschiedliche Weise auch dem Tod.<\/p>\n<p>Nur einer der beiden kehrt aus den Bergen ans Meer und in ein Leben zur\u00fcck, in<br \/>\ndem er das R\u00e4tsel der Liebe als sein und seines verlorenen Bruders<br \/>\ntats\u00e4chliches, lange verborgenes, niemals ganz zu vermessendes und niemals zu<br \/>\neroberndes Ziel zu begreifen beginnt. Verwandelt von der Erfahrung, ja der<br \/>\nEntdeckung der Wirklichkeit, macht sich der \u00dcberlebende am Ende ein zweites<br \/>\nMal auf den Weg.<\/p>\n<p>359 S.<br \/>\nTaschenbuchausgabe; 8. Auflg. 2007<\/p>","protected":false},"excerpt":{"rendered":"<p>Der fliegende Berg ist die Geschichte zweier Br\u00fcder, die von der S\u00fcdwestk\u00fcste Irlands in den Transhimalaya, nach dem Land Kham und in die Gebirge Osttibets aufbrechen, um dort, wider besseres (durch Satelliten und Computernavigation gest\u00fctztes) Wissen, einen noch unbestiegenen namenlosen Berg zu suchen, vielleicht den letzten Wei\u00dfen Fleck der Weltkarte. Auf ihrer Suche begegnen die [&#8230;]\n","protected":false},"featured_media":32117,"template":"","meta":[],"product_brand":[],"product_cat":[21629],"product_tag":[],"class_list":{"0":"post-151200","1":"product","2":"type-product","3":"status-publish","4":"has-post-thumbnail","6":"product_cat-belletristik","7":"pa_autor-ransmayr","8":"pa_erscheinungsjahr-21842","9":"pa_region-asien","10":"pa_sprache-de","12":"first","13":"instock","14":"taxable","15":"shipping-taxable","16":"purchasable","17":"product-type-simple"},"_links":{"self":[{"href":"https:\/\/pizbube.ch\/en\/wp-json\/wp\/v2\/product\/151200","targetHints":{"allow":["GET"]}}],"collection":[{"href":"https:\/\/pizbube.ch\/en\/wp-json\/wp\/v2\/product"}],"about":[{"href":"https:\/\/pizbube.ch\/en\/wp-json\/wp\/v2\/types\/product"}],"wp:featuredmedia":[{"embeddable":true,"href":"https:\/\/pizbube.ch\/en\/wp-json\/wp\/v2\/media\/32117"}],"wp:attachment":[{"href":"https:\/\/pizbube.ch\/en\/wp-json\/wp\/v2\/media?parent=151200"}],"wp:term":[{"taxonomy":"product_brand","embeddable":true,"href":"https:\/\/pizbube.ch\/en\/wp-json\/wp\/v2\/product_brand?post=151200"},{"taxonomy":"product_cat","embeddable":true,"href":"https:\/\/pizbube.ch\/en\/wp-json\/wp\/v2\/product_cat?post=151200"},{"taxonomy":"product_tag","embeddable":true,"href":"https:\/\/pizbube.ch\/en\/wp-json\/wp\/v2\/product_tag?post=151200"}],"curies":[{"name":"wp","href":"https:\/\/api.w.org\/{rel}","templated":true}]}}