{"id":151201,"date":"2021-01-15T11:59:37","date_gmt":"2021-01-15T11:59:37","guid":{"rendered":"https:\/\/codengine3.ch\/?product=import-placeholder-for-201229"},"modified":"2021-01-15T11:59:41","modified_gmt":"2021-01-15T11:59:41","slug":"l-epopee-des-stations-de-ski","status":"publish","type":"product","link":"https:\/\/pizbube.ch\/en\/shop\/l-epopee-des-stations-de-ski\/","title":{"rendered":"L&#8216; \u00e9pop\u00e9e des stations de ski"},"content":{"rendered":"<p>Des hommes, des d\u00e9fis, un patrimoine unique au monde<\/p>\n<p>Plus de 3 000 remont\u00e9es m\u00e9caniques, une incroyable vari\u00e9t\u00e9 de paysages,<br \/>\nl\u2019\u00e9nergie cr\u00e9atrice de passionn\u00e9s&#8230; les domaines skiables fran\u00e7ais sont<br \/>\nuniques au monde. Voici la grande histoire, r\u00e9solument tourn\u00e9e vers l\u2019avenir,<br \/>\ndes stations de ski fran\u00e7aises.<\/p>\n<p>Stations-villages ou concepts d\u2019architectes avant-gardistes, les stations de<br \/>\nski repr\u00e9sentent chacune une fa\u00e7on singuli\u00e8re d\u2019am\u00e9nager et de vivre la<br \/>\nmontagne. Aujourd\u2019hui, le patrimoine touristique des domaines skiables<br \/>\nfran\u00e7ais est incomparable, tant par la qualit\u00e9 du ski que par l\u2019activit\u00e9<br \/>\n\u00e9conomique qui en d\u00e9coule.<\/p>\n<p>Cet ouvrage, \u00e9dit\u00e9 \u00e0 l\u2019occasion des quatre-vingts ans de Domaines skiables de<br \/>\nFrance, l\u2019association regroupant les op\u00e9rateurs de remont\u00e9es m\u00e9caniques,<br \/>\nraconte la cr\u00e9ation des stations de ski, leur \u00e9cosyst\u00e8me particulier et les<br \/>\nd\u00e9fis \u00e0 relever pour dessiner la montagne de demain. Une \u00e9pop\u00e9e unique au<br \/>\nmonde.  <\/p>","protected":false},"excerpt":{"rendered":"<p>Des hommes, des d\u00e9fis, un patrimoine unique au monde Plus de 3 000 remont\u00e9es m\u00e9caniques, une incroyable vari\u00e9t\u00e9 de paysages, l\u2019\u00e9nergie cr\u00e9atrice de passionn\u00e9s&#8230; les domaines skiables fran\u00e7ais sont uniques au monde. Voici la grande histoire, r\u00e9solument tourn\u00e9e vers l\u2019avenir, des stations de ski fran\u00e7aises. Stations-villages ou concepts d\u2019architectes avant-gardistes, les stations de ski repr\u00e9sentent [&#8230;]\n","protected":false},"featured_media":28488,"template":"","meta":[],"product_brand":[],"product_cat":[21542],"product_tag":[],"class_list":{"0":"post-151201","1":"product","2":"type-product","3":"status-publish","4":"has-post-thumbnail","6":"product_cat-sachbuecher-dokumentationen","7":"pa_autor-desmurs","8":"pa_erscheinungsjahr-21546","9":"pa_region-frankreich","10":"pa_sprache-fr","12":"first","13":"instock","14":"taxable","15":"shipping-taxable","16":"purchasable","17":"product-type-simple"},"_links":{"self":[{"href":"https:\/\/pizbube.ch\/en\/wp-json\/wp\/v2\/product\/151201","targetHints":{"allow":["GET"]}}],"collection":[{"href":"https:\/\/pizbube.ch\/en\/wp-json\/wp\/v2\/product"}],"about":[{"href":"https:\/\/pizbube.ch\/en\/wp-json\/wp\/v2\/types\/product"}],"wp:featuredmedia":[{"embeddable":true,"href":"https:\/\/pizbube.ch\/en\/wp-json\/wp\/v2\/media\/28488"}],"wp:attachment":[{"href":"https:\/\/pizbube.ch\/en\/wp-json\/wp\/v2\/media?parent=151201"}],"wp:term":[{"taxonomy":"product_brand","embeddable":true,"href":"https:\/\/pizbube.ch\/en\/wp-json\/wp\/v2\/product_brand?post=151201"},{"taxonomy":"product_cat","embeddable":true,"href":"https:\/\/pizbube.ch\/en\/wp-json\/wp\/v2\/product_cat?post=151201"},{"taxonomy":"product_tag","embeddable":true,"href":"https:\/\/pizbube.ch\/en\/wp-json\/wp\/v2\/product_tag?post=151201"}],"curies":[{"name":"wp","href":"https:\/\/api.w.org\/{rel}","templated":true}]}}