{"id":151203,"date":"2021-01-15T11:59:37","date_gmt":"2021-01-15T11:59:37","guid":{"rendered":"https:\/\/codengine3.ch\/?product=import-placeholder-for-204998"},"modified":"2021-01-15T14:37:53","modified_gmt":"2021-01-15T14:37:53","slug":"val-masino-val-codera-val-bregaglia","status":"publish","type":"product","link":"https:\/\/pizbube.ch\/en\/shop\/val-masino-val-codera-val-bregaglia\/","title":{"rendered":"VAL MASINO Val Codera Val Bregaglia"},"content":{"rendered":"<p>Die sch\u00f6nsten Wanderungen;<br \/>\nbeschrieben sind \u00fcber 40 Touren in den 3 T\u00e4lern, mit Gipfelbesteigungen und<br \/>\nmehrt\u00e4gigen Trekkingrouten. Mit vielen Hinweisen zu Geschichte, Adressen usw.  <\/p>\n<p>La Val Masino, laterale della Valtellina, \u00e8 una delle valli alpine pi\u00f9 note ad<br \/>\nescursionisti e alpinisti. Le sue bellezze sono eccezionali, merito<br \/>\nsoprattutto delle grandi pareti e guglie granitiche che la cingono, ma anche<br \/>\ndei percorsi escursionistici, primo fra tutti il Sentiero Roma. Ma la Val<br \/>\nMasino racchiude anche il paradiso della Val di Mello, con le sue acque, i sui<br \/>\nprati e boschi, e le grandi placche granitiche note agli arrampicatori di<br \/>\ntutto il mondo.<br \/>\nNella guida sono<br \/>\ndescritti 41 itinerari escursionistici e 3 proposte di trekking.<br \/>\nCartine, fotografie e 10 schede tematiche su peculiarit\u00e0 storico-<br \/>\nnaturalistico-etnografiche completano la guida. Oltre che della Val Masino<br \/>\nnella guida sono incluse la contigua Val Codera e i principali attraversamenti<br \/>\ne rifugi della confinante Bregaglia svizzera.<\/p>","protected":false},"excerpt":{"rendered":"<p>Die sch\u00f6nsten Wanderungen; beschrieben sind \u00fcber 40 Touren in den 3 T\u00e4lern, mit Gipfelbesteigungen und mehrt\u00e4gigen Trekkingrouten. Mit vielen Hinweisen zu Geschichte, Adressen usw. La Val Masino, laterale della Valtellina, \u00e8 una delle valli alpine pi\u00f9 note ad escursionisti e alpinisti. Le sue bellezze sono eccezionali, merito soprattutto delle grandi pareti e guglie granitiche che [&#8230;]\n","protected":false},"featured_media":33572,"template":"","meta":[],"product_brand":[],"product_cat":[21605],"product_tag":[],"class_list":{"0":"post-151203","1":"product","2":"type-product","3":"status-publish","4":"has-post-thumbnail","6":"product_cat-wanderfuehrer-trekking","7":"pa_autor-vannuccini","8":"pa_erscheinungsjahr-21842","9":"pa_region-italien","10":"pa_sprache-de-it","12":"first","13":"outofstock","14":"taxable","15":"shipping-taxable","16":"purchasable","17":"product-type-simple"},"_links":{"self":[{"href":"https:\/\/pizbube.ch\/en\/wp-json\/wp\/v2\/product\/151203","targetHints":{"allow":["GET"]}}],"collection":[{"href":"https:\/\/pizbube.ch\/en\/wp-json\/wp\/v2\/product"}],"about":[{"href":"https:\/\/pizbube.ch\/en\/wp-json\/wp\/v2\/types\/product"}],"wp:featuredmedia":[{"embeddable":true,"href":"https:\/\/pizbube.ch\/en\/wp-json\/wp\/v2\/media\/33572"}],"wp:attachment":[{"href":"https:\/\/pizbube.ch\/en\/wp-json\/wp\/v2\/media?parent=151203"}],"wp:term":[{"taxonomy":"product_brand","embeddable":true,"href":"https:\/\/pizbube.ch\/en\/wp-json\/wp\/v2\/product_brand?post=151203"},{"taxonomy":"product_cat","embeddable":true,"href":"https:\/\/pizbube.ch\/en\/wp-json\/wp\/v2\/product_cat?post=151203"},{"taxonomy":"product_tag","embeddable":true,"href":"https:\/\/pizbube.ch\/en\/wp-json\/wp\/v2\/product_tag?post=151203"}],"curies":[{"name":"wp","href":"https:\/\/api.w.org\/{rel}","templated":true}]}}