{"id":151205,"date":"2021-01-15T11:59:43","date_gmt":"2021-01-15T11:59:43","guid":{"rendered":"https:\/\/codengine3.ch\/?product=import-placeholder-for-207422"},"modified":"2023-07-11T12:45:21","modified_gmt":"2023-07-11T10:45:21","slug":"das-grosse-wanderbuch-glarnerland","status":"publish","type":"product","link":"https:\/\/pizbube.ch\/en\/shop\/das-grosse-wanderbuch-glarnerland\/","title":{"rendered":"Das grosse Wanderbuch Glarnerland"},"content":{"rendered":"<p>Das grosse Wanderbuch durch die Glarner Alpen.<br \/>\nViele Geheimtipps vor den Toren Z\u00fcrichs.<br \/>\nSpannende Hintergrundinformationen zu jeder Wanderung.<\/p>\n<p>Die Glarner Alpen sind eine Welt fernab der grossen Touristenstr\u00f6me. Dieses<br \/>\ngrossformatige Wanderbuch l\u00e4dt uns ein, diese Bergwelt vor den Toren von<br \/>\nZ\u00fcrich zu entdecken. Vierzig ausgew\u00e4hlte Wanderrouten f\u00fchren durch wilde<br \/>\nKarstw\u00fcste, \u00fcber einsame P\u00e4sse, auf aussichtsreiche Gipfel, an glitzernde<br \/>\nBergseen, durch vertr\u00e4umte W\u00e4lder oder auf eine gem\u00fctliche Runde im Tal.<\/p>\n<p>Jede Wanderroute wird nebst praktischen Infos von einem Text begleitet, der<br \/>\neinen Schwerpunkt der Wanderung aufgreift. Mal sind es alte Sagen, mal kleine<br \/>\nReisereportagen, mal Gespr\u00e4che mit Einheimischen &#8211; das Glarnerland ist reich<br \/>\nan Geschichte und Geschichten. Dar\u00fcber hinaus erf\u00e4hrt der Leser und die<br \/>\nLeserin in fundierten Hintergrundtexten Spannendes zur Vergangenheit und<br \/>\nGegenwart des Kulturraums der Glarner Alpen.<\/p>\n<p>Einband: Gebunden; Umfang: 168 Seiten Format: 21 cm x 28 cm; \u00dcber 180 Fabfotos<\/p>","protected":false},"excerpt":{"rendered":"<p>Das grosse Wanderbuch durch die Glarner Alpen. Viele Geheimtipps vor den Toren Z\u00fcrichs. Spannende Hintergrundinformationen zu jeder Wanderung. Die Glarner Alpen sind eine Welt fernab der grossen Touristenstr\u00f6me. Dieses grossformatige Wanderbuch l\u00e4dt uns ein, diese Bergwelt vor den Toren von Z\u00fcrich zu entdecken. Vierzig ausgew\u00e4hlte Wanderrouten f\u00fchren durch wilde Karstw\u00fcste, \u00fcber einsame P\u00e4sse, auf aussichtsreiche [&#8230;]\n","protected":false},"featured_media":37420,"template":"","meta":[],"product_brand":[],"product_cat":[21605],"product_tag":[],"class_list":{"0":"post-151205","1":"product","2":"type-product","3":"status-publish","4":"has-post-thumbnail","6":"product_cat-wanderfuehrer-trekking","7":"pa_autor-fink","8":"pa_erscheinungsjahr-21568","9":"pa_region-schweiz","10":"pa_sprache-de","12":"first","13":"outofstock","14":"taxable","15":"shipping-taxable","16":"purchasable","17":"product-type-simple"},"_links":{"self":[{"href":"https:\/\/pizbube.ch\/en\/wp-json\/wp\/v2\/product\/151205","targetHints":{"allow":["GET"]}}],"collection":[{"href":"https:\/\/pizbube.ch\/en\/wp-json\/wp\/v2\/product"}],"about":[{"href":"https:\/\/pizbube.ch\/en\/wp-json\/wp\/v2\/types\/product"}],"wp:featuredmedia":[{"embeddable":true,"href":"https:\/\/pizbube.ch\/en\/wp-json\/wp\/v2\/media\/37420"}],"wp:attachment":[{"href":"https:\/\/pizbube.ch\/en\/wp-json\/wp\/v2\/media?parent=151205"}],"wp:term":[{"taxonomy":"product_brand","embeddable":true,"href":"https:\/\/pizbube.ch\/en\/wp-json\/wp\/v2\/product_brand?post=151205"},{"taxonomy":"product_cat","embeddable":true,"href":"https:\/\/pizbube.ch\/en\/wp-json\/wp\/v2\/product_cat?post=151205"},{"taxonomy":"product_tag","embeddable":true,"href":"https:\/\/pizbube.ch\/en\/wp-json\/wp\/v2\/product_tag?post=151205"}],"curies":[{"name":"wp","href":"https:\/\/api.w.org\/{rel}","templated":true}]}}